{"id":695257,"date":"2024-08-16T23:17:42","date_gmt":"2024-08-16T20:17:42","guid":{"rendered":"https:\/\/nbg.eu\/product\/trigger-pin-kmr-s-02\/"},"modified":"2026-04-16T17:36:20","modified_gmt":"2026-04-16T14:36:20","slug":"trigger-pin-kmr-s-02","status":"publish","type":"product","link":"https:\/\/nbg.eu\/hu\/termek\/trigger-pin-kmr-s-02\/","title":{"rendered":"KMR Els\u00fct\u0151 Csap S-02"},"content":{"rendered":"<h2>KMR S-02 trigger pin: Prec\u00edzi\u00f3s csap az optim\u00e1lis ravaszt\u00f3 teljes\u00edtm\u00e9ny\u00e9rt<\/h2>\n<p>A KMR S-02 ravaszt\u00f3 csapja prec\u00edzen tervezett alkatr\u00e9sz, amely a ravaszt\u00f3 szerkezet kritikus mechanikus tengely\u00e9t biztos\u00edtja. Edzett szersz\u00e1mac\u00e9lb\u00f3l k\u00e9sz\u00fclt, \u00e9s pontosan illeszkedik az S-02 v\u00e1z m\u00e9reteihez, ami stabilabb ravaszt\u00f3 mozg\u00e1st \u00e9s megb\u00edzhat\u00f3bb, \u00e9lesebb huz\u00e1st eredm\u00e9nyez.<\/p>\n<p>Alacsony s\u00farl\u00f3d\u00e1si fel\u00fclet\u00e9vel \u00e9s nagy ny\u00edr\u00f3szil\u00e1rds\u00e1g\u00e1val a ravaszt\u00f3 csap v\u00e9di az S-02 v\u00e1z bels\u0151 r\u00e9szeit a nagy ig\u00e9nybev\u00e9tel sor\u00e1n, fenntartva a ravaszt\u00f3 mechanizmus integrit\u00e1s\u00e1t a megb\u00edzhat\u00f3 hossz\u00fa t\u00e1v\u00fa teljes\u00edtm\u00e9ny \u00e9rdek\u00e9ben. Ez a precizit\u00e1s \u00e9s r\u00e9szletekre val\u00f3 odafigyel\u00e9s elengedhetetlen a l\u00f6v\u00e9szek sz\u00e1m\u00e1ra, akik a lehet\u0151 legmagasabb ravaszt\u00f3-reaktivit\u00e1st \u00e9s k\u00f6vetkezetess\u00e9get ig\u00e9nylik.<\/p>\n<p>F\u00fcggetlen\u00fcl att\u00f3l, hogy versenyl\u00f6v\u0151, taktikai alkalmaz\u00f3 vagy lelkes hobbista vagy, a KMR S-02 ravaszt\u00f3 csapja testre szabott megold\u00e1st k\u00edn\u00e1l a ravaszt\u00f3 \u00e9lm\u00e9ny jav\u00edt\u00e1s\u00e1ra. N\u00f6veld l\u00f6v\u00e9szeti pontoss\u00e1godat \u00e9s \u00f6nbizalmadat ezzel a gondosan megtervezett alkatr\u00e9sszel, amely t\u00f6k\u00e9letesen illeszkedik az S-02 v\u00e1zhoz, \u00e9s a meg\u00e9rdemelt teljes\u00edtm\u00e9nyt ny\u00fajtja.<\/p>\n","protected":false},"excerpt":{"rendered":"<p>Prec\u00edzi\u00f3s forg\u00e1stengely a KMR S-02 alv\u00e1zon, edzett ac\u00e9l, ultra alacsony s\u00farl\u00f3d\u00e1s.<\/p>\n","protected":false},"featured_media":23757,"template":"","meta":{"_acf_changed":false},"product_brand":[11502],"product_cat":[12917],"product_tag":[],"class_list":{"0":"post-695257","1":"product","2":"type-product","3":"status-publish","4":"has-post-thumbnail","6":"product_brand-kmr-precision","7":"product_cat-kmr-alkatreszek","9":"first","10":"instock","11":"taxable","12":"shipping-taxable","13":"product-type-simple"},"acf":[],"_links":{"self":[{"href":"https:\/\/nbg.eu\/hu\/wp-json\/wp\/v2\/product\/695257","targetHints":{"allow":["GET"]}}],"collection":[{"href":"https:\/\/nbg.eu\/hu\/wp-json\/wp\/v2\/product"}],"about":[{"href":"https:\/\/nbg.eu\/hu\/wp-json\/wp\/v2\/types\/product"}],"wp:featuredmedia":[{"embeddable":true,"href":"https:\/\/nbg.eu\/hu\/wp-json\/wp\/v2\/media\/23757"}],"wp:attachment":[{"href":"https:\/\/nbg.eu\/hu\/wp-json\/wp\/v2\/media?parent=695257"}],"wp:term":[{"taxonomy":"product_brand","embeddable":true,"href":"https:\/\/nbg.eu\/hu\/wp-json\/wp\/v2\/product_brand?post=695257"},{"taxonomy":"product_cat","embeddable":true,"href":"https:\/\/nbg.eu\/hu\/wp-json\/wp\/v2\/product_cat?post=695257"},{"taxonomy":"product_tag","embeddable":true,"href":"https:\/\/nbg.eu\/hu\/wp-json\/wp\/v2\/product_tag?post=695257"}],"curies":[{"name":"wp","href":"https:\/\/api.w.org\/{rel}","templated":true}]}}