{"id":695283,"date":"2024-09-18T20:47:10","date_gmt":"2024-09-18T17:47:10","guid":{"rendered":"https:\/\/nbg.eu\/product\/weaver-r-n-for-benelli-argo\/"},"modified":"2026-05-13T16:03:02","modified_gmt":"2026-05-13T13:03:02","slug":"weaver-r-n-for-benelli-argo","status":"publish","type":"product","link":"https:\/\/nbg.eu\/hu\/termek\/weaver-r-n-for-benelli-argo\/","title":{"rendered":"Weaver R\/N for Benelli ARGO"},"content":{"rendered":"<h2>Weaver s\u00edn a Benelli ARGO-hoz (R\/N): Stabil optika r\u00f6gz\u00edt\u00e9s a Benelli ARGO-hoz<\/h2>\n<p>N\u00f6velje a Benelli ARGO teljes\u00edtm\u00e9ny\u00e9t a Weaver s\u00ednnel a Benelli ARGO-hoz (R\/N). Magas szak\u00edt\u00f3szil\u00e1rds\u00e1g\u00fa ac\u00e9lb\u00f3l k\u00e9sz\u00fclt, \u00e9s Weaver\/Picatinny szabv\u00e1ny\u00fa, hogy stabil, visszar\u00fag\u00e1s-biztos alapot ny\u00fajtson a c\u00e9lt\u00e1vcs\u00f6vek, red dot c\u00e9lz\u00f3k \u00e9s egy\u00e9b optik\u00e1k r\u00f6gz\u00edt\u00e9s\u00e9hez.<\/p>\n<p>A &#8222;R\/N&#8221; (lekerek\u00edtett\/negat\u00edv) \u00edv\u0171 s\u00edn t\u00f6k\u00e9letesen illeszkedik a Benelli ARGO cs\u0151torkolat g\u00f6rb\u00fclet\u00e9hez, \u00edgy 100%-os fel\u00fcleti illeszked\u00e9st biztos\u00edt. Ez a prec\u00edz tervez\u00e9s megakad\u00e1lyozza, hogy a s\u00edn elmozduljon vagy kilazuljon, m\u00e9g nagy kaliberek gyors ism\u00e9tl\u00e9s\u00e9n\u00e9l is.<\/p>\n<p>Matt fekete kivitel\u00e9vel a Weaver s\u00edn a Benelli ARGO (R\/N) eszt\u00e9tik\u00e1j\u00e1ba illeszkedik, mik\u00f6zben a stabilit\u00e1st \u00e9s megb\u00edzhat\u00f3s\u00e1got ny\u00fajtja, amire sz\u00fcks\u00e9ged van a prec\u00edz, hossz\u00fa t\u00e1v\u00fa l\u00f6v\u00e9sekhez. N\u00f6veld a Benelli ARGO teljes\u00edtm\u00e9ny\u00e9t, \u00e9s emeld l\u00f6v\u00e9sz\u00e9lm\u00e9nyedet \u00faj szintre ezzel a min\u0151s\u00e9gi Weaver s\u00ednnel.<\/p>\n","protected":false},"excerpt":{"rendered":"<p>Weaver s\u00edn a Benelli ARGO (R\/N) pusk\u00e1hoz, amely nagy stabilit\u00e1st ny\u00fajt az optikai c\u00e9lz\u00f3rendszer felszerel\u00e9s\u00e9hez.<\/p>\n","protected":false},"featured_media":64708,"template":"","meta":{"_acf_changed":false},"product_brand":[],"product_cat":[12918,14910],"product_tag":[],"class_list":{"0":"post-695283","1":"product","2":"type-product","3":"status-publish","4":"has-post-thumbnail","6":"product_cat-celzas","7":"product_cat-mounts-hu","9":"first","10":"outofstock","11":"taxable","12":"shipping-taxable","13":"purchasable","14":"product-type-simple"},"acf":[],"_links":{"self":[{"href":"https:\/\/nbg.eu\/hu\/wp-json\/wp\/v2\/product\/695283","targetHints":{"allow":["GET"]}}],"collection":[{"href":"https:\/\/nbg.eu\/hu\/wp-json\/wp\/v2\/product"}],"about":[{"href":"https:\/\/nbg.eu\/hu\/wp-json\/wp\/v2\/types\/product"}],"wp:featuredmedia":[{"embeddable":true,"href":"https:\/\/nbg.eu\/hu\/wp-json\/wp\/v2\/media\/64708"}],"wp:attachment":[{"href":"https:\/\/nbg.eu\/hu\/wp-json\/wp\/v2\/media?parent=695283"}],"wp:term":[{"taxonomy":"product_brand","embeddable":true,"href":"https:\/\/nbg.eu\/hu\/wp-json\/wp\/v2\/product_brand?post=695283"},{"taxonomy":"product_cat","embeddable":true,"href":"https:\/\/nbg.eu\/hu\/wp-json\/wp\/v2\/product_cat?post=695283"},{"taxonomy":"product_tag","embeddable":true,"href":"https:\/\/nbg.eu\/hu\/wp-json\/wp\/v2\/product_tag?post=695283"}],"curies":[{"name":"wp","href":"https:\/\/api.w.org\/{rel}","templated":true}]}}