{"id":696304,"date":"2025-12-22T17:18:06","date_gmt":"2025-12-22T14:18:06","guid":{"rendered":"https:\/\/nbg.eu\/product\/atlas-duffel-taska\/"},"modified":"2026-04-15T14:25:23","modified_gmt":"2026-04-15T11:25:23","slug":"atlas-duffel-taska","status":"publish","type":"product","link":"https:\/\/nbg.eu\/hu\/termek\/atlas-duffel-taska\/","title":{"rendered":"Eberlestock Utaz\u00f3t\u00e1ska Atlas"},"content":{"rendered":"<h2>Az Atlas Duffel: T\u00f6k\u00e9letes tart\u00e1s \u00e9s st\u00edlus a felszerel\u00e9sedhez<\/h2>\n<p>Az Atlas Duffel a n\u00e9pszer\u0171 Hercules Duffel kistestv\u00e9re, amely ugyanazt a funkcionalit\u00e1st k\u00edn\u00e1lja, amit az emberek annyira szeretnek. Nagy f\u0151 rekesszel, p\u00e1rn\u00e1zott v\u00e1laszfalakkal, hat k\u00fcls\u0151 cipz\u00e1ras zsebbel \u00e9s egy kem\u00e9ny alj\u00fa als\u00f3 rekesszel ell\u00e1tott, tart\u00f3s duffel t\u00e1ska, amely meg\u0151rzi a felszerel\u00e9sed rendezetts\u00e9g\u00e9t \u00e9s v\u00e9delm\u00e9t.<\/p>\n<p>Z\u00e1rhat\u00f3 YKK biztons\u00e1gi cipz\u00e1rakkal ell\u00e1tva az Atlas Duffel megv\u00e9di a tartoz\u00e9kaidat m\u00e9g a legsz\u00e9ls\u0151s\u00e9gesebb k\u00f6r\u00fclm\u00e9nyek k\u00f6z\u00f6tt is. A mell\u00e9kelt es\u0151v\u00e9d\u0151 tov\u00e1bbi v\u00e9delmet ny\u00fajt, megv\u00e9dve a felszerel\u00e9sed a nedvess\u00e9gt\u0151l \u00e9s a port\u00f3l.<\/p>\n<p>Leny\u0171g\u00f6z\u0151 m\u00e9retekkel b\u00fcszk\u00e9lkedve, 29,5 magass\u00e1g x 16 sz\u00e9less\u00e9g x 16 m\u00e9lys\u00e9g m\u00e9rettel, 5 844 k\u00f6bcentim\u00e9teres \/ 95,77 literes t\u00e9rfogattal \u00e9s 12 font 12 uncia s\u00fallyal az Atlas Duffel b\u0151s\u00e9ges helyet biztos\u00edt a sz\u00fcks\u00e9ges kell\u00e9keid t\u00e1rol\u00e1s\u00e1hoz. A 4 inch m\u00e9ly als\u00f3 rekesz praktikus helyet ny\u00fajt a gyorsan el\u00e9rhet\u0151 t\u00e9telek t\u00e1rol\u00e1s\u00e1hoz.<\/p>\n<p>Kem\u00e9ny alj\u00fa fen\u00e9kkel \u00e9s haszn\u00e1lhat\u00f3 kerekekkel ell\u00e1tva az Atlas Duffel \u00fagy k\u00e9sz\u00fclt, hogy b\u00edrja az utaz\u00e1s viszontags\u00e1gait. Bels\u0151 zsebei \u00e9s testre szabhat\u00f3 t\u00e9p\u0151z\u00e1ras v\u00e1laszfalai lehet\u0151v\u00e9 teszik, hogy a szervez\u00e9st a saj\u00e1t ig\u00e9nyeidhez igaz\u00edtsd, \u00edgy a t\u00f6k\u00e9letes k\u00eds\u00e9r\u0151 lehet a kalandjaidhoz.<\/p>\n","protected":false},"excerpt":{"rendered":"<p>Az Atlas Duffel egy t\u00e1gas \u00e9s sokoldal\u00fa t\u00e1ska, kem\u00e9ny aljjal, p\u00e1rn\u00e1zott v\u00e1laszfalakkal \u00e9s es\u0151v\u00e9d\u0151 bor\u00edt\u00e1ssal minden id\u0151j\u00e1r\u00e1si k\u00f6r\u00fclm\u00e9nyre.<\/p>\n","protected":false},"featured_media":696363,"template":"","meta":{"_acf_changed":false},"product_brand":[15149],"product_cat":[12907],"product_tag":[],"class_list":{"0":"post-696304","1":"product","2":"type-product","3":"status-publish","4":"has-post-thumbnail","6":"product_brand-eberlestock","7":"product_cat-loteri-taskak","9":"first","10":"instock","11":"taxable","12":"shipping-taxable","13":"purchasable","14":"product-type-variable","15":"wvs-archive-product-wrapper"},"acf":[],"_links":{"self":[{"href":"https:\/\/nbg.eu\/hu\/wp-json\/wp\/v2\/product\/696304","targetHints":{"allow":["GET"]}}],"collection":[{"href":"https:\/\/nbg.eu\/hu\/wp-json\/wp\/v2\/product"}],"about":[{"href":"https:\/\/nbg.eu\/hu\/wp-json\/wp\/v2\/types\/product"}],"wp:featuredmedia":[{"embeddable":true,"href":"https:\/\/nbg.eu\/hu\/wp-json\/wp\/v2\/media\/696363"}],"wp:attachment":[{"href":"https:\/\/nbg.eu\/hu\/wp-json\/wp\/v2\/media?parent=696304"}],"wp:term":[{"taxonomy":"product_brand","embeddable":true,"href":"https:\/\/nbg.eu\/hu\/wp-json\/wp\/v2\/product_brand?post=696304"},{"taxonomy":"product_cat","embeddable":true,"href":"https:\/\/nbg.eu\/hu\/wp-json\/wp\/v2\/product_cat?post=696304"},{"taxonomy":"product_tag","embeddable":true,"href":"https:\/\/nbg.eu\/hu\/wp-json\/wp\/v2\/product_tag?post=696304"}],"curies":[{"name":"wp","href":"https:\/\/api.w.org\/{rel}","templated":true}]}}