{"id":696668,"date":"2025-12-22T15:43:37","date_gmt":"2025-12-22T12:43:37","guid":{"rendered":"https:\/\/nbg.eu\/product\/mission-assault-pack-multicam\/"},"modified":"2026-04-15T14:25:38","modified_gmt":"2026-04-15T11:25:38","slug":"mission-assault-pack-multicam","status":"publish","type":"product","link":"https:\/\/nbg.eu\/hu\/termek\/mission-assault-pack-multicam\/","title":{"rendered":"Eberlestock Roham H\u00e1tizs\u00e1k Mission &#8211; Multicam"},"content":{"rendered":"<h2>Mission Rohamzs\u00e1k &#8211; Multicam<\/h2>\n<p>Alapjait\u00f3l kezdve \u00fagy tervezt\u00e9k, hogy j\u00f3l illeszkedjen a k\u00e9szletbe, a Rohamzs\u00e1k a Mission keretrendszerhez kapcsol\u00f3dik, \u00edgy egy \u00e1ramvonalas, tehervisel\u0151 rendszert alkot. Sz\u00e1mos szervez\u00e9si funkci\u00f3val, biztons\u00e1gos \u00e9s \u00e1ll\u00edthat\u00f3 illeszked\u00e9ssel, valamint gyors hozz\u00e1f\u00e9r\u00e9ssel a belsej\u00e9hez, a Rohamzs\u00e1k a c\u00e9lra \u00f6sszpontos\u00edtja a felhaszn\u00e1l\u00f3t. A Mission EMOD rendszeren kereszt\u00fcl tov\u00e1bbi tartoz\u00e9kok \u00e9s funkci\u00f3k hozz\u00e1ad\u00e1s\u00e1nak k\u00e9pess\u00e9ge tov\u00e1bb n\u00f6veli ennek a h\u00e1tizs\u00e1knak a funkcionalit\u00e1s\u00e1t.<\/p>\n<p>A 1 font 12 uncia s\u00faly\u00fa Rohamzs\u00e1k tart\u00f3s 500D ripstop anyagokb\u00f3l k\u00e9sz\u00fclt, \u00e9s b\u0151s\u00e9ges, 2000 k\u00f6binches kapacit\u00e1ssal rendelkezik a l\u00e9tfontoss\u00e1g\u00fa felszerel\u00e9sek elhelyez\u00e9s\u00e9hez.<\/p>\n","protected":false},"excerpt":{"rendered":"<p>Sokoldal\u00fa, modul\u00e1ris rohamazs\u00e1k szervezeti jellemz\u0151kkel \u00e9s EMOD kompatibilit\u00e1ssal.<\/p>\n","protected":false},"featured_media":696691,"template":"","meta":{"_acf_changed":false},"product_brand":[15149],"product_cat":[12911],"product_tag":[],"class_list":{"0":"post-696668","1":"product","2":"type-product","3":"status-publish","4":"has-post-thumbnail","6":"product_brand-eberlestock","7":"product_cat-hatizsakok","9":"first","10":"outofstock","11":"taxable","12":"shipping-taxable","13":"purchasable","14":"product-type-variable","15":"wvs-archive-product-wrapper"},"acf":[],"_links":{"self":[{"href":"https:\/\/nbg.eu\/hu\/wp-json\/wp\/v2\/product\/696668","targetHints":{"allow":["GET"]}}],"collection":[{"href":"https:\/\/nbg.eu\/hu\/wp-json\/wp\/v2\/product"}],"about":[{"href":"https:\/\/nbg.eu\/hu\/wp-json\/wp\/v2\/types\/product"}],"wp:featuredmedia":[{"embeddable":true,"href":"https:\/\/nbg.eu\/hu\/wp-json\/wp\/v2\/media\/696691"}],"wp:attachment":[{"href":"https:\/\/nbg.eu\/hu\/wp-json\/wp\/v2\/media?parent=696668"}],"wp:term":[{"taxonomy":"product_brand","embeddable":true,"href":"https:\/\/nbg.eu\/hu\/wp-json\/wp\/v2\/product_brand?post=696668"},{"taxonomy":"product_cat","embeddable":true,"href":"https:\/\/nbg.eu\/hu\/wp-json\/wp\/v2\/product_cat?post=696668"},{"taxonomy":"product_tag","embeddable":true,"href":"https:\/\/nbg.eu\/hu\/wp-json\/wp\/v2\/product_tag?post=696668"}],"curies":[{"name":"wp","href":"https:\/\/api.w.org\/{rel}","templated":true}]}}