{"id":696854,"date":"2025-12-22T15:47:55","date_gmt":"2025-12-22T12:47:55","guid":{"rendered":"https:\/\/nbg.eu\/product\/mission-arc-multicam-kent\/"},"modified":"2026-04-15T14:25:34","modified_gmt":"2026-04-15T11:25:34","slug":"mission-arc-multicam-kent","status":"publish","type":"product","link":"https:\/\/nbg.eu\/hu\/termek\/mission-arc-multicam-kent\/","title":{"rendered":"Eberlestock Mission ARC &#8211; Multicam"},"content":{"rendered":"<h2>Mission ARC-Multicam: Optim\u00e1lis felszerel\u00e9s-hordoz\u00f3 a m\u0171veleti hat\u00e9konys\u00e1g \u00e9rdek\u00e9ben<\/h2>\n<p>A Mission Adjustable Rifle Carrier (ARC) egy hasznos er\u0151forr\u00e1s olyan szakemberek sz\u00e1m\u00e1ra, akiknek a terepen tov\u00e1bbi eszk\u00f6z\u00f6ket kell sz\u00e1ll\u00edtaniuk. Az ARC n\u00f6veli a m\u0171veleti kapacit\u00e1st, \u00e9s \u00fagy van kialak\u00edtva, hogy egy\u00fcttm\u0171k\u00f6dik a Mission EMOD kerettel \u00e9s a Mission Zipper Extension-nal. A Mission keret h\u00e1tulj\u00e1n tal\u00e1lhat\u00f3 MOLLE p\u00e1ntrendszer r\u00f6gz\u00edt\u00e9s\u00e9vel az ARC prec\u00edzi\u00f3s pusk\u00e1k, AR-t\u00edpus\u00fa platformok sz\u00e1ll\u00edt\u00e1s\u00e1ra szolg\u00e1l, \u00e9s m\u00e1s, a m\u0171velet szempontj\u00e1b\u00f3l l\u00e9tfontoss\u00e1g\u00fa felszerel\u00e9st is sz\u00e1ll\u00edthat.<\/p>\n<p>A sikeres k\u00fcldet\u00e9s a pontos id\u0151z\u00edt\u00e9st\u0151l, a pontoss\u00e1gt\u00f3l \u00e9s a rendelkez\u00e9sre \u00e1ll\u00f3 er\u0151forr\u00e1sok hat\u00e9kony bevet\u00e9s\u00e9t\u0151l f\u00fcgg. Az ARC-t arra tervezt\u00e9k, hogy t\u00e1mogassa a felszerel\u00e9s ig\u00e9nyeit b\u00e1rmilyen k\u00f6rnyezetben. 500D sz\u00f6vettel, \u00e1ll\u00edthat\u00f3 alappal, MOLLE p\u00e1ntrendszerrel, r\u00f6gz\u00edt\u0151sz\u00edjakkal \u00e9s meger\u0151s\u00edtett Hypalon alappal rendelkezik, \u00edgy a Mission ARC-Multicam optimaliz\u00e1lja a felszerel\u00e9sek szervez\u00e9s\u00e9t \u00e9s hozz\u00e1f\u00e9rhet\u0151s\u00e9g\u00e9t a terepen.<\/p>\n<p>M\u00e9retek: 38 cm magas x 7,6 cm sz\u00e9les<\/p>\n","protected":false},"excerpt":{"rendered":"<p>A Mission ARC-Multicam egy funkcion\u00e1lis, \u00e1ll\u00edthat\u00f3 fegyversz\u00e1ll\u00edt\u00f3, amely a Mission EMOD Kerethez r\u00f6gz\u00edthet\u0151, lehet\u0151v\u00e9 t\u00e9ve prec\u00edzi\u00f3s pusk\u00e1k, AR-st\u00edlus\u00fa platformok \u00e9s k\u00fcldet\u00e9s-elengedhetetlen felszerel\u00e9sek sz\u00e1ll\u00edt\u00e1s\u00e1t.<\/p>\n","protected":false},"featured_media":696880,"template":"","meta":{"_acf_changed":false},"product_brand":[15149],"product_cat":[12911],"product_tag":[],"class_list":{"0":"post-696854","1":"product","2":"type-product","3":"status-publish","4":"has-post-thumbnail","6":"product_brand-eberlestock","7":"product_cat-hatizsakok","9":"first","10":"instock","11":"taxable","12":"shipping-taxable","13":"purchasable","14":"product-type-variable","15":"wvs-archive-product-wrapper"},"acf":[],"_links":{"self":[{"href":"https:\/\/nbg.eu\/hu\/wp-json\/wp\/v2\/product\/696854","targetHints":{"allow":["GET"]}}],"collection":[{"href":"https:\/\/nbg.eu\/hu\/wp-json\/wp\/v2\/product"}],"about":[{"href":"https:\/\/nbg.eu\/hu\/wp-json\/wp\/v2\/types\/product"}],"wp:featuredmedia":[{"embeddable":true,"href":"https:\/\/nbg.eu\/hu\/wp-json\/wp\/v2\/media\/696880"}],"wp:attachment":[{"href":"https:\/\/nbg.eu\/hu\/wp-json\/wp\/v2\/media?parent=696854"}],"wp:term":[{"taxonomy":"product_brand","embeddable":true,"href":"https:\/\/nbg.eu\/hu\/wp-json\/wp\/v2\/product_brand?post=696854"},{"taxonomy":"product_cat","embeddable":true,"href":"https:\/\/nbg.eu\/hu\/wp-json\/wp\/v2\/product_cat?post=696854"},{"taxonomy":"product_tag","embeddable":true,"href":"https:\/\/nbg.eu\/hu\/wp-json\/wp\/v2\/product_tag?post=696854"}],"curies":[{"name":"wp","href":"https:\/\/api.w.org\/{rel}","templated":true}]}}