{"id":697083,"date":"2025-12-22T16:18:10","date_gmt":"2025-12-22T13:18:10","guid":{"rendered":"https:\/\/nbg.eu\/product\/kuldetes-cipzar-kiterjesztes-multicam\/"},"modified":"2026-04-15T14:25:30","modified_gmt":"2026-04-15T11:25:30","slug":"kuldetes-cipzar-kiterjesztes-multicam","status":"publish","type":"product","link":"https:\/\/nbg.eu\/hu\/termek\/kuldetes-cipzar-kiterjesztes-multicam\/","title":{"rendered":"Eberlestock Cipz\u00e1r Hosszabb\u00edt\u00f3 Mission EMOD &#8211; Multicam"},"content":{"rendered":"<h2>Mission Cipz\u00e1r B\u0151v\u00edtm\u00e9ny &#8211; Multicam<\/h2>\n<p>A Mission Cipz\u00e1r B\u0151v\u00edtm\u00e9ny \u00f6sszekapcsolja a c\u00e9lt \u00e9s a hasznoss\u00e1got a felhaszn\u00e1l\u00f3 sz\u00e1m\u00e1ra. A Cipz\u00e1r B\u0151v\u00edtm\u00e9ny csatlakozik a Mission EMOD Keret el\u00fcls\u0151 r\u00e9sz\u00e9hez, \u00e9s a Mission ARC-val \u00e9s egy Mission H\u00e1tizs\u00e1kkal egy\u00fctt haszn\u00e1lhat\u00f3 a felszerel\u00e9s kapacit\u00e1s\u00e1nak \u00e9s sokoldal\u00fas\u00e1g\u00e1nak n\u00f6vel\u00e9s\u00e9re. A MOLLE hevederrendszer \u00e9s a dupla r\u00e9teg\u0171 500D lamin\u00e1lt szerkezet biztos\u00edtja az \u00d6nnek sz\u00fcks\u00e9ges funkci\u00f3kat a hat\u00e9kony k\u00e1belkezel\u00e9shez, antenn\u00e1k elvezet\u00e9s\u00e9hez \u00e9s k\u00f6tszerek r\u00f6gz\u00edt\u00e9s\u00e9hez. A Mission Cipz\u00e1r B\u0151v\u00edtm\u00e9ny alapvet\u0151 tartoz\u00e9k a teljes\u00edtm\u00e9ny fokoz\u00e1s\u00e1hoz terepen.<\/p>\n<h2>M\u00e9retek<\/h2>\n<p>M\u00e9retek: 38 cm x 7,6 cm<\/p>\n<h2>Jellemz\u0151k<\/h2>\n<ul>\n<li>500D anyag<\/li>\n<li>YKK cipz\u00e1rak<\/li>\n<li>Dupla r\u00e9teg\u0171 lamin\u00e1lt<\/li>\n<\/ul>\n","protected":false},"excerpt":{"rendered":"<p>A Mission Zipper Extension-Multicam n\u00f6veli a felszerel\u00e9s kapacit\u00e1s\u00e1t MOLLE hevederrendszerrel \u00e9s 500D lamin\u00e1lt szerkezettel a k\u00e1belkezel\u00e9s \u00e9s az antenna vezet\u00e9se \u00e9rdek\u00e9ben.<\/p>\n","protected":false},"featured_media":697109,"template":"","meta":{"_acf_changed":false},"product_brand":[15149],"product_cat":[12911],"product_tag":[],"class_list":{"0":"post-697083","1":"product","2":"type-product","3":"status-publish","4":"has-post-thumbnail","6":"product_brand-eberlestock","7":"product_cat-hatizsakok","9":"first","10":"instock","11":"taxable","12":"shipping-taxable","13":"purchasable","14":"product-type-variable","15":"wvs-archive-product-wrapper"},"acf":[],"_links":{"self":[{"href":"https:\/\/nbg.eu\/hu\/wp-json\/wp\/v2\/product\/697083","targetHints":{"allow":["GET"]}}],"collection":[{"href":"https:\/\/nbg.eu\/hu\/wp-json\/wp\/v2\/product"}],"about":[{"href":"https:\/\/nbg.eu\/hu\/wp-json\/wp\/v2\/types\/product"}],"wp:featuredmedia":[{"embeddable":true,"href":"https:\/\/nbg.eu\/hu\/wp-json\/wp\/v2\/media\/697109"}],"wp:attachment":[{"href":"https:\/\/nbg.eu\/hu\/wp-json\/wp\/v2\/media?parent=697083"}],"wp:term":[{"taxonomy":"product_brand","embeddable":true,"href":"https:\/\/nbg.eu\/hu\/wp-json\/wp\/v2\/product_brand?post=697083"},{"taxonomy":"product_cat","embeddable":true,"href":"https:\/\/nbg.eu\/hu\/wp-json\/wp\/v2\/product_cat?post=697083"},{"taxonomy":"product_tag","embeddable":true,"href":"https:\/\/nbg.eu\/hu\/wp-json\/wp\/v2\/product_tag?post=697083"}],"curies":[{"name":"wp","href":"https:\/\/api.w.org\/{rel}","templated":true}]}}