{"id":697209,"date":"2025-12-22T16:34:07","date_gmt":"2025-12-22T13:34:07","guid":{"rendered":"https:\/\/nbg.eu\/product\/kuldetes-keret-emod-multicam\/"},"modified":"2026-04-15T14:25:26","modified_gmt":"2026-04-15T11:25:26","slug":"kuldetes-keret-emod-multicam","status":"publish","type":"product","link":"https:\/\/nbg.eu\/hu\/termek\/kuldetes-keret-emod-multicam\/","title":{"rendered":"Eberlestock V\u00e1z Mission EMOD &#8211; Multicam"},"content":{"rendered":"<h2>K\u00fcldet\u00e9s Keret- EMOD -Multicam<\/h2>\n<p>A K\u00fcldet\u00e9s EMOD alapja, a K\u00fcldet\u00e9s Keret, egy robusztus, modul\u00e1ris \u00e9s kompakt kiindul\u00e1si pontot biztos\u00edt az \u00faj felszerel\u00e9sedhez. A minden egyes hader\u0151nem k\u00fcl\u00f6nleges m\u0171veleti alakulataib\u00f3l \u00e9rkez\u0151 SOF Oper\u00e1torokkal k\u00f6z\u00f6sen v\u00e9gzett sz\u00e1mtalan tesztnek \u00e9s fejleszt\u00e9snek k\u00f6sz\u00f6nhet\u0151en ezt a keretet \u00fagy tervezt\u00e9k, hogy z\u00f6kken\u0151mentesen illeszkedjen \u00e9s m\u0171k\u00f6dj\u00f6n egy\u00fctt a felszerel\u00e9seddel, ak\u00e1r a tested r\u00e9sz\u00e9t k\u00e9pezi, ak\u00e1r nem.<\/p>\n<p>M\u00e9retek: 2 LB 15 OZ<\/p>\n","protected":false},"excerpt":{"rendered":"<p>A Mission Frame- EMOD -Multicam: egy er\u0151s, modul\u00e1ris \u00e9s kompakt kiindul\u00e1si pont a felszerel\u00e9sedhez, speci\u00e1lis m\u0171veleti er\u0151k sz\u00e1m\u00e1ra tervezve.<\/p>\n","protected":false},"featured_media":697344,"template":"","meta":{"_acf_changed":false},"product_brand":[15149],"product_cat":[12911],"product_tag":[],"class_list":{"0":"post-697209","1":"product","2":"type-product","3":"status-publish","4":"has-post-thumbnail","6":"product_brand-eberlestock","7":"product_cat-hatizsakok","9":"first","10":"instock","11":"taxable","12":"shipping-taxable","13":"purchasable","14":"product-type-variable","15":"wvs-archive-product-wrapper"},"acf":[],"_links":{"self":[{"href":"https:\/\/nbg.eu\/hu\/wp-json\/wp\/v2\/product\/697209","targetHints":{"allow":["GET"]}}],"collection":[{"href":"https:\/\/nbg.eu\/hu\/wp-json\/wp\/v2\/product"}],"about":[{"href":"https:\/\/nbg.eu\/hu\/wp-json\/wp\/v2\/types\/product"}],"wp:featuredmedia":[{"embeddable":true,"href":"https:\/\/nbg.eu\/hu\/wp-json\/wp\/v2\/media\/697344"}],"wp:attachment":[{"href":"https:\/\/nbg.eu\/hu\/wp-json\/wp\/v2\/media?parent=697209"}],"wp:term":[{"taxonomy":"product_brand","embeddable":true,"href":"https:\/\/nbg.eu\/hu\/wp-json\/wp\/v2\/product_brand?post=697209"},{"taxonomy":"product_cat","embeddable":true,"href":"https:\/\/nbg.eu\/hu\/wp-json\/wp\/v2\/product_cat?post=697209"},{"taxonomy":"product_tag","embeddable":true,"href":"https:\/\/nbg.eu\/hu\/wp-json\/wp\/v2\/product_tag?post=697209"}],"curies":[{"name":"wp","href":"https:\/\/api.w.org\/{rel}","templated":true}]}}