{"id":697538,"date":"2025-12-22T17:34:47","date_gmt":"2025-12-22T14:34:47","guid":{"rendered":"https:\/\/nbg.eu\/product\/lovedektaska\/"},"modified":"2026-04-15T14:25:19","modified_gmt":"2026-04-15T11:25:19","slug":"lovedektaska","status":"publish","type":"product","link":"https:\/\/nbg.eu\/hu\/termek\/lovedektaska\/","title":{"rendered":"Eberlestock L\u0151t\u00e9ri T\u00e1ska Bang-Bang"},"content":{"rendered":"<h2>Bang-Bang L\u0151t\u00e9r t\u00e1ska<\/h2>\n<p>A Bang Bang\u2122 t\u00e1sk\u00e1t kompakt l\u0151t\u00e9ri t\u00e1sk\u00e1nak tervezt\u00e9k, hogy minden l\u00e9nyeges felszerel\u00e9s\u00e9t mag\u00e1val tudja vinni \u00e9s megv\u00e9dje a k\u00fcls\u0151 hat\u00e1sokt\u00f3l. A polikarbon\u00e1t alap megv\u00e9di a t\u00e1sk\u00e1t a nedves talajt\u00f3l, k\u00f6vekt\u0151l, t\u00f6rmel\u00e9kekt\u0151l \u00e9s a l\u0151t\u00e9ri port\u00f3l.<\/p>\n<p>A f\u0151 rekeszben \u00e1ll\u00edthat\u00f3, p\u00e1rn\u00e1zott elv\u00e1laszt\u00f3k vannak, hogy a gy\u00f3gy\u00e1szati eszk\u00f6z\u00f6ket, szersz\u00e1mokat, f\u00e9nyk\u00e9pez\u0151g\u00e9p-felszerel\u00e9seket \u00e9s a l\u0151t\u00e9ri felszerel\u00e9st biztons\u00e1gosan \u00e9s rendezetten tudja t\u00e1rolni. Az als\u00f3 rekesz t\u00f6k\u00e9letes a pisztolyok, szersz\u00e1mok vagy ak\u00e1r egy kompakt karab\u00e9ly sz\u00e1m\u00e1ra.<\/p>\n<h2>M\u00e9retek<\/h2>\n<p>T\u00e9rfogat: 2062,5 k\u00f6bh\u00fcvelyk \/ 33,80 liter<br \/>\nS\u00faly: 4 font<br \/>\nM\u00e9retek: 10,25H x 21SZ x 10M<br \/>\nAls\u00f3 rekesz m\u00e9retei: 21,5&#8243; H x 9,5&#8243; SZ x 2&#8243; M<\/p>\n<h2>Jellemz\u0151k<\/h2>\n<ul>\n<li>Polikarbon\u00e1t aljzat<\/li>\n<li>P\u00e1rn\u00e1zott, konfigur\u00e1lhat\u00f3 f\u0151 rekesz<\/li>\n<li>\u00c1ll\u00edthat\u00f3 v\u00e1llheveder<\/li>\n<li>Egyedi szervez\u00e9si oszt\u00e1lyoz\u00f3k<\/li>\n<li>Als\u00f3 rekesz biztons\u00e1gos t\u00e1rol\u00e1shoz<\/li>\n<\/ul>\n","protected":false},"excerpt":{"rendered":"<p>A Bang-Bang Range Bag egy kompakt, tart\u00f3s t\u00e1ska polikarbon\u00e1t alappal \u00e9s konfigur\u00e1lhat\u00f3 bels\u0151vel, hogy megv\u00e9dje a fontos felszerel\u00e9seidet.<\/p>\n","protected":false},"featured_media":697571,"template":"","meta":{"_acf_changed":false},"product_brand":[15149],"product_cat":[12907],"product_tag":[],"class_list":{"0":"post-697538","1":"product","2":"type-product","3":"status-publish","4":"has-post-thumbnail","6":"product_brand-eberlestock","7":"product_cat-loteri-taskak","9":"first","10":"instock","11":"taxable","12":"shipping-taxable","13":"purchasable","14":"product-type-variable","15":"wvs-archive-product-wrapper"},"acf":[],"_links":{"self":[{"href":"https:\/\/nbg.eu\/hu\/wp-json\/wp\/v2\/product\/697538","targetHints":{"allow":["GET"]}}],"collection":[{"href":"https:\/\/nbg.eu\/hu\/wp-json\/wp\/v2\/product"}],"about":[{"href":"https:\/\/nbg.eu\/hu\/wp-json\/wp\/v2\/types\/product"}],"wp:featuredmedia":[{"embeddable":true,"href":"https:\/\/nbg.eu\/hu\/wp-json\/wp\/v2\/media\/697571"}],"wp:attachment":[{"href":"https:\/\/nbg.eu\/hu\/wp-json\/wp\/v2\/media?parent=697538"}],"wp:term":[{"taxonomy":"product_brand","embeddable":true,"href":"https:\/\/nbg.eu\/hu\/wp-json\/wp\/v2\/product_brand?post=697538"},{"taxonomy":"product_cat","embeddable":true,"href":"https:\/\/nbg.eu\/hu\/wp-json\/wp\/v2\/product_cat?post=697538"},{"taxonomy":"product_tag","embeddable":true,"href":"https:\/\/nbg.eu\/hu\/wp-json\/wp\/v2\/product_tag?post=697538"}],"curies":[{"name":"wp","href":"https:\/\/api.w.org\/{rel}","templated":true}]}}