{"id":697983,"date":"2025-12-22T17:41:31","date_gmt":"2025-12-22T14:41:31","guid":{"rendered":"https:\/\/nbg.eu\/product\/upranger-csomag\/"},"modified":"2026-01-07T13:14:45","modified_gmt":"2026-01-07T10:14:45","slug":"upranger-csomag","status":"publish","type":"product","link":"https:\/\/nbg.eu\/hu\/termek\/upranger-csomag\/","title":{"rendered":"UpRanger csomag"},"content":{"rendered":"<h2>UpRanger csomag: V\u00e1ltoztasd meg 3-fegyveres \u00e9s k\u00fclt\u00e9ri felszerel\u00e9s-sz\u00e1ll\u00edt\u00e1s m\u00f3dj\u00e1t<\/h2>\n<p>A bajnok 3-fegyveres ig\u00e9nyei alapj\u00e1n tervezett UpRanger\u2122 csomag forradalmian \u00faj megold\u00e1st k\u00edn\u00e1l. A tart\u00f3s polikarbon\u00e1t k\u00fcls\u0151 burkolatnak k\u00f6sz\u00f6nhet\u0151en a csomag az erre kialak\u00edtott oldalr\u00f3l k\u00f6nnyen kinyithat\u00f3, \u00edgy gyorsan hozz\u00e1f\u00e9rhetsz a felszerel\u00e9sedhez, an\u00e9lk\u00fcl, hogy elhaszn\u00e1l\u00f3d\u00e1s vagy szennyez\u0151d\u00e9s \u00e9rn\u00e9. Ak\u00e1r a l\u0151t\u00e9rre, ak\u00e1r egy robusztus f\u00e9nyk\u00e9pez\u0151g\u00e9p-t\u00e1sk\u00e1nak, ak\u00e1r m\u00e1s k\u00fclt\u00e9ri tev\u00e9kenys\u00e9ghez haszn\u00e1lod, az UpRanger rendelkezik a sz\u00fcks\u00e9ges kapacit\u00e1ssal \u00e9s funkci\u00f3val, hogy megbirk\u00f3zzon vele.<\/p>\n<p>A t\u00e1gas, 3260 k\u00f6binches (53,4 liter) t\u00e9rfogattal \u00e9s mind\u00f6ssze 6,45 fontos s\u00fallyal az UpRanger egy rendk\u00edv\u00fcl k\u00e9pes, m\u00e9gis k\u00f6nny\u0171 h\u00e1tizs\u00e1k. P\u00e1rn\u00e1zott, \u00e1ll\u00edthat\u00f3 v\u00e1llp\u00e1ntja k\u00e9nyelmes viseletet biztos\u00edt, m\u00edg a konfigur\u00e1lhat\u00f3 oszt\u00f3falak lehet\u0151v\u00e9 teszik a bels\u0151 elrendez\u00e9s szem\u00e9lyre szab\u00e1s\u00e1t, hogy megfeleljen egyedi ig\u00e9nyeidnek. Tov\u00e1bbi v\u00e9delemk\u00e9nt a t\u00e1ska kompatibilis a Nagym\u00e9ret\u0171 Visszaford\u00edthat\u00f3 Es\u0151v\u00e9d\u0151vel, hogy felszerel\u00e9sed sz\u00e1razon maradjon rossz id\u0151ben.<\/p>\n<p>A t\u00f6k\u00e9letes 3-fegyveres be\u00e1ll\u00edt\u00e1shoz p\u00e1ros\u00edtsd az UpRangert a Sidewinder fegyvertokjainkkal, hogy egy komplett megold\u00e1st kapj, ami biztons\u00e1gosan \u00e9s k\u00f6nnyen hozz\u00e1f\u00e9rhet\u0151en t\u00e1rolja fegyvereidet. A levehet\u0151 oldals\u00f3 sz\u00e1rnyak tov\u00e1bbi rugalmass\u00e1got biztos\u00edtanak, \u00edgy a csomagot a saj\u00e1t egyedi k\u00f6vetelm\u00e9nyeidhez tudod igaz\u00edtani.<\/p>\n<p>Emeld k\u00fclt\u00e9ri felszerel\u00e9s-menedzsel\u00e9sedet \u00faj szintre az innovat\u00edv UpRanger csomaggal, ami egyszer\u0171s\u00edti tev\u00e9kenys\u00e9geidet, \u00e9s rendezett, v\u00e9dett \u00e1llapotban tartja alapvet\u0151 felszerel\u00e9seidet.<\/p>\n","protected":false},"excerpt":{"rendered":"<p>Sokoldal\u00fa 3-Gun t\u00e1ska polisz\u00e9n alappal a gyors, piszkokt\u00f3l mentes hozz\u00e1f\u00e9r\u00e9shez.<\/p>\n","protected":false},"featured_media":696435,"template":"","meta":{"_acf_changed":false},"product_brand":[15149],"product_cat":[12911],"product_tag":[],"class_list":{"0":"post-697983","1":"product","2":"type-product","3":"status-publish","4":"has-post-thumbnail","6":"product_brand-eberlestock","7":"product_cat-hatizsakok","9":"first","10":"instock","11":"taxable","12":"shipping-taxable","13":"purchasable","14":"product-type-variable","15":"wvs-archive-product-wrapper"},"acf":[],"_links":{"self":[{"href":"https:\/\/nbg.eu\/hu\/wp-json\/wp\/v2\/product\/697983","targetHints":{"allow":["GET"]}}],"collection":[{"href":"https:\/\/nbg.eu\/hu\/wp-json\/wp\/v2\/product"}],"about":[{"href":"https:\/\/nbg.eu\/hu\/wp-json\/wp\/v2\/types\/product"}],"wp:featuredmedia":[{"embeddable":true,"href":"https:\/\/nbg.eu\/hu\/wp-json\/wp\/v2\/media\/696435"}],"wp:attachment":[{"href":"https:\/\/nbg.eu\/hu\/wp-json\/wp\/v2\/media?parent=697983"}],"wp:term":[{"taxonomy":"product_brand","embeddable":true,"href":"https:\/\/nbg.eu\/hu\/wp-json\/wp\/v2\/product_brand?post=697983"},{"taxonomy":"product_cat","embeddable":true,"href":"https:\/\/nbg.eu\/hu\/wp-json\/wp\/v2\/product_cat?post=697983"},{"taxonomy":"product_tag","embeddable":true,"href":"https:\/\/nbg.eu\/hu\/wp-json\/wp\/v2\/product_tag?post=697983"}],"curies":[{"name":"wp","href":"https:\/\/api.w.org\/{rel}","templated":true}]}}