{"id":698317,"date":"2025-12-22T17:45:44","date_gmt":"2025-12-22T14:45:44","guid":{"rendered":"https:\/\/nbg.eu\/product\/fold-szundi-lovotalp\/"},"modified":"2026-04-15T14:25:16","modified_gmt":"2026-04-15T11:25:16","slug":"fold-szundi-lovotalp","status":"publish","type":"product","link":"https:\/\/nbg.eu\/hu\/termek\/fold-szundi-lovotalp\/","title":{"rendered":"Eberlestock L\u00f6v\u00e9sz Sz\u0151nyeg Dirt Nap"},"content":{"rendered":"<h2>Dirt Nap L\u0151mez\u0151: Optimaliz\u00e1lva a fekv\u0151 l\u00f6v\u00e9szet k\u00e9nyelme \u00e9s praktikuss\u00e1ga \u00e9rdek\u00e9ben<\/h2>\n<p>A Dirt Nap L\u0151mez\u0151 szak\u00e9rt\u0151i tervez\u00e9s \u00e9s a fekv\u0151 l\u00f6v\u00e9szeti poz\u00edci\u00f3 priorit\u00e1sa alapj\u00e1n k\u00e9sz\u00fclt. Kiv\u00e1l\u00f3 k\u00e9nyelmet \u00e9s gyakorlatiass\u00e1got biztos\u00edt a kir\u00e1ndul\u00e1sokon, \u00edgy elengedhetetlen kieg\u00e9sz\u00edt\u0151je a l\u0151t\u00e9ri felszerel\u00e9snek.<\/p>\n<p>A Dirt Nap egyenk\u00e9nt p\u00e1rn\u00e1zott cell\u00e1kkal rendelkezik, ami term\u00e9szetes r\u00e1ncokat k\u00e9pez, lehet\u0151v\u00e9 t\u00e9ve a k\u00f6nnyed \u00f6sszehajt\u00e1st \u00e9s a kompakt t\u00e1rol\u00e1st. A fels\u0151 r\u00e9sz teljes p\u00e1rn\u00e1z\u00e1ssal \u00e9s a h\u00e1ts\u00f3 r\u00e9sz k\u00f6zep\u00e9re is kiterjedve maxim\u00e1lis k\u00e9nyelmet biztos\u00edt pontosan ott, ahol a legnagyobb sz\u00fcks\u00e9g van r\u00e1.<\/p>\n<p>A 94&#8243; hossz\u00fas\u00e1g\u00fa \u00e9s 34&#8243; sz\u00e9less\u00e9g\u0171 Dirt Nap L\u0151mez\u0151 12&#8243; x 17&#8243;-re hajthat\u00f3 \u00f6ssze, \u00e9s mind\u00f6ssze 4 font 13 unci\u00e1t nyom. 600D PVC bevonat\u00fa nejlon szerkezete, PVC bevonat\u00fa aljzata \u00e9s praktikus hordfoganty\u00faja tart\u00f3s \u00e9s praktikus v\u00e1laszt\u00e1st jelent minden l\u00f6v\u00e9sz sz\u00e1m\u00e1ra.<\/p>\n<p>A 20 mm-es sz\u00edjjal \u00e9s csattal ell\u00e1tott t\u00e1rol\u00f3lapja gondoskodik a Dirt Nap biztons\u00e1gos r\u00f6gz\u00edt\u00e9s\u00e9r\u0151l, m\u00edg a gondos tervez\u00e9si jellemz\u0151i elengedhetetlen felszerel\u00e9s\u00e9v\u00e9 teszik a k\u00f6vetkez\u0151 l\u0151t\u00e9ri napnak.<\/p>\n","protected":false},"excerpt":{"rendered":"<p>A Dirt Nap l\u00f6v\u0151sz\u0151nyeg &#8211; szak\u00e9rt\u0151i m\u00f3don tervezt\u00e9k a fekv\u0151 l\u00f6v\u00e9shez, kiv\u00e1l\u00f3 k\u00e9nyelmet \u00e9s praktikumot ny\u00fajt.<\/p>\n","protected":false},"featured_media":698530,"template":"","meta":{"_acf_changed":false},"product_brand":[15149],"product_cat":[12975],"product_tag":[],"class_list":{"0":"post-698317","1":"product","2":"type-product","3":"status-publish","4":"has-post-thumbnail","6":"product_brand-eberlestock","7":"product_cat-felszereles","9":"first","10":"instock","11":"taxable","12":"shipping-taxable","13":"purchasable","14":"product-type-variable","15":"wvs-archive-product-wrapper"},"acf":[],"_links":{"self":[{"href":"https:\/\/nbg.eu\/hu\/wp-json\/wp\/v2\/product\/698317","targetHints":{"allow":["GET"]}}],"collection":[{"href":"https:\/\/nbg.eu\/hu\/wp-json\/wp\/v2\/product"}],"about":[{"href":"https:\/\/nbg.eu\/hu\/wp-json\/wp\/v2\/types\/product"}],"wp:featuredmedia":[{"embeddable":true,"href":"https:\/\/nbg.eu\/hu\/wp-json\/wp\/v2\/media\/698530"}],"wp:attachment":[{"href":"https:\/\/nbg.eu\/hu\/wp-json\/wp\/v2\/media?parent=698317"}],"wp:term":[{"taxonomy":"product_brand","embeddable":true,"href":"https:\/\/nbg.eu\/hu\/wp-json\/wp\/v2\/product_brand?post=698317"},{"taxonomy":"product_cat","embeddable":true,"href":"https:\/\/nbg.eu\/hu\/wp-json\/wp\/v2\/product_cat?post=698317"},{"taxonomy":"product_tag","embeddable":true,"href":"https:\/\/nbg.eu\/hu\/wp-json\/wp\/v2\/product_tag?post=698317"}],"curies":[{"name":"wp","href":"https:\/\/api.w.org\/{rel}","templated":true}]}}