{"id":698722,"date":"2025-12-22T17:51:28","date_gmt":"2025-12-22T14:51:28","guid":{"rendered":"https:\/\/nbg.eu\/product\/lodrag-ii-csomag\/"},"modified":"2026-04-15T14:25:12","modified_gmt":"2026-04-15T11:25:12","slug":"lodrag-ii-csomag","status":"publish","type":"product","link":"https:\/\/nbg.eu\/hu\/termek\/lodrag-ii-csomag\/","title":{"rendered":"Eberlestock H\u00e1tizs\u00e1k LoDrag II"},"content":{"rendered":"<h2>X31 LoDrag II\u2122 Taktikai H\u00e1tizs\u00e1k<\/h2>\n<p>\u00dagy tervezt\u00e9k, hogy rendk\u00edv\u00fcl funkcion\u00e1lis, k\u00f6nny\u0171 taktikai h\u00e1tizs\u00e1k legyen, \u00e9s tartalmazzon egy taktikai fegyverm\u00e9ret\u0171 tokot. Az X31 LoDrag II\u2122 az \u00e9les l\u00f6v\u00e9szet vil\u00e1g\u00e1nak egyik alapvet\u0151 kell\u00e9ke. A f\u0151 rekeszben a LoDrag II egy \u00f6sszehajthat\u00f3 polccal rendelkezik, hogy elk\u00fcl\u00f6n\u00edtse a fels\u0151 \u00e9s az als\u00f3 terhel\u00e9si teret, valamint egy 2 literes \u00e9s 3 literes hidrat\u00e1ci\u00f3s rendszerhez val\u00f3 tart\u00f3val. Az oldals\u00f3 kompresszi\u00f3s sz\u00edjak HD 25 mm-es csatokkal rendelkeznek a gyors kiold\u00e1shoz, p\u00e9ld\u00e1ul a h\u00e1tizs\u00e1khoz r\u00f6gz\u00edtett h\u00e1roml\u00e1b\u00fa \u00e1llv\u00e1nyok eset\u00e9ben.<\/p>\n<h2>M\u00e9retek<\/h2>\n<p>T\u00e9rfogat: 2290 c.i. \/ 37,5 L<br \/>\nT\u00f6meg: 6,85 font<br \/>\nM\u00e9retek: 22,5 H x 11 Sz x 11,75 M<br \/>\nTaktikai fegyvertok m\u00e9retei: 34&#8243; H x 10&#8243; Sz x 3 M<\/p>\n<h2>Jellemz\u0151k<\/h2>\n<ul>\n<li>Taktikai fegyvertok<\/li>\n<li>\u00d6sszehajthat\u00f3 polc a fels\u0151 \u00e9s az als\u00f3 terhel\u00e9si t\u00e9r elk\u00fcl\u00f6n\u00edt\u00e9s\u00e9re<\/li>\n<li>Mell\u00e9kelt es\u0151v\u00e9d\u0151<\/li>\n<li>Hidrat\u00e1ci\u00f3s tart\u00f3<\/li>\n<\/ul>\n","protected":false},"excerpt":{"rendered":"<p>K\u00f6nny\u0171 taktikai h\u00e1tizs\u00e1k fegyver m\u00e9ret\u0171 tok, elrejthet\u0151 polc \u00e9s hidrat\u00e1l\u00f3 tok.<\/p>\n","protected":false},"featured_media":698770,"template":"","meta":{"_acf_changed":false},"product_brand":[15149],"product_cat":[12911],"product_tag":[],"class_list":{"0":"post-698722","1":"product","2":"type-product","3":"status-publish","4":"has-post-thumbnail","6":"product_brand-eberlestock","7":"product_cat-hatizsakok","9":"first","10":"instock","11":"taxable","12":"shipping-taxable","13":"purchasable","14":"product-type-variable","15":"wvs-archive-product-wrapper"},"acf":[],"_links":{"self":[{"href":"https:\/\/nbg.eu\/hu\/wp-json\/wp\/v2\/product\/698722","targetHints":{"allow":["GET"]}}],"collection":[{"href":"https:\/\/nbg.eu\/hu\/wp-json\/wp\/v2\/product"}],"about":[{"href":"https:\/\/nbg.eu\/hu\/wp-json\/wp\/v2\/types\/product"}],"wp:featuredmedia":[{"embeddable":true,"href":"https:\/\/nbg.eu\/hu\/wp-json\/wp\/v2\/media\/698770"}],"wp:attachment":[{"href":"https:\/\/nbg.eu\/hu\/wp-json\/wp\/v2\/media?parent=698722"}],"wp:term":[{"taxonomy":"product_brand","embeddable":true,"href":"https:\/\/nbg.eu\/hu\/wp-json\/wp\/v2\/product_brand?post=698722"},{"taxonomy":"product_cat","embeddable":true,"href":"https:\/\/nbg.eu\/hu\/wp-json\/wp\/v2\/product_cat?post=698722"},{"taxonomy":"product_tag","embeddable":true,"href":"https:\/\/nbg.eu\/hu\/wp-json\/wp\/v2\/product_tag?post=698722"}],"curies":[{"name":"wp","href":"https:\/\/api.w.org\/{rel}","templated":true}]}}