{"id":699100,"date":"2025-12-22T17:57:48","date_gmt":"2025-12-22T14:57:48","guid":{"rendered":"https:\/\/nbg.eu\/product\/revolverhos-ii-csomag\/"},"modified":"2026-04-15T14:25:09","modified_gmt":"2026-04-15T11:25:09","slug":"revolverhos-ii-csomag","status":"publish","type":"product","link":"https:\/\/nbg.eu\/hu\/termek\/revolverhos-ii-csomag\/","title":{"rendered":"Eberlestock H\u00e1tizs\u00e1k G2 Gunslinger II"},"content":{"rendered":"<h2>Gunslinger II\u2122 taktikai csomag<\/h2>\n<p>A Gunslinger II\u2122 egy k\u00f6zepes m\u00e9ret\u0171 taktikai csomag, teljes sz\u00e9less\u00e9g\u0171 h\u00fcvellyel, amely jobban alkalmazkodik a nagyobb keresztmetszet\u0171 vagy terjedelmes optik\u00e1kkal rendelkez\u0151 fegyverekhez. A sz\u00e9les h\u00fcvely arra is alkalmas, hogy kiv\u00e1l\u00f3 laptop- vagy katonai r\u00e1di\u00f3-rekeszk\u00e9nt szolg\u00e1ljon. M\u00e9g akkor is, ha a h\u00fcvely felhajtott, a legt\u00f6bb r\u00f6vid cs\u00f6v\u0171 pusk\u00e1t t\u00f6k\u00e9letesen illeszkedik. A Gunslinger II 2100 k\u00f6bcoll \u0171rtartalommal rendelkezik, \u00e9s szabv\u00e1nyosan az Intex-II\u2122 tart\u00f3keretrendszer, teljesen \u00e1ll\u00edthat\u00f3 v\u00e1lltart\u00f3 \u00e9s p\u00e1rn\u00e1zott cs\u00edp\u0151\u00f6v tartozik hozz\u00e1.<\/p>\n<h2>M\u00e9retek<\/h2>\n<p>Csomag t\u00e9rfogat: 2 100 k\u00f6bcoll \/ 34,41 liter<br \/>\nH\u00fcvely t\u00e9rfogat: 600 k\u00f6bcoll<br \/>\n-Teljes t\u00e9rfogat: 44 liter \/ 2 700 k\u00f6bcoll<br \/>\n-S\u00faly: 6 font \u00e9s 8 uncia<br \/>\n-F\u0151 zs\u00e1k m\u00e9retei: 22&#8243;h x 10&#8243;w x 8&#8243;d<br \/>\n-H\u00fcvely m\u00e9retei: 34&#8243;L x 10&#8243;W x 3&#8243;D, 26&#8243; k\u00f6rm\u00e9ret\u0171 ny\u00edl\u00e1ssal. A GSTC fed\u00e9l lehet\u0151v\u00e9 teszi a 60&#8243; hossz\u00fa fegyverek z\u00e1rt sz\u00e1ll\u00edt\u00e1s\u00e1t.<br \/>\n-T\u00e9nyleges s\u00faly: 6,5 font (a GSTC-vel).<\/p>\n<h2>Jellemz\u0151k<\/h2>\n<p>Fels\u0151 fed\u00e9l zseb<br \/>\n-Rakod\u00f3panel<br \/>\n-Palack tart\u00f3k<br \/>\n-Integr\u00e1lt fegyverh\u00fcvely<br \/>\n-Kamp\u00f3z\u00e1ras szor\u00edt\u00f3p\u00e1ntok<br \/>\n-Fels\u0151 h\u00faz\u00f3zsin\u00f3r \u00e9s el\u00f6l zippes nyit\u00e1s<br \/>\n-Intex II cs\u00f6ves v\u00e1z<\/p>\n","protected":false},"excerpt":{"rendered":"<p>A Gunslinger II\u2122 egy k\u00f6zepes m\u00e9ret\u0171 taktikai h\u00e1tizs\u00e1k, amely teljes sz\u00e9less\u00e9g\u0171 tokkal rendelkezik a nagyobb keresztmetszet\u0171 vagy terjedelmes optikai eszk\u00f6z\u00f6kkel felszerelt fegyverek jobb elhelyez\u00e9se \u00e9rdek\u00e9ben.<\/p>\n","protected":false},"featured_media":699151,"template":"","meta":{"_acf_changed":false},"product_brand":[15149],"product_cat":[12911],"product_tag":[],"class_list":{"0":"post-699100","1":"product","2":"type-product","3":"status-publish","4":"has-post-thumbnail","6":"product_brand-eberlestock","7":"product_cat-hatizsakok","9":"first","10":"instock","11":"taxable","12":"shipping-taxable","13":"purchasable","14":"product-type-variable","15":"wvs-archive-product-wrapper"},"acf":[],"_links":{"self":[{"href":"https:\/\/nbg.eu\/hu\/wp-json\/wp\/v2\/product\/699100","targetHints":{"allow":["GET"]}}],"collection":[{"href":"https:\/\/nbg.eu\/hu\/wp-json\/wp\/v2\/product"}],"about":[{"href":"https:\/\/nbg.eu\/hu\/wp-json\/wp\/v2\/types\/product"}],"wp:featuredmedia":[{"embeddable":true,"href":"https:\/\/nbg.eu\/hu\/wp-json\/wp\/v2\/media\/699151"}],"wp:attachment":[{"href":"https:\/\/nbg.eu\/hu\/wp-json\/wp\/v2\/media?parent=699100"}],"wp:term":[{"taxonomy":"product_brand","embeddable":true,"href":"https:\/\/nbg.eu\/hu\/wp-json\/wp\/v2\/product_brand?post=699100"},{"taxonomy":"product_cat","embeddable":true,"href":"https:\/\/nbg.eu\/hu\/wp-json\/wp\/v2\/product_cat?post=699100"},{"taxonomy":"product_tag","embeddable":true,"href":"https:\/\/nbg.eu\/hu\/wp-json\/wp\/v2\/product_tag?post=699100"}],"curies":[{"name":"wp","href":"https:\/\/api.w.org\/{rel}","templated":true}]}}