{"id":700387,"date":"2025-12-22T18:10:47","date_gmt":"2025-12-22T15:10:47","guid":{"rendered":"https:\/\/nbg.eu\/product\/molle-panel\/"},"modified":"2026-04-15T14:25:02","modified_gmt":"2026-04-15T11:25:02","slug":"molle-panel","status":"publish","type":"product","link":"https:\/\/nbg.eu\/hu\/termek\/molle-panel\/","title":{"rendered":"Eberlestock MOLLE Panel Recon"},"content":{"rendered":"<h2>Recon MOLLE-panel &#8211; Sokr\u00e9t\u0171 kieg\u00e9sz\u00edt\u0151 a binokul\u00e1ris hevederhez<\/h2>\n<p>A Recon MOLLE-panel egy egyszer\u0171, de sokr\u00e9t\u0171 kieg\u00e9sz\u00edt\u0151 a binokul\u00e1ris hevederhez. K\u00e9nyelmes lehet\u0151s\u00e9get biztos\u00edt k\u00fcl\u00f6nb\u00f6z\u0151 zsebek, mint a Recon Bearspray t\u00e1ska vagy a Recon Rangefinder t\u00e1ska v\u00edzszintes csatlakoztat\u00e1s\u00e1ra a binokul\u00e1ris t\u00e1ska alatt. Ez a panel tov\u00e1bb\u00e1 biztons\u00e1gos platformk\u00e9nt is szolg\u00e1l MOLLE-kompatibilis tokokhoz, lehet\u0151v\u00e9 t\u00e9ve, hogy k\u00e9nyelmesen \u00e9s biztons\u00e1gosan hordhasson egy k\u00e9zifegyvert a binokul\u00e1ris heveder\u00e9n.<\/p>\n<p>A 6&#8243; sz\u00e9les \u00e9s 3,25&#8243; magas Recon MOLLE-panel kompakt \u00e9s \u00e1ramvonalas kialak\u00edt\u00e1ssal rendelkezik, ami nem ad felesleges t\u00f6meghez a felszerel\u00e9shez. MOLLE-kompatibilis konstrukci\u00f3ja sz\u00e9les k\u00f6r\u0171 kieg\u00e9sz\u00edt\u0151kkel val\u00f3 kompatibilit\u00e1st biztos\u00edt, lehet\u0151v\u00e9 t\u00e9ve, hogy a felszerel\u00e9st az egy\u00e9ni ig\u00e9nyeknek megfelel\u0151en alak\u00edtsa.<\/p>\n","protected":false},"excerpt":{"rendered":"<p>Sokoldal\u00fa MOLLE-panel a t\u00e9p\u0151z\u00e1ras zsebek \u00e9s a k\u00e9zifegyver hordoz\u00e1s\u00e1ra a l\u00e1tcs\u0151hevederben.<\/p>\n","protected":false},"featured_media":700448,"template":"","meta":{"_acf_changed":false},"product_brand":[15149],"product_cat":[12965],"product_tag":[],"class_list":{"0":"post-700387","1":"product","2":"type-product","3":"status-publish","4":"has-post-thumbnail","6":"product_brand-eberlestock","7":"product_cat-zsebbek","9":"first","10":"instock","11":"taxable","12":"shipping-taxable","13":"purchasable","14":"product-type-variable","15":"wvs-archive-product-wrapper"},"acf":[],"_links":{"self":[{"href":"https:\/\/nbg.eu\/hu\/wp-json\/wp\/v2\/product\/700387","targetHints":{"allow":["GET"]}}],"collection":[{"href":"https:\/\/nbg.eu\/hu\/wp-json\/wp\/v2\/product"}],"about":[{"href":"https:\/\/nbg.eu\/hu\/wp-json\/wp\/v2\/types\/product"}],"wp:featuredmedia":[{"embeddable":true,"href":"https:\/\/nbg.eu\/hu\/wp-json\/wp\/v2\/media\/700448"}],"wp:attachment":[{"href":"https:\/\/nbg.eu\/hu\/wp-json\/wp\/v2\/media?parent=700387"}],"wp:term":[{"taxonomy":"product_brand","embeddable":true,"href":"https:\/\/nbg.eu\/hu\/wp-json\/wp\/v2\/product_brand?post=700387"},{"taxonomy":"product_cat","embeddable":true,"href":"https:\/\/nbg.eu\/hu\/wp-json\/wp\/v2\/product_cat?post=700387"},{"taxonomy":"product_tag","embeddable":true,"href":"https:\/\/nbg.eu\/hu\/wp-json\/wp\/v2\/product_tag?post=700387"}],"curies":[{"name":"wp","href":"https:\/\/api.w.org\/{rel}","templated":true}]}}