{"id":700812,"date":"2025-12-22T18:16:35","date_gmt":"2025-12-22T15:16:35","guid":{"rendered":"https:\/\/nbg.eu\/product\/tavolsagmero-tarsoly\/"},"modified":"2026-04-15T14:24:58","modified_gmt":"2026-04-15T11:24:58","slug":"tavolsagmero-tarsoly","status":"publish","type":"product","link":"https:\/\/nbg.eu\/hu\/termek\/tavolsagmero-tarsoly\/","title":{"rendered":"Eberlestock T\u00e1vm\u00e9r\u0151 Tok Recon"},"content":{"rendered":"<h2>Recon T\u00e1vm\u00e9r\u0151 T\u00e1ska: V\u00e9dd meg a felszerel\u00e9sed, fokozd a pontoss\u00e1godat<\/h2>\n<p>Emelje ki a szabadid\u0151s tev\u00e9kenys\u00e9geit a Recon T\u00e1vm\u00e9r\u0151 T\u00e1ska seg\u00edts\u00e9g\u00e9vel, amely tervezve van, hogy megv\u00e9dje az elengedhetetlen t\u00e1vm\u00e9r\u0151 felszerel\u00e9st. Gondosan kidolgozott r\u00e9szletekkel k\u00e9sz\u00fclt, ez a t\u00e1ska p\u00e1ratlan v\u00e9delmet \u00e9s k\u00e9nyelmet k\u00edn\u00e1l, biztos\u00edtva, hogy a felszerel\u00e9se biztons\u00e1gban \u00e9s k\u00f6nnyen hozz\u00e1f\u00e9rhet\u0151 maradjon.<\/p>\n<p>M\u00e1gnes z\u00e1r\u00e1s\u00fa fed\u00e9llel rendelkezik, a Recon T\u00e1vm\u00e9r\u0151 T\u00e1ska t\u00e1vol tartja a port \u00e9s a t\u00f6rmel\u00e9ket, meg\u0151rizve a t\u00e1vm\u00e9r\u0151 \u00fcvegfel\u00fclet\u00e9nek \u00e9rintetlen \u00e1llapot\u00e1t. Egy rug\u00f3s zsin\u00f3r r\u00f6gz\u00edt\u00e9s lehet\u0151v\u00e9 teszi, hogy k\u00f6nnyed\u00e9n elhelyezhesse az eszk\u00f6zt an\u00e9lk\u00fcl, hogy att\u00f3l tartania kellene, hogy elt\u00f6rik vagy elv\u00e9sz, \u00edgy a kezei szabadok maradnak a fontosabb feladatokhoz.<\/p>\n<p>1,75&#8243; m\u00e9lys\u00e9ggel, 3,25&#8243; sz\u00e9less\u00e9ggel \u00e9s 5&#8243; magass\u00e1ggal a Recon T\u00e1vm\u00e9r\u0151 T\u00e1ska sim\u00e1n illeszkedik a szabadid\u0151s felszerel\u00e9shez, diszkr\u00e9t \u00e9s \u00e1ramvonalas t\u00e1rol\u00e1si megold\u00e1st k\u00edn\u00e1lva. F\u00fcggetlen\u00fcl att\u00f3l, hogy szenved\u00e9lyes vad\u00e1sz, elk\u00f6telezett t\u00far\u00e1z\u00f3 vagy tapasztalt l\u00f6v\u00e9sz vagy, ez a sokoldal\u00fa t\u00e1ska a t\u00f6k\u00e9letes k\u00eds\u00e9r\u0151, hogy megv\u00e9dje az \u00e9rt\u00e9kes t\u00e1vm\u00e9r\u0151 felszerel\u00e9sed.<\/p>\n<p>Emelje ki a szabadid\u0151s tev\u00e9kenys\u00e9geit a Recon T\u00e1vm\u00e9r\u0151 T\u00e1ska seg\u00edts\u00e9g\u00e9vel, a legf\u0151bb kieg\u00e9sz\u00edt\u0151 a legjobb felszerel\u00e9s-v\u00e9delemre \u00e9s k\u00e9nyelemre v\u00e1gy\u00f3 kalandoz\u00f3k sz\u00e1m\u00e1ra.<\/p>\n","protected":false},"excerpt":{"rendered":"<p>A Recon Rangefinder tokban eszk\u00f6z\u00f6d m\u00e1gneses fedel\u0171, gumiszalagos zsin\u00f3rral biztons\u00e1gosan \u00e9s k\u00e9nyelmesen hordozhat\u00f3.<\/p>\n","protected":false},"featured_media":700841,"template":"","meta":{"_acf_changed":false},"product_brand":[15149],"product_cat":[12965],"product_tag":[],"class_list":{"0":"post-700812","1":"product","2":"type-product","3":"status-publish","4":"has-post-thumbnail","6":"product_brand-eberlestock","7":"product_cat-zsebbek","9":"first","10":"instock","11":"taxable","12":"shipping-taxable","13":"purchasable","14":"product-type-variable","15":"wvs-archive-product-wrapper"},"acf":[],"_links":{"self":[{"href":"https:\/\/nbg.eu\/hu\/wp-json\/wp\/v2\/product\/700812","targetHints":{"allow":["GET"]}}],"collection":[{"href":"https:\/\/nbg.eu\/hu\/wp-json\/wp\/v2\/product"}],"about":[{"href":"https:\/\/nbg.eu\/hu\/wp-json\/wp\/v2\/types\/product"}],"wp:featuredmedia":[{"embeddable":true,"href":"https:\/\/nbg.eu\/hu\/wp-json\/wp\/v2\/media\/700841"}],"wp:attachment":[{"href":"https:\/\/nbg.eu\/hu\/wp-json\/wp\/v2\/media?parent=700812"}],"wp:term":[{"taxonomy":"product_brand","embeddable":true,"href":"https:\/\/nbg.eu\/hu\/wp-json\/wp\/v2\/product_brand?post=700812"},{"taxonomy":"product_cat","embeddable":true,"href":"https:\/\/nbg.eu\/hu\/wp-json\/wp\/v2\/product_cat?post=700812"},{"taxonomy":"product_tag","embeddable":true,"href":"https:\/\/nbg.eu\/hu\/wp-json\/wp\/v2\/product_tag?post=700812"}],"curies":[{"name":"wp","href":"https:\/\/api.w.org\/{rel}","templated":true}]}}