{"id":701119,"date":"2025-12-22T18:40:25","date_gmt":"2025-12-22T15:40:25","guid":{"rendered":"https:\/\/nbg.eu\/product\/gyorskereso\/"},"modified":"2026-04-15T14:24:54","modified_gmt":"2026-04-15T11:24:54","slug":"gyorskereso","status":"publish","type":"product","link":"https:\/\/nbg.eu\/hu\/termek\/gyorskereso\/","title":{"rendered":"Eberlestock Tok Recon Quickcase"},"content":{"rendered":"<h2>Quickcase: A kompakt t\u00fal\u00e9l\u00e9si t\u00e1rsad<\/h2>\n<p>A Quickcase egy sokoldal\u00fa, cipz\u00e1ras t\u00e1rol\u00f3, amely a Recon Modular Bino Hevederhez illeszkedik t\u00f6k\u00e9letesen. Ez a kompakt tartoz\u00e9k t\u00f6k\u00e9letes megold\u00e1s arra, hogy meg\u0151rizd \u00e9s biztos\u00edtsd a l\u00e9tfontoss\u00e1g\u00fa t\u00fal\u00e9l\u00e9si felszerel\u00e9seidet, \u00edgy mindig felk\u00e9sz\u00fclt lehetsz a v\u00e1ratlan helyzetekre.<\/p>\n<p>A megfelel\u0151 m\u00e9ret\u0171 Quickcase-ben b\u0151ven van hely egy kisebb t\u00fal\u00e9l\u0151 k\u00e9szletnek, \u00edgy n\u00e9lk\u00fcl\u00f6zhetetlen t\u00e1rsad lehet, ha elszakadn\u00e1l a f\u0151 h\u00e1tizs\u00e1kodt\u00f3l. A tart\u00f3s kivitel \u00e9s a biztons\u00e1gos cipz\u00e1r meg\u00f3vja a kritikus fontoss\u00e1g\u00fa t\u00e9teleket, hogy akkor is hozz\u00e1f\u00e9rhet\u0151k legyenek, amikor a legink\u00e1bb sz\u00fcks\u00e9ged van r\u00e1juk.<\/p>\n<p>A Quickcase haszn\u00e1lhat\u00f3s\u00e1ga azonban t\u00falmutat a puszta t\u00fal\u00e9l\u00e9si felk\u00e9sz\u00fclts\u00e9gen. Haszn\u00e1lhatod kisebb t\u00e1rgyak praktikus \u00e9s rendezett t\u00e1rol\u00e1s\u00e1ra is, mik\u00f6zben k\u00e9zn\u00e9l vannak, amikor \u00e9ppen sz\u00fcks\u00e9ged van r\u00e1juk. Ak\u00e1r t\u00far\u00e1zol, kempingezik vagy b\u00e1rmilyen m\u00e1s k\u00fclt\u00e9ri tev\u00e9kenys\u00e9get v\u00e9gzel, ez a sokoldal\u00fa tartoz\u00e9k n\u00e9lk\u00fcl\u00f6zhetetlen r\u00e9sze lesz a felszerel\u00e9stednek.<\/p>\n<p>A Quickcase-t \u00fagy tervezt\u00e9k, hogy t\u00f6k\u00e9letesen illeszkedjen a Recon Modular Bino Hevederhez. A heveder h\u00e1toldal\u00e1n tal\u00e1lhat\u00f3 t\u00e9p\u0151z\u00e1ras f\u00fclh\u00f6z r\u00f6gz\u00edthet\u0151, \u00edgy a l\u00e9tfontoss\u00e1g\u00fa t\u00e9teleid mindig k\u00e9zn\u00e9l lesznek, mik\u00f6zben a f\u0151 h\u00e1tizs\u00e1kodban is van hely.<\/p>\n","protected":false},"excerpt":{"rendered":"<p>Egy kis cipz\u00e1ras t\u00e1ska, amely a Recon Modular Bino Harness-hez csatlakozik, t\u00fal\u00e9l\u0151 k\u00e9szlet vagy kisebb t\u00e1rgyak t\u00e1rol\u00e1s\u00e1ra.<\/p>\n","protected":false},"featured_media":701182,"template":"","meta":{"_acf_changed":false},"product_brand":[15149],"product_cat":[12965],"product_tag":[],"class_list":{"0":"post-701119","1":"product","2":"type-product","3":"status-publish","4":"has-post-thumbnail","6":"product_brand-eberlestock","7":"product_cat-zsebbek","9":"first","10":"instock","11":"taxable","12":"shipping-taxable","13":"purchasable","14":"product-type-variable","15":"wvs-archive-product-wrapper"},"acf":[],"_links":{"self":[{"href":"https:\/\/nbg.eu\/hu\/wp-json\/wp\/v2\/product\/701119","targetHints":{"allow":["GET"]}}],"collection":[{"href":"https:\/\/nbg.eu\/hu\/wp-json\/wp\/v2\/product"}],"about":[{"href":"https:\/\/nbg.eu\/hu\/wp-json\/wp\/v2\/types\/product"}],"wp:featuredmedia":[{"embeddable":true,"href":"https:\/\/nbg.eu\/hu\/wp-json\/wp\/v2\/media\/701182"}],"wp:attachment":[{"href":"https:\/\/nbg.eu\/hu\/wp-json\/wp\/v2\/media?parent=701119"}],"wp:term":[{"taxonomy":"product_brand","embeddable":true,"href":"https:\/\/nbg.eu\/hu\/wp-json\/wp\/v2\/product_brand?post=701119"},{"taxonomy":"product_cat","embeddable":true,"href":"https:\/\/nbg.eu\/hu\/wp-json\/wp\/v2\/product_cat?post=701119"},{"taxonomy":"product_tag","embeddable":true,"href":"https:\/\/nbg.eu\/hu\/wp-json\/wp\/v2\/product_tag?post=701119"}],"curies":[{"name":"wp","href":"https:\/\/api.w.org\/{rel}","templated":true}]}}