{"id":701823,"date":"2025-12-23T11:39:12","date_gmt":"2025-12-23T08:39:12","guid":{"rendered":"https:\/\/nbg.eu\/product\/kezmelegito\/"},"modified":"2026-04-15T14:24:50","modified_gmt":"2026-04-15T11:24:50","slug":"kezmelegito","status":"publish","type":"product","link":"https:\/\/nbg.eu\/hu\/termek\/kezmelegito\/","title":{"rendered":"Eberlestock K\u00e9zmeleg\u00edt\u0151 Recon"},"content":{"rendered":"<h2>Recon Handwarmer: Szabadt\u00e9ri kalandokhoz k\u00e9nyelmes meleg\u00edt\u00e9s<\/h2>\n<p>A Recon Handwarmer seg\u00edts\u00e9g\u00e9vel soha nem volt m\u00e9g egyszer\u0171bb a kezek melegen tart\u00e1sa \u00fcgyess\u00e9g fel\u00e1ldoz\u00e1sa n\u00e9lk\u00fcl. Ez az innovat\u00edv kieg\u00e9sz\u00edt\u0151 sim\u00e1n csatlakozik a Recon Modular Bino Harness-hoz, lehet\u0151v\u00e9 t\u00e9ve, hogy k\u00e9nyelmes legyen a k\u00e9ztart\u00e1s, ak\u00e1r \u00e1llva, ak\u00e1r \u00fclve haszn\u00e1lja. A Recon Handwarmer feleslegess\u00e9 teszi a neh\u00e9zkes keszty\u0171ket, biztos\u00edtva, hogy tov\u00e1bbra is k\u00f6nnyed\u00e9n v\u00e9gezhessen finommotoros feladatokat.<\/p>\n<p>Tov\u00e1bbi k\u00e9nyelmi funkci\u00f3k\u00e9nt a Recon Handwarmernek el\u00f6l van egy cipz\u00e1ras rekesze, ahol p\u00f3tl\u00f3lagos leveg\u0151-aktiv\u00e1lt k\u00e9zmeleg\u00edt\u0151ket t\u00e1rolhat. Ez lehet\u0151v\u00e9 teszi, hogy a k\u00e9zmeleg\u00edt\u0151t a Recon Modular Bino Harnesst\u0151l f\u00fcggetlen\u00fcl is haszn\u00e1lja, megb\u00edzhat\u00f3 h\u0151forr\u00e1st biztos\u00edtva, f\u00fcggetlen\u00fcl a tev\u00e9kenys\u00e9gt\u0151l vagy k\u00f6rnyezett\u0151l. A mell\u00e9kelt der\u00e9ksz\u00edj gondoskodik a biztons\u00e1gos \u00e9s k\u00e9nyelmes illeszked\u00e9sr\u0151l, tartva a kezeket a lehet\u0151 legjobb poz\u00edci\u00f3ban a maxim\u00e1lis hat\u00e9konys\u00e1g \u00e9s k\u00e9nyelem \u00e9rdek\u00e9ben.<\/p>\n<p>F\u00fcggetlen\u00fcl att\u00f3l, hogy mad\u00e1rmegfigyel\u00e9ssel, vad\u00e1szattal vagy csak egyszer\u0171en a szabadban val\u00f3 tart\u00f3zkod\u00e1ssal t\u00f6lti az id\u0151t, a Recon Handwarmer a t\u00f6k\u00e9letes t\u00e1rsa a kezek melegen tart\u00e1s\u00e1ra \u00e9s az ujjak \u00fcgyess\u00e9g\u00e9nek meg\u0151rz\u00e9s\u00e9re. Tapasztalja meg a szabadt\u00e9ri k\u00e9nyelem \u00e9s praktikum cs\u00facs\u00e1t ezzel a sokoldal\u00fa \u00e9s innovat\u00edv kieg\u00e9sz\u00edt\u0151vel.<\/p>\n","protected":false},"excerpt":{"rendered":"<p>Recon k\u00e9zmeleg\u00edt\u0151 kezeket melegen tartja keszty\u0171 n\u00e9lk\u00fcl, Recon hevederhez csatlakoztathat\u00f3.<\/p>\n","protected":false},"featured_media":701892,"template":"","meta":{"_acf_changed":false},"product_brand":[15149],"product_cat":[12975],"product_tag":[],"class_list":{"0":"post-701823","1":"product","2":"type-product","3":"status-publish","4":"has-post-thumbnail","6":"product_brand-eberlestock","7":"product_cat-felszereles","9":"first","10":"instock","11":"taxable","12":"shipping-taxable","13":"purchasable","14":"product-type-variable","15":"wvs-archive-product-wrapper"},"acf":[],"_links":{"self":[{"href":"https:\/\/nbg.eu\/hu\/wp-json\/wp\/v2\/product\/701823","targetHints":{"allow":["GET"]}}],"collection":[{"href":"https:\/\/nbg.eu\/hu\/wp-json\/wp\/v2\/product"}],"about":[{"href":"https:\/\/nbg.eu\/hu\/wp-json\/wp\/v2\/types\/product"}],"wp:featuredmedia":[{"embeddable":true,"href":"https:\/\/nbg.eu\/hu\/wp-json\/wp\/v2\/media\/701892"}],"wp:attachment":[{"href":"https:\/\/nbg.eu\/hu\/wp-json\/wp\/v2\/media?parent=701823"}],"wp:term":[{"taxonomy":"product_brand","embeddable":true,"href":"https:\/\/nbg.eu\/hu\/wp-json\/wp\/v2\/product_brand?post=701823"},{"taxonomy":"product_cat","embeddable":true,"href":"https:\/\/nbg.eu\/hu\/wp-json\/wp\/v2\/product_cat?post=701823"},{"taxonomy":"product_tag","embeddable":true,"href":"https:\/\/nbg.eu\/hu\/wp-json\/wp\/v2\/product_tag?post=701823"}],"curies":[{"name":"wp","href":"https:\/\/api.w.org\/{rel}","templated":true}]}}