{"id":702149,"date":"2025-12-23T11:44:19","date_gmt":"2025-12-23T08:44:19","guid":{"rendered":"https:\/\/nbg.eu\/product\/bravo-modularis-binokli-csomag-nagy\/"},"modified":"2026-04-15T14:24:47","modified_gmt":"2026-04-15T11:24:47","slug":"bravo-modularis-binokli-csomag-nagy","status":"publish","type":"product","link":"https:\/\/nbg.eu\/hu\/termek\/bravo-modularis-binokli-csomag-nagy\/","title":{"rendered":"Eberlestock T\u00e1vcs\u0151 H\u00e1tizs\u00e1k Bravo Modular, Large"},"content":{"rendered":"<h2>Bravo Modul\u00e1ris Bino Pack-Nagy: Adapt\u00e1lhat\u00f3 optikai hordoz\u00f3 a szabadt\u00e9ri kalandokhoz<\/h2>\n<p>A MODUL\u00c1RIS BINO PACK tervez\u00e9s\u00e9nek k\u00f6z\u00e9ppontj\u00e1ban a modul\u00e1riss\u00e1g \u00e1ll, amely egy mellkas-rig platformra \u00e9p\u00fcl, \u00e9s kieg\u00e9sz\u00edt\u0151 tartoz\u00e9kokkal alkalmazkodik az \u00d6n ig\u00e9nyeihez. M\u00e1gneses el\u0151refel\u00e9 h\u00fazhat\u00f3 hozz\u00e1f\u00e9r\u00e9st biztos\u00edt a bino-t\u00e1sk\u00e1hoz, t\u00e1gas el\u00fcls\u0151 cipz\u00e1ras zsebbel \u00e9s rugalmas oldals\u00f3 zsebekkel rendelkezik. A bels\u0151 bino-kik\u00f6t\u0151k biztons\u00e1gban tartj\u00e1k a t\u00e1vcs\u00f6veket, m\u00edg az alacsony profil\u00fa, MOLLE-kompatibilis sz\u00e1rnyak \u00e9s a h\u00e1ts\u00f3 panel lehet\u0151v\u00e9 teszik, hogy zsebekhez \u00e9s kieg\u00e9sz\u00edt\u0151kh\u00f6z csatlakozzon.<\/p>\n<p>A tart\u00f3s 500D Ripstop Nylon \u00e9s N140D anyagokb\u00f3l k\u00e9sz\u00fclt Bravo Modul\u00e1ris Bino Pack-Nagy megb\u00edzhat\u00f3 teljes\u00edtm\u00e9nyt ny\u00fajt a szabadban. Mind\u00f6ssze 14 uncia s\u00faly\u00e1val ez a sokoldal\u00fa csomag k\u00e9nyelmes \u00e9s szem\u00e9lyre szabhat\u00f3 hordoz\u00e1si megold\u00e1st k\u00edn\u00e1l t\u00e1vcs\u00f6veihez \u00e9s alapvet\u0151 felszerel\u00e9s\u00e9hez.<\/p>\n<p>Bels\u0151 m\u00e9retei 9&#8243;H x 5,5&#8243;SZ x 2,5&#8243;M, m\u00edg k\u00fcls\u0151 m\u00e9retei 9,5&#8243;H x 6,25&#8243;SZ x 3,5&#8243;M, \u00edgy a Bravo Modul\u00e1ris Bino Pack-Nagy b\u0151s\u00e9ges helyet biztos\u00edt a t\u00e1vcs\u00f6vek \u00e9s egy\u00e9b alapvet\u0151 cikkek elhelyez\u00e9s\u00e9hez. Az \u00e1ll\u00edthat\u00f3 el\u0151refel\u00e9 h\u00fazhat\u00f3 v\u00e1llheveder \u00e9s az alacsony profil\u00fa MOLLE-kompatibilis sz\u00e1rnyak biztons\u00e1gos \u00e9s szem\u00e9lyre szabott illeszked\u00e9st garant\u00e1lnak, lehet\u0151v\u00e9 t\u00e9ve, hogy a csomagot ig\u00e9nyeihez igaz\u00edtsa.<\/p>\n<p>Emelje ki szabadt\u00e9ri \u00e9lm\u00e9ny\u00e9t a Bravo Modul\u00e1ris Bino Pack-Naggyal, egy sokoldal\u00fa \u00e9s adapt\u00e1lhat\u00f3 megold\u00e1ssal t\u00e1vcs\u00f6vei \u00e9s alapvet\u0151 felszerel\u00e9s\u00e9nek sz\u00e1ll\u00edt\u00e1s\u00e1hoz. Fedezze fel a rendelkez\u00e9sre \u00e1ll\u00f3 kieg\u00e9sz\u00edt\u0151ket a csomag testreszab\u00e1s\u00e1hoz \u00e9s funkcionalit\u00e1s\u00e1nak maximaliz\u00e1l\u00e1s\u00e1hoz, t\u00e9ve azt t\u00f6k\u00e9letes t\u00e1rs\u00e1v\u00e1 k\u00f6vetkez\u0151 kalandj\u00e1hoz.<\/p>\n","protected":false},"excerpt":{"rendered":"<p>Modul\u00e1ris mellkas csomag mag-mentes bino zsebbel, el\u00fcls\u0151 zsebekkel, ny\u00fajthat\u00f3 oldalakkal.<\/p>\n","protected":false},"featured_media":702220,"template":"","meta":{"_acf_changed":false},"product_brand":[15149],"product_cat":[15222],"product_tag":[],"class_list":{"0":"post-702149","1":"product","2":"type-product","3":"status-publish","4":"has-post-thumbnail","6":"product_brand-eberlestock","7":"product_cat-binocular-harnesses-hu","9":"first","10":"instock","11":"taxable","12":"shipping-taxable","13":"purchasable","14":"product-type-variable","15":"wvs-archive-product-wrapper"},"acf":[],"_links":{"self":[{"href":"https:\/\/nbg.eu\/hu\/wp-json\/wp\/v2\/product\/702149","targetHints":{"allow":["GET"]}}],"collection":[{"href":"https:\/\/nbg.eu\/hu\/wp-json\/wp\/v2\/product"}],"about":[{"href":"https:\/\/nbg.eu\/hu\/wp-json\/wp\/v2\/types\/product"}],"wp:featuredmedia":[{"embeddable":true,"href":"https:\/\/nbg.eu\/hu\/wp-json\/wp\/v2\/media\/702220"}],"wp:attachment":[{"href":"https:\/\/nbg.eu\/hu\/wp-json\/wp\/v2\/media?parent=702149"}],"wp:term":[{"taxonomy":"product_brand","embeddable":true,"href":"https:\/\/nbg.eu\/hu\/wp-json\/wp\/v2\/product_brand?post=702149"},{"taxonomy":"product_cat","embeddable":true,"href":"https:\/\/nbg.eu\/hu\/wp-json\/wp\/v2\/product_cat?post=702149"},{"taxonomy":"product_tag","embeddable":true,"href":"https:\/\/nbg.eu\/hu\/wp-json\/wp\/v2\/product_tag?post=702149"}],"curies":[{"name":"wp","href":"https:\/\/api.w.org\/{rel}","templated":true}]}}