{"id":702956,"date":"2025-12-23T11:50:14","date_gmt":"2025-12-23T08:50:14","guid":{"rendered":"https:\/\/nbg.eu\/product\/bravo-modularis-bino-pack-small\/"},"modified":"2026-04-15T14:24:43","modified_gmt":"2026-04-15T11:24:43","slug":"bravo-modularis-bino-pack-small","status":"publish","type":"product","link":"https:\/\/nbg.eu\/hu\/termek\/bravo-modularis-bino-pack-small\/","title":{"rendered":"Eberlestock T\u00e1vcs\u0151 H\u00e1tizs\u00e1k Bravo Modular, Small"},"content":{"rendered":"<h2>Bravo Modul\u00e1ris Bino Pack-Kis: Sokoldal\u00fa \u00e9s biztons\u00e1gos binokul\u00e1r-t\u00e1rol\u00e1s<\/h2>\n<p>A BRAVO MODUL\u00c1RIS BINO PACK kialak\u00edt\u00e1sa sor\u00e1n a modularit\u00e1s volt az els\u0151dleges szempont. Egy mellheveder platformra \u00e9p\u00fcl, amely kieg\u00e9sz\u00edt\u0151 tartoz\u00e9kokkal alkalmazkodik az \u00d6n ig\u00e9nyeihez. M\u00e1gneses ny\u00edlt el\u00fcls\u0151 h\u00faz\u00f3hozz\u00e1f\u00e9r\u00e9st k\u00edn\u00e1l a binokulum-zacsk\u00f3hoz, egy t\u00e1gas el\u00fcls\u0151 cipz\u00e1ras zsebbel \u00e9s ny\u00fajthat\u00f3 oldals\u00f3 zsebekkel rendelkezik. A bels\u0151 bino-p\u00f3r\u00e1z biztons\u00e1gban tartja a binokul\u00e1rait, m\u00edg az alacsony profil\u00fa, MOLLE-kompatibilis sz\u00e1rnyak \u00e9s h\u00e1tpanel lehet\u0151v\u00e9 teszik, hogy zsebet \u00e9s tartoz\u00e9kokat csatlakoztasson.<\/p>\n<p>Az er\u0151s 500D Ripstop Nylon \u00e9s N140D sz\u00f6vetekb\u0151l k\u00e9sz\u00fclt Bravo Modul\u00e1ris Bino Pack-Small k\u00f6nny\u0171 \u00e9s tart\u00f3s megold\u00e1st k\u00edn\u00e1l a szabadt\u00e9ri lelkes term\u00e9szetj\u00e1r\u00f3k, vad\u00e1szok \u00e9s taktikai oper\u00e1torok sz\u00e1m\u00e1ra.<\/p>\n<p>A f\u0151bb jellemz\u0151k k\u00f6z\u00e9 tartozik a m\u00e1gneses z\u00e1r\u00e1s a gyors hozz\u00e1f\u00e9r\u00e9shez, nyolc el\u00e9rhet\u0151 tartoz\u00e9k kompatibilit\u00e1sa, egy nagy el\u00fcls\u0151 cipz\u00e1ras zseb, k\u00e9t oldals\u00f3 ny\u00fajthat\u00f3 zseb, egy \u00e1ll\u00edthat\u00f3 el\u00fcls\u0151 h\u00faz\u00e1s\u00fa v\u00e1llheveder \u00e9s alacsony profil\u00fa, MOLLE-kompatibilis sz\u00e1rnyak a felszerel\u00e9s testreszab\u00e1s\u00e1hoz. F\u00fcggetlen\u00fcl att\u00f3l, hogy mad\u00e1rmegfigyel\u00e9ssel, t\u00far\u00e1z\u00e1ssal vagy taktikai m\u0171veletek v\u00e9gz\u00e9s\u00e9vel foglalkozik, a Bravo Modul\u00e1ris Bino Pack-Small sokoldal\u00fa \u00e9s biztons\u00e1gos megold\u00e1st k\u00edn\u00e1l a binokulum-t\u00e1rol\u00e1si ig\u00e9nyekre.<\/p>\n","protected":false},"excerpt":{"rendered":"<p>Modul\u00e1ris l\u00e1tcs\u0151 tart\u00f3 mag-mentes z\u00e1r\u00f3rendszerrel, MOLLE kompatibilis sz\u00e1rnyakkal \u00e9s \u00e1ll\u00edthat\u00f3 hevederrel.<\/p>\n","protected":false},"featured_media":702999,"template":"","meta":{"_acf_changed":false},"product_brand":[15149],"product_cat":[15222],"product_tag":[],"class_list":{"0":"post-702956","1":"product","2":"type-product","3":"status-publish","4":"has-post-thumbnail","6":"product_brand-eberlestock","7":"product_cat-binocular-harnesses-hu","9":"first","10":"instock","11":"taxable","12":"shipping-taxable","13":"purchasable","14":"product-type-variable","15":"wvs-archive-product-wrapper"},"acf":[],"_links":{"self":[{"href":"https:\/\/nbg.eu\/hu\/wp-json\/wp\/v2\/product\/702956","targetHints":{"allow":["GET"]}}],"collection":[{"href":"https:\/\/nbg.eu\/hu\/wp-json\/wp\/v2\/product"}],"about":[{"href":"https:\/\/nbg.eu\/hu\/wp-json\/wp\/v2\/types\/product"}],"wp:featuredmedia":[{"embeddable":true,"href":"https:\/\/nbg.eu\/hu\/wp-json\/wp\/v2\/media\/702999"}],"wp:attachment":[{"href":"https:\/\/nbg.eu\/hu\/wp-json\/wp\/v2\/media?parent=702956"}],"wp:term":[{"taxonomy":"product_brand","embeddable":true,"href":"https:\/\/nbg.eu\/hu\/wp-json\/wp\/v2\/product_brand?post=702956"},{"taxonomy":"product_cat","embeddable":true,"href":"https:\/\/nbg.eu\/hu\/wp-json\/wp\/v2\/product_cat?post=702956"},{"taxonomy":"product_tag","embeddable":true,"href":"https:\/\/nbg.eu\/hu\/wp-json\/wp\/v2\/product_tag?post=702956"}],"curies":[{"name":"wp","href":"https:\/\/api.w.org\/{rel}","templated":true}]}}