{"id":703295,"date":"2025-12-23T12:02:01","date_gmt":"2025-12-23T09:02:01","guid":{"rendered":"https:\/\/nbg.eu\/product\/bando-taska-xl\/"},"modified":"2026-04-15T14:24:39","modified_gmt":"2026-04-15T11:24:39","slug":"bando-taska-xl","status":"publish","type":"product","link":"https:\/\/nbg.eu\/hu\/termek\/bando-taska-xl\/","title":{"rendered":"Eberlestock T\u00e1ska Bando XL"},"content":{"rendered":"<h2>Bando Bag-XL: Sokoldal\u00fa \u00e9s k\u00e9nyelmes EDC-hordoz\u00f3<\/h2>\n<p>A Bando Bag-XL egy k\u00f6nny\u0171 \u00e9s k\u00e9nyelmes m\u00f3d arra, hogy napi haszn\u00e1lati (EDC) cikkeidet sz\u00e1ll\u00edtsd. A Bando Bag-XL h\u00e1tuls\u00f3, teljesen cipz\u00e1ras zsebe 6&#8243;h x 11&#8243;w x 3&#8243;d m\u00e9ret\u0171, ami el\u00e9g nagy ahhoz, hogy a legt\u00f6bb teljes m\u00e9ret\u0171 oldalpisztolyt \u00e9s kisebb l\u0151fegyvert biztons\u00e1gosan elhelyezd benne. A f\u0151 rekeszben tal\u00e1lhat\u00f3 egy bels\u0151, zippes h\u00e1l\u00f3s zseb \u00e9s k\u00e9t zsebes t\u00e1rol\u00f3 az tov\u00e1bbi szervez\u00e9shez, m\u00edg egy kis, el\u00f6l tal\u00e1lhat\u00f3 zippes zseb a kulcsoknak, k\u00e1beleknek vagy m\u00e1s apr\u00f3s\u00e1goknak ide\u00e1lis.<\/p>\n<p>A Bando Bag-XL \u00e1ll\u00edthat\u00f3 der\u00e9ksz\u00edja szem\u00e9lyre szabhat\u00f3 illeszked\u00e9st tesz lehet\u0151v\u00e9, 31,5&#8243; \u00e9s 44&#8243; k\u00f6z\u00f6tti hossz\u00fas\u00e1gban. A Bando Bag-XL tov\u00e1bb\u00e1 egy integr\u00e1lt tokot is tartalmaz, hogy k\u00e9nyelmesen sz\u00e1ll\u00edthass egy tourniquet-t a f\u0151 rekesz fels\u0151 fedel\u00e9nek alatt, biztos\u00edtva a k\u00f6nny\u0171 hozz\u00e1f\u00e9r\u00e9st ehhez a l\u00e9tfontoss\u00e1g\u00fa v\u00e9szfelszerel\u00e9shez.<\/p>\n<h2>F\u0151 jellemz\u0151k:<\/h2>\n<ul>\n<li>-Teljesen zipz\u00e1ras h\u00e1ts\u00f3 zseb (6&#8243;h x 11&#8243;w x 3&#8243;d) oldalpisztolyok t\u00e1rol\u00e1s\u00e1ra<\/li>\n<li>-Bels\u0151 h\u00e1l\u00f3s zippes zseb \u00e9s k\u00e9t zsebes t\u00e1rol\u00f3 a szervez\u00e9shez<\/li>\n<li>-Kis el\u00f6l tal\u00e1lhat\u00f3 zippes zseb a kulcsok, k\u00e1belek \u00e9s m\u00e1s apr\u00f3s\u00e1gok sz\u00e1m\u00e1ra<\/li>\n<li>-\u00c1ll\u00edthat\u00f3 der\u00e9ksz\u00edj (31,5&#8243;-44&#8243;)<\/li>\n<li>-Integr\u00e1lt tok tourniquet sz\u00e1ll\u00edt\u00e1s\u00e1ra<\/li>\n<\/ul>\n","protected":false},"excerpt":{"rendered":"<p>K\u00f6nny\u0171, teljesen cipz\u00e1ras EDC t\u00e1ska, 6&#8243;h x 11&#8243;w x 3&#8243;d zsebm\u00e9rettel teljes m\u00e9ret\u0171 oldegyfegyverek sz\u00e1m\u00e1ra.<\/p>\n","protected":false},"featured_media":703419,"template":"","meta":{"_acf_changed":false},"product_brand":[15149],"product_cat":[12907],"product_tag":[],"class_list":{"0":"post-703295","1":"product","2":"type-product","3":"status-publish","4":"has-post-thumbnail","6":"product_brand-eberlestock","7":"product_cat-loteri-taskak","9":"first","10":"instock","11":"taxable","12":"shipping-taxable","13":"purchasable","14":"product-type-variable","15":"wvs-archive-product-wrapper"},"acf":[],"_links":{"self":[{"href":"https:\/\/nbg.eu\/hu\/wp-json\/wp\/v2\/product\/703295","targetHints":{"allow":["GET"]}}],"collection":[{"href":"https:\/\/nbg.eu\/hu\/wp-json\/wp\/v2\/product"}],"about":[{"href":"https:\/\/nbg.eu\/hu\/wp-json\/wp\/v2\/types\/product"}],"wp:featuredmedia":[{"embeddable":true,"href":"https:\/\/nbg.eu\/hu\/wp-json\/wp\/v2\/media\/703419"}],"wp:attachment":[{"href":"https:\/\/nbg.eu\/hu\/wp-json\/wp\/v2\/media?parent=703295"}],"wp:term":[{"taxonomy":"product_brand","embeddable":true,"href":"https:\/\/nbg.eu\/hu\/wp-json\/wp\/v2\/product_brand?post=703295"},{"taxonomy":"product_cat","embeddable":true,"href":"https:\/\/nbg.eu\/hu\/wp-json\/wp\/v2\/product_cat?post=703295"},{"taxonomy":"product_tag","embeddable":true,"href":"https:\/\/nbg.eu\/hu\/wp-json\/wp\/v2\/product_tag?post=703295"}],"curies":[{"name":"wp","href":"https:\/\/api.w.org\/{rel}","templated":true}]}}