{"id":704040,"date":"2025-12-23T12:03:47","date_gmt":"2025-12-23T09:03:47","guid":{"rendered":"https:\/\/nbg.eu\/product\/bano-taska\/"},"modified":"2026-04-15T14:24:36","modified_gmt":"2026-04-15T11:24:36","slug":"bano-taska","status":"publish","type":"product","link":"https:\/\/nbg.eu\/hu\/termek\/bano-taska\/","title":{"rendered":"Eberlestock T\u00e1ska Bando"},"content":{"rendered":"<h2>Bando t\u00e1ska: K\u00e9nyelmes \u00e9s k\u00f6nny\u0171 EDC hordoz\u00e1s<\/h2>\n<p>A Bando t\u00e1ska egy k\u00f6nny\u0171 \u00e9s k\u00e9nyelmes m\u00f3dja az EDC-elemek sz\u00e1ll\u00edt\u00e1s\u00e1nak. A Bando h\u00e1tuls\u00f3, teljesen cipz\u00e1ras zsebe 5,5&#8243;h x 9,5&#8243;w x 1&#8243;d m\u00e9ret\u0171, \u00edgy el\u00e9g nagy ahhoz, hogy a legt\u00f6bb kompakt \u00e9s zsebm\u00e9ret\u0171 oldalfegyvert, mint p\u00e9ld\u00e1ul a Glock-19 \u00e9s hasonl\u00f3 m\u00e9ret\u0171eket befogadja. A f\u0151 rekeszben tal\u00e1lhat\u00f3 egy bels\u0151 h\u00e1l\u00f3s zippes zseb \u00e9s k\u00e9t cs\u00fasztathat\u00f3 zseb tov\u00e1bbi rendszerez\u00e9shez. Az el\u00fcls\u0151 kis zippes zseb ide\u00e1lis a kulcsok, k\u00e1belek vagy m\u00e1s apr\u00f3 t\u00e1rgyak sz\u00e1m\u00e1ra. A der\u00e9ksz\u00edj hossza 31,5&#8243; \u00e9s 44&#8243; k\u00f6z\u00f6tt \u00e1ll\u00edthat\u00f3.<\/p>\n<h2>Kulcsfontoss\u00e1g\u00fa jellemz\u0151k<\/h2>\n<ul>\n<li>Teljesen zipz\u00e1ras h\u00e1ts\u00f3 zseb<\/li>\n<li>Bels\u0151 h\u00e1l\u00f3s zippes zseb<\/li>\n<li>K\u00e9t bels\u0151 cs\u00fasztathat\u00f3 zseb<\/li>\n<li>Kis zippes el\u00fcls\u0151 zseb<\/li>\n<li>\u00c1ll\u00edthat\u00f3 der\u00e9ksz\u00edj (31,5&#8243;-44&#8243;)<\/li>\n<li>Integr\u00e1lt h\u00fcvely egy tourniquet k\u00e9nyelmes sz\u00e1ll\u00edt\u00e1s\u00e1hoz<\/li>\n<\/ul>\n","protected":false},"excerpt":{"rendered":"<p>A Bando t\u00e1ska egy k\u00f6nny\u0171 \u00e9s k\u00e9nyelmes megold\u00e1s az EDC-cikkeid sz\u00e1ll\u00edt\u00e1s\u00e1ra. Legt\u00f6bb kompakt \u00e9s norm\u00e1l m\u00e9ret\u0171 oldalpisztolyhoz illik.<\/p>\n","protected":false},"featured_media":704069,"template":"","meta":{"_acf_changed":false},"product_brand":[15149],"product_cat":[12907],"product_tag":[],"class_list":{"0":"post-704040","1":"product","2":"type-product","3":"status-publish","4":"has-post-thumbnail","6":"product_brand-eberlestock","7":"product_cat-loteri-taskak","9":"first","10":"instock","11":"taxable","12":"shipping-taxable","13":"purchasable","14":"product-type-variable","15":"wvs-archive-product-wrapper"},"acf":[],"_links":{"self":[{"href":"https:\/\/nbg.eu\/hu\/wp-json\/wp\/v2\/product\/704040","targetHints":{"allow":["GET"]}}],"collection":[{"href":"https:\/\/nbg.eu\/hu\/wp-json\/wp\/v2\/product"}],"about":[{"href":"https:\/\/nbg.eu\/hu\/wp-json\/wp\/v2\/types\/product"}],"wp:featuredmedia":[{"embeddable":true,"href":"https:\/\/nbg.eu\/hu\/wp-json\/wp\/v2\/media\/704069"}],"wp:attachment":[{"href":"https:\/\/nbg.eu\/hu\/wp-json\/wp\/v2\/media?parent=704040"}],"wp:term":[{"taxonomy":"product_brand","embeddable":true,"href":"https:\/\/nbg.eu\/hu\/wp-json\/wp\/v2\/product_brand?post=704040"},{"taxonomy":"product_cat","embeddable":true,"href":"https:\/\/nbg.eu\/hu\/wp-json\/wp\/v2\/product_cat?post=704040"},{"taxonomy":"product_tag","embeddable":true,"href":"https:\/\/nbg.eu\/hu\/wp-json\/wp\/v2\/product_tag?post=704040"}],"curies":[{"name":"wp","href":"https:\/\/api.w.org\/{rel}","templated":true}]}}