{"id":704250,"date":"2025-12-23T12:08:03","date_gmt":"2025-12-23T09:08:03","guid":{"rendered":"https:\/\/nbg.eu\/product\/bandita-csomag\/"},"modified":"2026-04-24T15:10:03","modified_gmt":"2026-04-24T12:10:03","slug":"bandita-csomag","status":"publish","type":"product","link":"https:\/\/nbg.eu\/hu\/termek\/bandita-csomag\/","title":{"rendered":"Eberlestock Bandit H\u00e1tizs\u00e1k"},"content":{"rendered":"<h2>Bandit csomag &#8211; A sokoldal\u00fa k\u00eds\u00e9r\u0151 a napi kalandokhoz<\/h2>\n<p>A napi haszn\u00e1latra sz\u00e1nt term\u00e9kcsal\u00e1dunk legsokoldal\u00fabb csomagja, a Bandit\u2122 kifejezetten napi vad\u00e1szatokhoz \u00e9s t\u00far\u00e1khoz k\u00e9sz\u00fclt. Az el\u00fcls\u0151 hasznos panel l\u00e9zerszabott MOLLE-h\u00e1l\u00f3zattal rendelkezik, hogy kompatibilis kieg\u00e9sz\u00edt\u0151k \u00e9s tart\u00f3k csatolhat\u00f3k r\u00e1, \u00e9s egy kab\u00e1t vagy felszerel\u00e9s gyors hozz\u00e1f\u00e9r\u00e9se is biztos\u00edtott. Az oldals\u00f3 ny\u00fajthat\u00f3 zsebek v\u00edzt\u00e1rol\u00f3kat \u00e9s hosszabb t\u00e1rgyakat, p\u00e9ld\u00e1ul \u00e1llv\u00e1nyt, t\u00e1vcs\u00f6vet vagy t\u00falbotokat tarthatnak.<\/p>\n<p>A hasznos panel p\u00e1ntjai szorosan r\u00f6gz\u00edtik az oldals\u00f3 felszerel\u00e9st, vagy seg\u00edtenek t\u00f6m\u00f6r\u00edteni a r\u00e9szben megt\u00f6lt\u00f6tt csomagot. A fels\u0151 fed\u00e9l belsej\u00e9ben apr\u00f3bb szervez\u0151k, p\u00e9ld\u00e1ul zippes h\u00e1l\u00f3s zseb \u00e9s magazintart\u00f3 tal\u00e1lhat\u00f3.<\/p>\n<p>Kompatibilis a szabv\u00e1nyos cs\u00edp\u0151\u00f6vvel a s\u00faly egyenletes eloszt\u00e1sa \u00e9rdek\u00e9ben nagyobb terhel\u00e9s eset\u00e9n.<\/p>\n<h2>M\u00e9retek<\/h2>\n<p>T\u00e9rfogat: 835 k\u00f6bcenti \/ 13,68 liter<br \/>\nS\u00faly: 2,50 font<br \/>\nM\u00e9retek: 18,25 magas x 7 sz\u00e9les x 6,5 m\u00e9ly<\/p>\n<h2>Tulajdons\u00e1gok<\/h2>\n<p>L\u00e9zerszabott MOLLE-panel az elej\u00e9n k\u00fcls\u0151 felszerel\u00e9s csatol\u00e1s\u00e1hoz<br \/>\nFels\u0151 szervez\u0151fed\u00e9l h\u00e1l\u00f3s zsebbel kieg\u00e9sz\u00edt\u0151kh\u00f6z<br \/>\n\u00c1ll\u00edthat\u00f3 v\u00e1llheveder<br \/>\n\u00c1ll\u00edthat\u00f3 cs\u00edp\u0151\u00f6v csatlakoz\u00e1s a nagyobb terhel\u00e9s kezel\u00e9s\u00e9hez<br \/>\nA f\u0151 rekesz fel\u00fclr\u0151l lefel\u00e9 zippes, teljes hozz\u00e1f\u00e9r\u00e9st biztos\u00edt<br \/>\nBels\u0151 r\u00f6gz\u00edt\u0151 a 2 literes vagy 3 literes Source\u00ae hidrat\u00e1l\u00f3 rendszerek tart\u00e1s\u00e1ra<\/p>\n","protected":false},"excerpt":{"rendered":"<p>A Bandit\u2122 a mindennapi hord\u00e1s legsokoldal\u00fabb darabja, mely c\u00e9lorient\u00e1ltan k\u00e9sz\u00fclt eg\u00e9sz napos vad\u00e1szatok \u00e9s t\u00far\u00e1k sz\u00e1m\u00e1ra. A k\u00fcls\u0151 hasznoss\u00e1gi panelen l\u00e9zerv\u00e1gott MOLLE sz\u00f6vetf\u00fclekkel van ell\u00e1tva, mely kompatibilis kieg\u00e9sz\u00edt\u0151k \u00e9s zsebek r\u00f6gz\u00edt\u00e9s\u00e9t teszi lehet\u0151v\u00e9, valamint egy kab\u00e1t vagy felszerel\u00e9s gyors el\u00e9r\u00e9s\u00e9t biztos\u00edtja. Az oldals\u00f3 ny\u00fajthat\u00f3 zsebek alkalmasak v\u00edz palackok \u00e9s hosszabb t\u00e1rgyak, mint h\u00e1roml\u00e1b, messzel\u00e1t\u00f3 vagy t\u00farabotok t\u00e1rol\u00e1s\u00e1ra.<\/p>\n","protected":false},"featured_media":704281,"template":"","meta":{"_acf_changed":false},"product_brand":[15149],"product_cat":[12911],"product_tag":[],"class_list":{"0":"post-704250","1":"product","2":"type-product","3":"status-publish","4":"has-post-thumbnail","6":"product_brand-eberlestock","7":"product_cat-hatizsakok","9":"first","10":"instock","11":"taxable","12":"shipping-taxable","13":"purchasable","14":"product-type-variable","15":"wvs-archive-product-wrapper"},"acf":[],"_links":{"self":[{"href":"https:\/\/nbg.eu\/hu\/wp-json\/wp\/v2\/product\/704250","targetHints":{"allow":["GET"]}}],"collection":[{"href":"https:\/\/nbg.eu\/hu\/wp-json\/wp\/v2\/product"}],"about":[{"href":"https:\/\/nbg.eu\/hu\/wp-json\/wp\/v2\/types\/product"}],"wp:featuredmedia":[{"embeddable":true,"href":"https:\/\/nbg.eu\/hu\/wp-json\/wp\/v2\/media\/704281"}],"wp:attachment":[{"href":"https:\/\/nbg.eu\/hu\/wp-json\/wp\/v2\/media?parent=704250"}],"wp:term":[{"taxonomy":"product_brand","embeddable":true,"href":"https:\/\/nbg.eu\/hu\/wp-json\/wp\/v2\/product_brand?post=704250"},{"taxonomy":"product_cat","embeddable":true,"href":"https:\/\/nbg.eu\/hu\/wp-json\/wp\/v2\/product_cat?post=704250"},{"taxonomy":"product_tag","embeddable":true,"href":"https:\/\/nbg.eu\/hu\/wp-json\/wp\/v2\/product_tag?post=704250"}],"curies":[{"name":"wp","href":"https:\/\/api.w.org\/{rel}","templated":true}]}}