{"id":704604,"date":"2025-12-23T12:15:29","date_gmt":"2025-12-23T09:15:29","guid":{"rendered":"https:\/\/nbg.eu\/product\/taszitokeses-csomag\/"},"modified":"2026-04-15T14:24:31","modified_gmt":"2026-04-15T11:24:31","slug":"taszitokeses-csomag","status":"publish","type":"product","link":"https:\/\/nbg.eu\/hu\/termek\/taszitokeses-csomag\/","title":{"rendered":"Eberlestock H\u00e1tizs\u00e1k Switchblade"},"content":{"rendered":"<h2>Switchblade csomag: Maxim\u00e1lis t\u00e9r \u00e9s diszkr\u00e9t sz\u00e1ll\u00edt\u00e1s<\/h2>\n<p>A Switchblade\u2122 csomag \u00fagy van kialak\u00edtva, hogy alacsony profil\u00fa legyen, mik\u00f6zben maxim\u00e1lis teret \u00e9s szervezetts\u00e9get k\u00edn\u00e1l. Nyissa ki a fels\u0151 fed\u00e9lzseb bej\u00e1ratot, hogy hozz\u00e1f\u00e9rjen k\u00e9t magazintart\u00f3hoz \u00e9s egy\u00e9b kisebb rendszerez\u0151 elemekhez. Bel\u00fcl tal\u00e1l egy dokumentum-elv\u00e1laszt\u00f3t, amely t\u00f6k\u00e9letes egy iPad, laptop vagy ak\u00e1r egy r\u00f6vid cs\u00f6v\u0171 puska sz\u00e1m\u00e1ra.<\/p>\n<p>A csomag elej\u00e9n egy kiemelked\u0151en nagy zseb tal\u00e1lhat\u00f3 a fontos t\u00e9telek gyors el\u00e9r\u00e9s\u00e9hez. Mindk\u00e9t oldalon egy-egy zsin\u00f3ros poh\u00e1rtart\u00f3 zseb, valamint egy lapos oldals\u00f3 cipz\u00e1ras zseb tal\u00e1lhat\u00f3. A csomag rejtet, m\u00e1gnesesen ny\u00edl\u00f3, gyors hozz\u00e1f\u00e9r\u00e9s\u0171 fegyvertart\u00f3 zsebtel is rendelkezik a diszkr\u00e9t rejtett hordoz\u00e1s \u00e9rdek\u00e9ben.<\/p>\n<p>\u00d6sszesen 1.785 k\u00f6bh\u00fcveknyi (29,3 l) t\u00e9rfogattal \u00e9s mind\u00f6ssze 3,60 fontos s\u00fallyal a Switchblade\u2122 b\u0151s\u00e9ges helyet \u00e9s hordozhat\u00f3s\u00e1got k\u00edn\u00e1l. A f\u0151 t\u00e1ska m\u00e9retei 20,5 H x 12 Sz x 8 M h\u00fcvelyk, ami sokoldal\u00fa v\u00e1laszt\u00e1st jelent a mindennapi haszn\u00e1latra vagy taktikai m\u0171veletekre.<\/p>\n<p>Kulcsfontoss\u00e1g\u00fa jellemz\u0151i k\u00f6z\u00e9 tartozik a ritkaf\u00f6ldf\u00e9m m\u00e1gnesekkel ell\u00e1tott ny\u00edl\u00e1sok a k\u00e9zifegyver rejtett tart\u00f3t\u00e1sk\u00e1k gyors hozz\u00e1f\u00e9r\u00e9s\u00e9hez, a hurok-t\u00e9p\u0151z\u00e1ras PALS hevederrendszer a MOLLE- vagy t\u00e9p\u0151z\u00e1ras kieg\u00e9sz\u00edt\u0151k r\u00f6gz\u00edt\u00e9s\u00e9hez, valamint a bels\u0151 zsebek a hidrat\u00e1ci\u00f3s rendszer, a magazinok \u00e9s a kisebb rendszerez\u0151 elemek sz\u00e1m\u00e1ra. A levehet\u0151 hevederrendszer \u00e9s cs\u00edp\u0151heveder-kompatibilit\u00e1s n\u00f6veli a csomag testreszabhat\u00f3s\u00e1g\u00e1t.<\/p>\n<p>A Switchblade\u2122 a \u00faj MOLLE-10 hevederrendszerrel is rendelkezik, amely 60%-kal k\u00f6nnyebb a standard 25 mm-es MOLLE m\u00e1trixokn\u00e1l, valamint egy k\u00e9tkezes rejtett tok, amely legt\u00f6bb pisztoly, bele\u00e9rtve a teljes keretes automata fegyverek sz\u00e1m\u00e1ra is alkalmas. Az id\u0151j\u00e1r\u00e1s elleni v\u00e9delemhez haszn\u00e1lja a Kis Ford\u00edthat\u00f3 Es\u0151v\u00e9d\u0151 Bevonatot.<\/p>\n","protected":false},"excerpt":{"rendered":"<p>A Switchblade\u2122 alacsony profil\u00fa, maxim\u00e1lis t\u00e9rrel \u00e9s szervez\u00e9ssel. Nyissa ki a fels\u0151 fed\u00e9lzseb-ny\u00edl\u00e1st, \u00e9s k\u00e9t magazint\u00e1rol\u00f3t, valamint egy\u00e9b kis szervez\u0151 funkci\u00f3kat tal\u00e1l. Bel\u00fcl dokumentumoszt\u00f3t tal\u00e1l iPad, laptop vagy ak\u00e1r r\u00f6vid cs\u00f6v\u0171 puska sz\u00e1m\u00e1ra. A csomag elej\u00e9n egy nagym\u00e9ret\u0171 zseb tal\u00e1lhat\u00f3 a fontos t\u00e9telek gyors el\u00e9r\u00e9s\u00e9hez. Mindk\u00e9t oldalon h\u00faz\u00f3zsin\u00f3ros poh\u00e1rtart\u00f3 zsebek, valamint lapos oldals\u00f3 cipz\u00e1ras zseb tal\u00e1lhat\u00f3. Rejtett, m\u00e1gneses nyit\u00e1s\u00fa, gyors hozz\u00e1f\u00e9r\u00e9s\u0171 CCW zseb is r\u00e9sze a csomagnak.<\/p>\n","protected":false},"featured_media":704656,"template":"","meta":{"_acf_changed":false},"product_brand":[15149],"product_cat":[12911],"product_tag":[],"class_list":{"0":"post-704604","1":"product","2":"type-product","3":"status-publish","4":"has-post-thumbnail","6":"product_brand-eberlestock","7":"product_cat-hatizsakok","9":"first","10":"instock","11":"taxable","12":"shipping-taxable","13":"purchasable","14":"product-type-variable","15":"wvs-archive-product-wrapper"},"acf":[],"_links":{"self":[{"href":"https:\/\/nbg.eu\/hu\/wp-json\/wp\/v2\/product\/704604","targetHints":{"allow":["GET"]}}],"collection":[{"href":"https:\/\/nbg.eu\/hu\/wp-json\/wp\/v2\/product"}],"about":[{"href":"https:\/\/nbg.eu\/hu\/wp-json\/wp\/v2\/types\/product"}],"wp:featuredmedia":[{"embeddable":true,"href":"https:\/\/nbg.eu\/hu\/wp-json\/wp\/v2\/media\/704656"}],"wp:attachment":[{"href":"https:\/\/nbg.eu\/hu\/wp-json\/wp\/v2\/media?parent=704604"}],"wp:term":[{"taxonomy":"product_brand","embeddable":true,"href":"https:\/\/nbg.eu\/hu\/wp-json\/wp\/v2\/product_brand?post=704604"},{"taxonomy":"product_cat","embeddable":true,"href":"https:\/\/nbg.eu\/hu\/wp-json\/wp\/v2\/product_cat?post=704604"},{"taxonomy":"product_tag","embeddable":true,"href":"https:\/\/nbg.eu\/hu\/wp-json\/wp\/v2\/product_tag?post=704604"}],"curies":[{"name":"wp","href":"https:\/\/api.w.org\/{rel}","templated":true}]}}