{"id":719770,"date":"2026-01-26T13:11:03","date_gmt":"2026-01-26T10:11:03","guid":{"rendered":"https:\/\/nbg.eu\/product\/ferfias-peak-orange-14c28n\/"},"modified":"2026-05-13T16:03:01","modified_gmt":"2026-05-13T13:03:01","slug":"ferfias-peak-orange-14c28n","status":"publish","type":"product","link":"https:\/\/nbg.eu\/hu\/termek\/ferfias-peak-orange-14c28n\/","title":{"rendered":"F\u00e9rfias PEAK ORANGE 14C28N"},"content":{"rendered":"<h2>Manly PEAK ORANGE 14C28N \u00f6sszecsukhat\u00f3 k\u00e9s<\/h2>\n<p>A Manly PEAK ORANGE 14C28N \u00f6sszecsukhat\u00f3 k\u00e9s egy cser\u00e9lhet\u0151 klipppel rendelkezik, amely mind a balkezes, mind a jobban kezes felhaszn\u00e1l\u00f3k sz\u00e1m\u00e1ra hozz\u00e1f\u00e9rhet\u0151. Strapab\u00edr\u00f3 Backlock z\u00e1r\u00f3rendszer\u00e9nek k\u00f6sz\u00f6nhet\u0151en ez a k\u00e9s megb\u00edzhat\u00f3 \u00e9s biztons\u00e1gos teljes\u00edtm\u00e9nyt ny\u00fajt.<\/p>\n<p>Prec\u00edzi\u00f3s megmunk\u00e1l\u00e1ssal k\u00e9sz\u00fclt, a PEAK ORANGE 14C28N 9,4 cm-es 14C28N ac\u00e9lb\u00f3l k\u00e9sz\u00fclt peng\u00e9vel \u00e9s tart\u00f3s G10 markolattal rendelkezik, amely k\u00e9nyelmes \u00e9s megb\u00edzhat\u00f3 fog\u00e1st biztos\u00edt. Az \u00f6sszesen 22 cm-es hossza r\u00e9v\u00e9n sokoldal\u00fa v\u00e1laszt\u00e1s a k\u00fcl\u00f6nf\u00e9le feladatokhoz. 115 g-os s\u00faly\u00e1val j\u00f3l kiegyens\u00falyozott \u00e9s k\u00f6nnyen kezelhet\u0151.<\/p>\n<p>A Nail Nick nyit\u00f3mechanizmus lehet\u0151v\u00e9 teszi az egykezes m\u0171k\u00f6dtet\u00e9st, m\u00edg a Backlock z\u00e1r\u00f3rendszer biztons\u00e1gosan r\u00f6gz\u00edti a peng\u00e9t haszn\u00e1lat k\u00f6zben. Eleg\u00e1ns narancs sz\u00edn\u00e9vel a PEAK ORANGE 14C28N st\u00edlusos kieg\u00e9sz\u00edt\u0151je lehet a mindennapi viseletnek.<\/p>\n","protected":false},"excerpt":{"rendered":"<p>K\u00e9toldalas csipesz, k\u00e9tkezes. H\u00e1tlap z\u00e1r\u00f3szerkezet. PEAK ORANGE 14C28N.<\/p>\n","protected":false},"featured_media":719819,"template":"","meta":{"_acf_changed":false},"product_brand":[15083],"product_cat":[15375,15350],"product_tag":[],"class_list":{"0":"post-719770","1":"product","2":"type-product","3":"status-publish","4":"has-post-thumbnail","6":"product_brand-manly-knives","7":"product_cat-folding-knives-hu","8":"product_cat-knives-hu","10":"first","11":"outofstock","12":"taxable","13":"shipping-taxable","14":"purchasable","15":"product-type-simple"},"acf":[],"_links":{"self":[{"href":"https:\/\/nbg.eu\/hu\/wp-json\/wp\/v2\/product\/719770","targetHints":{"allow":["GET"]}}],"collection":[{"href":"https:\/\/nbg.eu\/hu\/wp-json\/wp\/v2\/product"}],"about":[{"href":"https:\/\/nbg.eu\/hu\/wp-json\/wp\/v2\/types\/product"}],"wp:featuredmedia":[{"embeddable":true,"href":"https:\/\/nbg.eu\/hu\/wp-json\/wp\/v2\/media\/719819"}],"wp:attachment":[{"href":"https:\/\/nbg.eu\/hu\/wp-json\/wp\/v2\/media?parent=719770"}],"wp:term":[{"taxonomy":"product_brand","embeddable":true,"href":"https:\/\/nbg.eu\/hu\/wp-json\/wp\/v2\/product_brand?post=719770"},{"taxonomy":"product_cat","embeddable":true,"href":"https:\/\/nbg.eu\/hu\/wp-json\/wp\/v2\/product_cat?post=719770"},{"taxonomy":"product_tag","embeddable":true,"href":"https:\/\/nbg.eu\/hu\/wp-json\/wp\/v2\/product_tag?post=719770"}],"curies":[{"name":"wp","href":"https:\/\/api.w.org\/{rel}","templated":true}]}}