{"id":719996,"date":"2024-08-17T16:59:32","date_gmt":"2024-08-17T13:59:32","guid":{"rendered":"https:\/\/nbg.eu\/product\/grips-kmr-l-modular-csiszolopapir-rovid-az-orca-emiq-titan\/"},"modified":"2026-04-16T17:35:03","modified_gmt":"2026-04-16T14:35:03","slug":"grips-kmr-l-modular-csiszolopapir-rovid-az-orca-emiq-titan","status":"publish","type":"product","link":"https:\/\/nbg.eu\/hu\/termek\/grips-kmr-l-modular-csiszolopapir-rovid-az-orca-emiq-titan\/","title":{"rendered":"KMR Markolatok L Modular Sandpaper R\u00f6vid Orca, EMIQ Tit\u00e1n"},"content":{"rendered":"<h2>Grips KMR L Modular Homokpap\u00edr R\u00f6vid az Orca, Emiq Titan sz\u00e1m\u00e1ra<\/h2>\n<p>Emelje a l\u00f6v\u00e9si \u00e9lm\u00e9ny\u00e9t a Grips KMR L Modular Homokpap\u00edr R\u00f6vid az Orca \u00e9s Emiq Titan sz\u00e1m\u00e1ra. Pr\u00e9mium anodiz\u00e1lt duralumin anyagb\u00f3l k\u00e9sz\u00fclt, amely kiemelked\u0151 tart\u00f3ss\u00e1got \u00e9s eleg\u00e1ns, modern megjelen\u00e9st biztos\u00edt. Magazinvezet\u0151 haszn\u00e1lat\u00e1ra tervezt\u00e9k, a r\u00f6vid hossz pedig fokozott ir\u00e1ny\u00edt\u00e1st \u00e9s man\u0151verezhet\u0151s\u00e9get k\u00edn\u00e1l, \u00edgy sz\u00e9les k\u00f6r\u0171 l\u00f6v\u00e9si alkalmaz\u00e1sokhoz ide\u00e1lis v\u00e1laszt\u00e1s.<\/p>\n<p>A modul\u00e1ris kialak\u00edt\u00e1s lehet\u0151v\u00e9 teszi az egyszer\u0171 testreszab\u00e1st, \u00edgy a fog\u00e1st az \u00d6n egy\u00e9ni ig\u00e9nyeihez igaz\u00edthatja. Homokpap\u00edr-szer\u0171 text\u00far\u00e1j\u00e1val ez a fog\u00e1s biztos \u00e9s magabiztos tart\u00e1st ny\u00fajt, biztos\u00edtva az optim\u00e1lis stabilit\u00e1st \u00e9s ir\u00e1ny\u00edt\u00e1st a l\u00f6v\u00e9si tev\u00e9kenys\u00e9g sor\u00e1n. A mell\u00e9kelt Torx csavarok pedig egyszer\u0171v\u00e9 teszik a telep\u00edt\u00e9st, lehet\u0151v\u00e9 t\u00e9ve, hogy sim\u00e1n integr\u00e1lhat\u00f3 legyen az Orca vagy Emiq Titan platformba.<\/p>\n<p>Emelje a l\u00f6v\u00e9si \u00e9lm\u00e9ny\u00e9t a Grips KMR L Modular Homokpap\u00edr R\u00f6vidde\u00ed. Prec\u00edzi\u00f3s kivitelez\u00e9ssel \u00e9s r\u00e9szletekre figyelve k\u00e9sz\u00fclt, ez a fog\u00e1s n\u00e9lk\u00fcl\u00f6zhetetlen kieg\u00e9sz\u00edt\u0151 minden komoly l\u00f6v\u00e9sz sz\u00e1m\u00e1ra. Friss\u00edtse a felszerel\u00e9s\u00e9t m\u00e9g ma, \u00e9s tapasztalja meg, milyen k\u00fcl\u00f6nbs\u00e9get tehet a kiv\u00e1l\u00f3 min\u0151s\u00e9g \u00e9s a tervez\u00e9s.<\/p>\n","protected":false},"excerpt":{"rendered":"<p>Grips KMR L Modul\u00e1ris Csiszol\u00f3pap\u00edr R\u00f6vid Orca, Emiq Titan. Anodiz\u00e1lt duralumin, magazinvezet\u0151vel, Torx csavarokkal, KMR log\u00f3val.<\/p>\n","protected":false},"featured_media":720023,"template":"","meta":{"_acf_changed":false},"product_brand":[11502],"product_cat":[12917,14874],"product_tag":[],"class_list":{"0":"post-719996","1":"product","2":"type-product","3":"status-publish","4":"has-post-thumbnail","6":"product_brand-kmr-precision","7":"product_cat-kmr-alkatreszek","8":"product_cat-pistol-grips-hu","10":"first","11":"instock","12":"taxable","13":"shipping-taxable","14":"product-type-simple"},"acf":[],"_links":{"self":[{"href":"https:\/\/nbg.eu\/hu\/wp-json\/wp\/v2\/product\/719996","targetHints":{"allow":["GET"]}}],"collection":[{"href":"https:\/\/nbg.eu\/hu\/wp-json\/wp\/v2\/product"}],"about":[{"href":"https:\/\/nbg.eu\/hu\/wp-json\/wp\/v2\/types\/product"}],"wp:featuredmedia":[{"embeddable":true,"href":"https:\/\/nbg.eu\/hu\/wp-json\/wp\/v2\/media\/720023"}],"wp:attachment":[{"href":"https:\/\/nbg.eu\/hu\/wp-json\/wp\/v2\/media?parent=719996"}],"wp:term":[{"taxonomy":"product_brand","embeddable":true,"href":"https:\/\/nbg.eu\/hu\/wp-json\/wp\/v2\/product_brand?post=719996"},{"taxonomy":"product_cat","embeddable":true,"href":"https:\/\/nbg.eu\/hu\/wp-json\/wp\/v2\/product_cat?post=719996"},{"taxonomy":"product_tag","embeddable":true,"href":"https:\/\/nbg.eu\/hu\/wp-json\/wp\/v2\/product_tag?post=719996"}],"curies":[{"name":"wp","href":"https:\/\/api.w.org\/{rel}","templated":true}]}}