{"id":720223,"date":"2025-05-21T16:04:06","date_gmt":"2025-05-21T13:04:06","guid":{"rendered":"https:\/\/nbg.eu\/product\/magazine-kmr-l-02-orca-cal-40-sw-18-toltenyes\/"},"modified":"2026-04-16T17:30:00","modified_gmt":"2026-04-16T14:30:00","slug":"magazine-kmr-l-02-orca-cal-40-sw-18-toltenyes","status":"publish","type":"product","link":"https:\/\/nbg.eu\/hu\/termek\/magazine-kmr-l-02-orca-cal-40-sw-18-toltenyes\/","title":{"rendered":"KMR T\u00e1r L-02 ORCA .40 S&amp;W 18 T\u00f6lt."},"content":{"rendered":"<h2>MAGAZINE KMR L-02 ORCA &#8211; T\u0171zer\u0151d n\u00f6vel\u00e9se<\/h2>\n<p>Bemutatjuk a MAGAZINE KMR L-02 ORCA term\u00e9ket, egy nagy kapacit\u00e1s\u00fa t\u00e1rat, amely t\u00f6k\u00e9letes\u00edti a l\u00f6v\u00e9szeti \u00e9lm\u00e9nyedet. .40 S&amp;W l\u00f6ved\u00e9khez tervezve, ez a t\u00e1r 18 t\u00f6lt\u00e9nyt k\u00e9pes befogadni, \u00edgy n\u00f6velve a t\u0171zer\u0151det \u00e9s cs\u00f6kkentve az \u00fajrat\u00f6lt\u00e9si sz\u00fcks\u00e9gletet.<\/p>\n<p>Prec\u00edz kivitelez\u00e9ssel \u00e9s r\u00e9szletekre figyelve k\u00e9sz\u00fclt ez a t\u00e1r, amely elengedhetetlen kieg\u00e9sz\u00edt\u0151je a legjobbat k\u00f6vetel\u0151 l\u00f6v\u00e9szeknek. Robusztus fel\u00e9p\u00edt\u00e9se garant\u00e1lja a megb\u00edzhat\u00f3 teljes\u00edtm\u00e9nyt, m\u00e9g a legsz\u00e9ls\u0151s\u00e9gesebb k\u00f6r\u00fclm\u00e9nyek k\u00f6z\u00f6tt is.<\/p>\n<p>Eleg\u00e1ns \u00e9s ergonomikus kialak\u00edt\u00e1s\u00e1val a MAGAZINE KMR L-02 ORCA t\u00f6k\u00e9letesen illeszkedik a fegyverhez, k\u00e9nyelmes \u00e9s biztons\u00e1gos fog\u00e1st ny\u00fajtva. Megn\u00f6velt kapacit\u00e1sa r\u00e9v\u00e9n hosszabb ideig maradhatsz harcban, cs\u00f6kkentve az \u00fajrat\u00f6lt\u00e9sek sz\u00fcks\u00e9gess\u00e9g\u00e9t \u00e9s maximaliz\u00e1lva a taktikai el\u0151ny\u00f6det.<\/p>\n<p>Tapasztald meg a MAGAZINE KMR L-02 ORCA erej\u00e9t \u00e9s sokoldal\u00fas\u00e1g\u00e1t, a .40 S&amp;W fegyverhez sz\u00e1nt t\u00f6k\u00e9letes nagy kapacit\u00e1s\u00fa t\u00e1rt\u00f6ltetet.<\/p>\n<p>Referenciasz\u00e1m: 1152-02403-0001.<\/p>\n","protected":false},"excerpt":{"rendered":"<p>ORCA KMR L-02 magazin, cal. 40 S&amp;W, 18 t\u00f6lt\u00e9nyes, nagy kapacit\u00e1s\u00fa magazin fokozott t\u0171zer\u0151 \u00e9rdek\u00e9ben.<\/p>\n","protected":false},"featured_media":365271,"template":"","meta":{"_acf_changed":false},"product_brand":[11502],"product_cat":[12917,12913],"product_tag":[],"class_list":{"0":"post-720223","1":"product","2":"type-product","3":"status-publish","4":"has-post-thumbnail","6":"product_brand-kmr-precision","7":"product_cat-kmr-alkatreszek","8":"product_cat-pisztoly-alkatreszek","10":"first","11":"instock","12":"taxable","13":"shipping-taxable","14":"product-type-simple"},"acf":[],"_links":{"self":[{"href":"https:\/\/nbg.eu\/hu\/wp-json\/wp\/v2\/product\/720223","targetHints":{"allow":["GET"]}}],"collection":[{"href":"https:\/\/nbg.eu\/hu\/wp-json\/wp\/v2\/product"}],"about":[{"href":"https:\/\/nbg.eu\/hu\/wp-json\/wp\/v2\/types\/product"}],"wp:featuredmedia":[{"embeddable":true,"href":"https:\/\/nbg.eu\/hu\/wp-json\/wp\/v2\/media\/365271"}],"wp:attachment":[{"href":"https:\/\/nbg.eu\/hu\/wp-json\/wp\/v2\/media?parent=720223"}],"wp:term":[{"taxonomy":"product_brand","embeddable":true,"href":"https:\/\/nbg.eu\/hu\/wp-json\/wp\/v2\/product_brand?post=720223"},{"taxonomy":"product_cat","embeddable":true,"href":"https:\/\/nbg.eu\/hu\/wp-json\/wp\/v2\/product_cat?post=720223"},{"taxonomy":"product_tag","embeddable":true,"href":"https:\/\/nbg.eu\/hu\/wp-json\/wp\/v2\/product_tag?post=720223"}],"curies":[{"name":"wp","href":"https:\/\/api.w.org\/{rel}","templated":true}]}}