{"id":720282,"date":"2025-03-04T21:36:59","date_gmt":"2025-03-04T18:36:59","guid":{"rendered":"https:\/\/nbg.eu\/product\/kezi-biztonsagi-felszereles-kmr-27-lapos-balkezes\/"},"modified":"2026-04-16T17:30:26","modified_gmt":"2026-04-16T14:30:26","slug":"kezi-biztonsagi-felszereles-kmr-27-lapos-balkezes","status":"publish","type":"product","link":"https:\/\/nbg.eu\/hu\/termek\/kezi-biztonsagi-felszereles-kmr-27-lapos-balkezes\/","title":{"rendered":"KMR K\u00e9zi Biztos\u00edt\u00e9kszett 27 Lapos, Balkezes"},"content":{"rendered":"<h2>KMR 27 FLAT, BAL OLDALI MANU\u00c1LIS BIZTONS\u00c1GI K\u00c9SZLET<\/h2>\n<p>A KMR 27 FLAT, BAL OLDALI MANU\u00c1LIS BIZTONS\u00c1GI K\u00c9SZLET egy magas min\u0151s\u00e9g\u0171 biztons\u00e1gi eszk\u00f6z, amely bal kezes haszn\u00e1l\u00f3knak k\u00e9sz\u00fclt. Ez a k\u00e9szlet lapos profil\u00fa a karcs\u00fa, diszkr\u00e9t megjelen\u00e9s \u00e9s a k\u00f6nny\u0171 kezel\u00e9s \u00e9rdek\u00e9ben. Prec\u00edz m\u00e9rn\u00f6ki munk\u00e1val k\u00e9sz\u00fclt, a biztons\u00e1gi k\u00e9szlet megb\u00edzhat\u00f3 v\u00e9delmet ny\u00fajt a v\u00e9letlen els\u00fct\u00e9s ellen, \u00edgy fokozva a t\u0171zfegyver \u00e1ltal\u00e1nos biztons\u00e1g\u00e1t.<\/p>\n<p>A KMR 27 FLAT, BAL OLDALI MANU\u00c1LIS BIZTONS\u00c1GI K\u00c9SZLET sz\u00e9les k\u00f6rben kompatibilis a t\u0171zfegyverekkel, \u00e9s egy sokoldal\u00fa, megb\u00edzhat\u00f3 biztons\u00e1gi megold\u00e1st k\u00edn\u00e1l. Lapos profilja cs\u00f6kkenti a beakad\u00e1s vagy az interferencia kock\u00e1zat\u00e1t, \u00edgy egy sima \u00e9s zavar\u00f3 hat\u00e1s n\u00e9lk\u00fcli felhaszn\u00e1l\u00f3i \u00e9lm\u00e9nyt biztos\u00edt. Ak\u00e1r tapasztalt l\u00f6v\u0151, ak\u00e1r kezd\u0151, ez a biztons\u00e1gi k\u00e9szlet elengedhetetlen kieg\u00e9sz\u00edt\u0151je a t\u0171zfegyver-tartoz\u00e9koknak.<\/p>\n","protected":false},"excerpt":{"rendered":"<p>K\u00e9zi biztons\u00e1gi k\u00e9szlet KMR 27, lapos, balkezes kialak\u00edt\u00e1s a megb\u00edzhat\u00f3 m\u0171k\u00f6d\u00e9s \u00e9rdek\u00e9ben.<\/p>\n","protected":false},"featured_media":236770,"template":"","meta":{"_acf_changed":false},"product_brand":[11502],"product_cat":[12917],"product_tag":[],"class_list":{"0":"post-720282","1":"product","2":"type-product","3":"status-publish","4":"has-post-thumbnail","6":"product_brand-kmr-precision","7":"product_cat-kmr-alkatreszek","9":"first","10":"instock","11":"taxable","12":"shipping-taxable","13":"purchasable","14":"product-type-simple"},"acf":[],"_links":{"self":[{"href":"https:\/\/nbg.eu\/hu\/wp-json\/wp\/v2\/product\/720282","targetHints":{"allow":["GET"]}}],"collection":[{"href":"https:\/\/nbg.eu\/hu\/wp-json\/wp\/v2\/product"}],"about":[{"href":"https:\/\/nbg.eu\/hu\/wp-json\/wp\/v2\/types\/product"}],"wp:featuredmedia":[{"embeddable":true,"href":"https:\/\/nbg.eu\/hu\/wp-json\/wp\/v2\/media\/236770"}],"wp:attachment":[{"href":"https:\/\/nbg.eu\/hu\/wp-json\/wp\/v2\/media?parent=720282"}],"wp:term":[{"taxonomy":"product_brand","embeddable":true,"href":"https:\/\/nbg.eu\/hu\/wp-json\/wp\/v2\/product_brand?post=720282"},{"taxonomy":"product_cat","embeddable":true,"href":"https:\/\/nbg.eu\/hu\/wp-json\/wp\/v2\/product_cat?post=720282"},{"taxonomy":"product_tag","embeddable":true,"href":"https:\/\/nbg.eu\/hu\/wp-json\/wp\/v2\/product_tag?post=720282"}],"curies":[{"name":"wp","href":"https:\/\/api.w.org\/{rel}","templated":true}]}}