{"id":720872,"date":"2024-08-18T12:16:47","date_gmt":"2024-08-18T09:16:47","guid":{"rendered":"https:\/\/nbg.eu\/product\/tuszeglar-kmr-l\/"},"modified":"2026-05-13T16:02:00","modified_gmt":"2026-05-13T13:02:00","slug":"tuszeglar-kmr-l","status":"publish","type":"product","link":"https:\/\/nbg.eu\/hu\/termek\/tuszeglar-kmr-l\/","title":{"rendered":"KMR \u00dct\u0151szeg L"},"content":{"rendered":"<h2>Firing Pin KMR L: A megb\u00edzhat\u00f3 v\u00e1laszt\u00e1s prec\u00edzi\u00f3s l\u00f6v\u00e9szethez<\/h2>\n<p>Bemutatjuk a Firing Pin KMR L-t, egy cs\u00facsmin\u0151s\u00e9g\u0171 alkatr\u00e9szt, amelyet komoly l\u00f6v\u00e9szek sz\u00e1m\u00e1ra terveztek. Prec\u00edzi\u00f3s kivitelez\u00e9ssel \u00e9s r\u00e9szletekre figyelve k\u00e9sz\u00fclt ez a t\u0171szeg, amely k\u00fcl\u00f6nb\u00f6z\u0151 modellekben \u00e9rhet\u0151 el, hogy megfeleljen az \u00d6n egy\u00e9ni ig\u00e9nyeinek.<\/p>\n<p>Tart\u00f3s \u00e9p\u00edt\u00e9s\u00e9nek k\u00f6sz\u00f6nhet\u0151en a Firing Pin KMR L ellen\u00e1ll a gyakori haszn\u00e1lat terhel\u00e9s\u00e9nek. Z\u00f6kken\u0151mentes illeszked\u00e9se garant\u00e1lja a sima, megb\u00edzhat\u00f3 ravazdh\u00faz\u00e1st, lehet\u0151v\u00e9 t\u00e9ve a pontos l\u00f6v\u00e9sek lead\u00e1s\u00e1t magabiztos m\u00f3don. T\u00fcz\u00e9rfegyver\u00e9vel harmoniz\u00e1lva ez a t\u0171szeg a t\u00f6k\u00e9letes friss\u00edt\u00e9s azok sz\u00e1m\u00e1ra, akik l\u00f6v\u00e9sz\u00e9lm\u00e9ny\u00fcket k\u00edv\u00e1nj\u00e1k fejleszteni.<\/p>\n<p>Friss\u00edtse fegyver\u00e9t m\u00e9g ma, \u00e9s emelje l\u00f6v\u00e9szete \u00faj magaslatokra.<\/p>\n","protected":false},"excerpt":{"rendered":"<p>L\u0151szegfog\u00f3 KMR L: Sokoldal\u00fa l\u0151szegfog\u00f3 a KMR L sorozat\u00fa fegyverekhez.<\/p>\n","protected":false},"featured_media":30321,"template":"","meta":{"_acf_changed":false},"product_brand":[11502],"product_cat":[12917,14769],"product_tag":[],"class_list":{"0":"post-720872","1":"product","2":"type-product","3":"status-publish","4":"has-post-thumbnail","6":"product_brand-kmr-precision","7":"product_cat-kmr-alkatreszek","8":"product_cat-utoszegek","10":"first","11":"outofstock","12":"taxable","13":"shipping-taxable","14":"product-type-simple"},"acf":[],"_links":{"self":[{"href":"https:\/\/nbg.eu\/hu\/wp-json\/wp\/v2\/product\/720872","targetHints":{"allow":["GET"]}}],"collection":[{"href":"https:\/\/nbg.eu\/hu\/wp-json\/wp\/v2\/product"}],"about":[{"href":"https:\/\/nbg.eu\/hu\/wp-json\/wp\/v2\/types\/product"}],"wp:featuredmedia":[{"embeddable":true,"href":"https:\/\/nbg.eu\/hu\/wp-json\/wp\/v2\/media\/30321"}],"wp:attachment":[{"href":"https:\/\/nbg.eu\/hu\/wp-json\/wp\/v2\/media?parent=720872"}],"wp:term":[{"taxonomy":"product_brand","embeddable":true,"href":"https:\/\/nbg.eu\/hu\/wp-json\/wp\/v2\/product_brand?post=720872"},{"taxonomy":"product_cat","embeddable":true,"href":"https:\/\/nbg.eu\/hu\/wp-json\/wp\/v2\/product_cat?post=720872"},{"taxonomy":"product_tag","embeddable":true,"href":"https:\/\/nbg.eu\/hu\/wp-json\/wp\/v2\/product_tag?post=720872"}],"curies":[{"name":"wp","href":"https:\/\/api.w.org\/{rel}","templated":true}]}}