{"id":721202,"date":"2024-08-17T15:12:22","date_gmt":"2024-08-17T12:12:22","guid":{"rendered":"https:\/\/nbg.eu\/product\/csuszo-csatlakozo-tu-25x18-m6-kmr\/"},"modified":"2026-04-16T17:35:38","modified_gmt":"2026-04-16T14:35:38","slug":"csuszo-csatlakozo-tu-25x18-m6-kmr","status":"publish","type":"product","link":"https:\/\/nbg.eu\/hu\/termek\/csuszo-csatlakozo-tu-25x18-m6-kmr\/","title":{"rendered":"KMR Tol\u00f3z\u00e1r Hosszabb\u00edt\u00f3 Csap 2.5&#215;18 M6"},"content":{"rendered":"<h2>Cs\u00fasz\u00f3-b\u0151v\u00edt\u0151 csapszeg 2,5X18 M6 KMR<\/h2>\n<p>A Cs\u00fasz\u00f3-b\u0151v\u00edt\u0151 csapszeg 2,5X18 M6 KMR egy sokoldal\u00fa \u00e9s megb\u00edzhat\u00f3 hardverelem, amely sz\u00e1mos alkalmaz\u00e1shoz haszn\u00e1lhat\u00f3. 2,5 mm \u00e1tm\u00e9r\u0151vel \u00e9s 18 mm hossz\u00fas\u00e1ggal rendelkezik, \u00e9s M6-os menettel kompatibilis, \u00edgy k\u00fcl\u00f6nb\u00f6z\u0151 \u00f6sszeszerel\u00e9si \u00e9s r\u00f6gz\u00edt\u00e9si c\u00e9lokra alkalmas.<\/p>\n<p>Tart\u00f3s anyagokb\u00f3l k\u00e9sz\u00fclt, a Cs\u00fasz\u00f3-b\u0151v\u00edt\u0151 csapszeg 2,5X18 M6 KMR kiv\u00e9teles szil\u00e1rds\u00e1got \u00e9s stabilit\u00e1st biztos\u00edt, garant\u00e1lva a biztons\u00e1gos \u00e9s tart\u00f3s csatlakoz\u00e1st. Kompakt m\u00e9rete lehet\u0151v\u00e9 teszi a sz\u0171k t\u00e9rbe t\u00f6rt\u00e9n\u0151 be\u00e9p\u00edt\u00e9st, sima fel\u00fclete \u00e9s pontos menete pedig tiszta, professzion\u00e1lis megjelen\u00e9st k\u00f6lcs\u00f6n\u00f6z.<\/p>\n<p>Egyszer\u0171 telep\u00edt\u00e9si folyamat\u00e1val \u00e9s k\u00fcl\u00f6nb\u00f6z\u0151 alkatr\u00e9szekkel val\u00f3 kompatibilit\u00e1s\u00e1val a Cs\u00fasz\u00f3-b\u0151v\u00edt\u0151 csapszeg 2,5X18 M6 KMR megk\u00f6nny\u00edti projektjeid \u00f6sszeszerel\u00e9s\u00e9t \u00e9s m\u00f3dos\u00edt\u00e1s\u00e1t, megtakar\u00edtva id\u0151t \u00e9s er\u0151fesz\u00edt\u00e9st. Fektesd be ebbe a kiv\u00e1l\u00f3 min\u0151s\u00e9g\u0171 hardverkomponensbe, hogy garant\u00e1ld projekted g\u00f6rd\u00fcl\u00e9keny \u00e9s hat\u00e9kony megval\u00f3s\u00edt\u00e1s\u00e1t.<\/p>\n","protected":false},"excerpt":{"rendered":"<p>Tart\u00f3s hosszabb\u00edt\u00f3 csap biztons\u00e1gos r\u00f6gz\u00edt\u00e9shez, 2,5 x 18 mm-es m\u00e9ret\u0171, M6 menettel.<\/p>\n","protected":false},"featured_media":24018,"template":"","meta":{"_acf_changed":false},"product_brand":[11502],"product_cat":[12917],"product_tag":[],"class_list":{"0":"post-721202","1":"product","2":"type-product","3":"status-publish","4":"has-post-thumbnail","6":"product_brand-kmr-precision","7":"product_cat-kmr-alkatreszek","9":"first","10":"instock","11":"taxable","12":"shipping-taxable","13":"product-type-simple"},"acf":[],"_links":{"self":[{"href":"https:\/\/nbg.eu\/hu\/wp-json\/wp\/v2\/product\/721202","targetHints":{"allow":["GET"]}}],"collection":[{"href":"https:\/\/nbg.eu\/hu\/wp-json\/wp\/v2\/product"}],"about":[{"href":"https:\/\/nbg.eu\/hu\/wp-json\/wp\/v2\/types\/product"}],"wp:featuredmedia":[{"embeddable":true,"href":"https:\/\/nbg.eu\/hu\/wp-json\/wp\/v2\/media\/24018"}],"wp:attachment":[{"href":"https:\/\/nbg.eu\/hu\/wp-json\/wp\/v2\/media?parent=721202"}],"wp:term":[{"taxonomy":"product_brand","embeddable":true,"href":"https:\/\/nbg.eu\/hu\/wp-json\/wp\/v2\/product_brand?post=721202"},{"taxonomy":"product_cat","embeddable":true,"href":"https:\/\/nbg.eu\/hu\/wp-json\/wp\/v2\/product_cat?post=721202"},{"taxonomy":"product_tag","embeddable":true,"href":"https:\/\/nbg.eu\/hu\/wp-json\/wp\/v2\/product_tag?post=721202"}],"curies":[{"name":"wp","href":"https:\/\/api.w.org\/{rel}","templated":true}]}}