{"id":721235,"date":"2024-08-18T11:07:42","date_gmt":"2024-08-18T08:07:42","guid":{"rendered":"https:\/\/nbg.eu\/product\/markolat-csavar-m35-torx-kmr\/"},"modified":"2026-04-16T17:34:16","modified_gmt":"2026-04-16T14:34:16","slug":"markolat-csavar-m35-torx-kmr","status":"publish","type":"product","link":"https:\/\/nbg.eu\/hu\/termek\/markolat-csavar-m35-torx-kmr\/","title":{"rendered":"KMR Markolat Csavar M3.5 Torx"},"content":{"rendered":"<h2>M3,5 Torx KMR fog\u00f3csavar<\/h2>\n<p>Prec\u00edzen \u00e9s r\u00e9szletesen k\u00e9sz\u00fclt, ez a fog\u00f3csavar biztons\u00e1gos \u00e9s megb\u00edzhat\u00f3 fog\u00e1st biztos\u00edt, jav\u00edtva a Weapons KMR \u00f6sszteljes\u00edtm\u00e9ny\u00e9t \u00e9s funkcionalit\u00e1s\u00e1t. A Torx kialak\u00edt\u00e1s r\u00e9v\u00e9n biztons\u00e1gos \u00e9s k\u00f6vetkezetes kapcsolatot ny\u00fajt, megakad\u00e1lyozva a nem k\u00edv\u00e1nt kilazul\u00e1st vagy elmozdul\u00e1st haszn\u00e1lat k\u00f6zben.<\/p>\n<p>Ak\u00e1r tapasztalt l\u00f6v\u00e9sz, ak\u00e1r taktikai lelkesed\u0151, ez elengedhetetlen kieg\u00e9sz\u00edt\u0151 a Weapons KMR integrit\u00e1s\u00e1nak \u00e9s megb\u00edzhat\u00f3s\u00e1g\u00e1nak fenntart\u00e1s\u00e1hoz. Emelje l\u00f6v\u00e9si \u00e9lm\u00e9ny\u00e9t ezzel a l\u00e9nyeges alkatr\u00e9sszel, amely t\u00f6k\u00e9letesen illeszkedik a v\u00e1lasztott KMR modellhez.<\/p>\n<p>A k\u00f6vetkez\u0151 Weapons KMR modellekn\u00e9l haszn\u00e1lhat\u00f3:<\/p>\n<p>KMR L-02 EMIQ<\/p>\n<p>KMR L-02 EMIQ (OR)<\/p>\n<p>KMR L-02 ORCA 2024-t\u0151l<\/p>\n<p>KMR L-02 ORCA 2023-ig<\/p>\n<p>KMR L-02 SPECTRA 2024-t\u0151l<\/p>\n<p>KMR L-02 SPECTRA 2023-ig<\/p>\n<p>KMR L-02 UMBRA (OR) SR<\/p>\n<p>KMR S-01 LANCE (OR)<\/p>\n<p>KMR S-02 2024-t\u0151l<\/p>\n<p>KMR S-02 2023-ig<\/p>\n<p>KMR W-02 CUDA (OR)<\/p>\n<p>KMR W-02 UMBRA<\/p>\n<p>KMR W-02 UMBRA (OR)<\/p>\n","protected":false},"excerpt":{"rendered":"<p>Markol\u00f3 csavar M3,5 Torx KMR fegyvermodellekhez, amelyek kompatibilisek a KMR t\u00edpusokkal.<\/p>\n","protected":false},"featured_media":25291,"template":"","meta":{"_acf_changed":false},"product_brand":[11502],"product_cat":[12917,14874],"product_tag":[],"class_list":{"0":"post-721235","1":"product","2":"type-product","3":"status-publish","4":"has-post-thumbnail","6":"product_brand-kmr-precision","7":"product_cat-kmr-alkatreszek","8":"product_cat-pistol-grips-hu","10":"first","11":"instock","12":"taxable","13":"shipping-taxable","14":"product-type-simple"},"acf":[],"_links":{"self":[{"href":"https:\/\/nbg.eu\/hu\/wp-json\/wp\/v2\/product\/721235","targetHints":{"allow":["GET"]}}],"collection":[{"href":"https:\/\/nbg.eu\/hu\/wp-json\/wp\/v2\/product"}],"about":[{"href":"https:\/\/nbg.eu\/hu\/wp-json\/wp\/v2\/types\/product"}],"wp:featuredmedia":[{"embeddable":true,"href":"https:\/\/nbg.eu\/hu\/wp-json\/wp\/v2\/media\/25291"}],"wp:attachment":[{"href":"https:\/\/nbg.eu\/hu\/wp-json\/wp\/v2\/media?parent=721235"}],"wp:term":[{"taxonomy":"product_brand","embeddable":true,"href":"https:\/\/nbg.eu\/hu\/wp-json\/wp\/v2\/product_brand?post=721235"},{"taxonomy":"product_cat","embeddable":true,"href":"https:\/\/nbg.eu\/hu\/wp-json\/wp\/v2\/product_cat?post=721235"},{"taxonomy":"product_tag","embeddable":true,"href":"https:\/\/nbg.eu\/hu\/wp-json\/wp\/v2\/product_tag?post=721235"}],"curies":[{"name":"wp","href":"https:\/\/api.w.org\/{rel}","templated":true}]}}