{"id":721303,"date":"2026-01-19T18:48:08","date_gmt":"2026-01-19T15:48:08","guid":{"rendered":"https:\/\/nbg.eu\/product\/rh-crocy-gizmo-adapter\/"},"modified":"2026-02-27T16:25:38","modified_gmt":"2026-02-27T13:25:38","slug":"rh-crocy-gizmo-adapter","status":"publish","type":"product","link":"https:\/\/nbg.eu\/hu\/termek\/rh-crocy-gizmo-adapter\/","title":{"rendered":"RH Crocy Gizmo adapter"},"content":{"rendered":"<h2>RH Crocy Gizmo adapter<\/h2>\n<p>A Crocy Gizmo egy \u00f6sszek\u00f6t\u0151 elem, amelyet az RH Crocy AIWB tokrendszerhez terveztek. Lehet\u0151v\u00e9 teszi a t\u00e1rtart\u00f3 k\u00f6zvetlen r\u00f6gz\u00edt\u00e9s\u00e9t a tokhoz a teljes appendix hord\u00e1si konfigur\u00e1ci\u00f3hoz.<\/p>\n<h3>F\u0151bb jellemz\u0151k:<\/h3>\n<ul>\n<li>\u00d6sszek\u00f6ti a Crocy t\u00e1rtart\u00f3t a Crocy AIWB tokkal<\/li>\n<li>Kydex szerkezet a tart\u00f3ss\u00e1g \u00e9rdek\u00e9ben<\/li>\n<li>Modul\u00e1ris AIWB konfigur\u00e1ci\u00f3 lehet\u0151s\u00e9ge<\/li>\n<li>K\u00f6nny\u0171 \u00e9s alacsony profil\u00fa<\/li>\n<\/ul>\n","protected":false},"excerpt":{"rendered":"<p>RH Crocy Gizmo: \u00d6sszek\u00f6t\u0151 elem t\u00e1rtart\u00f3 r\u00f6gz\u00edt\u00e9s\u00e9hez a Crocy AIWB tokhoz.<\/p>\n","protected":false},"featured_media":721304,"template":"","meta":{"_acf_changed":false},"product_brand":[11643],"product_cat":[12948],"product_tag":[],"class_list":{"0":"post-721303","1":"product","2":"type-product","3":"status-publish","4":"has-post-thumbnail","6":"product_brand-rh-holsters","7":"product_cat-tok-tartozekok","9":"first","10":"instock","11":"taxable","12":"shipping-taxable","13":"purchasable","14":"product-type-simple"},"acf":[],"_links":{"self":[{"href":"https:\/\/nbg.eu\/hu\/wp-json\/wp\/v2\/product\/721303","targetHints":{"allow":["GET"]}}],"collection":[{"href":"https:\/\/nbg.eu\/hu\/wp-json\/wp\/v2\/product"}],"about":[{"href":"https:\/\/nbg.eu\/hu\/wp-json\/wp\/v2\/types\/product"}],"wp:featuredmedia":[{"embeddable":true,"href":"https:\/\/nbg.eu\/hu\/wp-json\/wp\/v2\/media\/721304"}],"wp:attachment":[{"href":"https:\/\/nbg.eu\/hu\/wp-json\/wp\/v2\/media?parent=721303"}],"wp:term":[{"taxonomy":"product_brand","embeddable":true,"href":"https:\/\/nbg.eu\/hu\/wp-json\/wp\/v2\/product_brand?post=721303"},{"taxonomy":"product_cat","embeddable":true,"href":"https:\/\/nbg.eu\/hu\/wp-json\/wp\/v2\/product_cat?post=721303"},{"taxonomy":"product_tag","embeddable":true,"href":"https:\/\/nbg.eu\/hu\/wp-json\/wp\/v2\/product_tag?post=721303"}],"curies":[{"name":"wp","href":"https:\/\/api.w.org\/{rel}","templated":true}]}}