{"id":721399,"date":"2026-01-19T18:48:06","date_gmt":"2026-01-19T15:48:06","guid":{"rendered":"https:\/\/nbg.eu\/product\/rh-crocy-tartarto\/"},"modified":"2026-02-27T16:44:29","modified_gmt":"2026-02-27T13:44:29","slug":"rh-crocy-tartarto","status":"publish","type":"product","link":"https:\/\/nbg.eu\/hu\/termek\/rh-crocy-tartarto\/","title":{"rendered":"RH Crocy t\u00e1rtart\u00f3"},"content":{"rendered":"<h2>RH Crocy t\u00e1rtart\u00f3<\/h2>\n<p>Az RH Crocy t\u00e1rtart\u00f3 egy dedik\u00e1lt AIWB t\u00e1rtart\u00f3, amelyet az RH Crocy tokrendszerrel val\u00f3 haszn\u00e1latra terveztek. A Crocy Gizmo \u00f6sszek\u00f6t\u0151 elemen kereszt\u00fcl csatlakozik, vagy \u00f6n\u00e1ll\u00f3an viselhet\u0151 az ac\u00e9lhorog seg\u00edts\u00e9g\u00e9vel.<\/p>\n<h3>F\u0151bb jellemz\u0151k:<\/h3>\n<ul>\n<li>Ac\u00e9lhorog biztons\u00e1gos \u00f6vr\u00f6gz\u00edt\u00e9shez<\/li>\n<li>Kompatibilis 40 mm \u00f6vvel<\/li>\n<li>\u00c1ll\u00edthat\u00f3 megtart\u00e1s \u00e1ll\u00edt\u00f3csavarokkal<\/li>\n<li>Kydex szerkezet a t\u00e1r pontos illeszked\u00e9s\u00e9hez<\/li>\n<li>AIWB appendix hord\u00e1sra tervezve<\/li>\n<li>Kompatibilis a Crocy Gizmo-val modul\u00e1ris tok-integr\u00e1ci\u00f3hoz<\/li>\n<\/ul>\n","protected":false},"excerpt":{"rendered":"<p>RH Crocy t\u00e1rtart\u00f3: AIWB t\u00e1rtart\u00f3 ac\u00e9lhoroggal \u00e9s \u00e1ll\u00edthat\u00f3 megtart\u00e1ssal.<\/p>\n","protected":false},"featured_media":721400,"template":"","meta":{"_acf_changed":false},"product_brand":[11643],"product_cat":[12948],"product_tag":[],"class_list":{"0":"post-721399","1":"product","2":"type-product","3":"status-publish","4":"has-post-thumbnail","6":"product_brand-rh-holsters","7":"product_cat-tok-tartozekok","9":"first","10":"instock","11":"taxable","12":"shipping-taxable","13":"purchasable","14":"product-type-simple"},"acf":[],"_links":{"self":[{"href":"https:\/\/nbg.eu\/hu\/wp-json\/wp\/v2\/product\/721399","targetHints":{"allow":["GET"]}}],"collection":[{"href":"https:\/\/nbg.eu\/hu\/wp-json\/wp\/v2\/product"}],"about":[{"href":"https:\/\/nbg.eu\/hu\/wp-json\/wp\/v2\/types\/product"}],"wp:featuredmedia":[{"embeddable":true,"href":"https:\/\/nbg.eu\/hu\/wp-json\/wp\/v2\/media\/721400"}],"wp:attachment":[{"href":"https:\/\/nbg.eu\/hu\/wp-json\/wp\/v2\/media?parent=721399"}],"wp:term":[{"taxonomy":"product_brand","embeddable":true,"href":"https:\/\/nbg.eu\/hu\/wp-json\/wp\/v2\/product_brand?post=721399"},{"taxonomy":"product_cat","embeddable":true,"href":"https:\/\/nbg.eu\/hu\/wp-json\/wp\/v2\/product_cat?post=721399"},{"taxonomy":"product_tag","embeddable":true,"href":"https:\/\/nbg.eu\/hu\/wp-json\/wp\/v2\/product_tag?post=721399"}],"curies":[{"name":"wp","href":"https:\/\/api.w.org\/{rel}","templated":true}]}}