{"id":721995,"date":"2026-03-06T17:28:33","date_gmt":"2026-03-06T14:28:33","guid":{"rendered":"https:\/\/nbg.eu\/product\/eberlestock-hosszu-parnazott-csipoov\/"},"modified":"2026-04-15T14:24:26","modified_gmt":"2026-04-15T11:24:26","slug":"eberlestock-hosszu-parnazott-csipoov","status":"publish","type":"product","link":"https:\/\/nbg.eu\/hu\/termek\/eberlestock-hosszu-parnazott-csipoov\/","title":{"rendered":"Eberlestock Hossz\u00fa P\u00e1rn\u00e1zott Cs\u00edp\u0151\u00f6v"},"content":{"rendered":"<h2>Eberlestock Hossz\u00fa p\u00e1rn\u00e1zott cs\u00edp\u0151\u00f6v<\/h2>\n<p>A hossz\u00fa p\u00e1rn\u00e1zott cs\u00edp\u0151\u00f6v meghosszabb\u00edtott csere, amely a legt\u00f6bb Eberlestock h\u00e1tizs\u00e1k standard cs\u00edp\u0151\u00f6v\u00e9t helyettes\u00edti. 42 h\u00fcvelykn\u00e9l nagyobb der\u00e9km\u00e9retre aj\u00e1nlott, jav\u00edtott k\u00e9nyelmet \u00e9s terhel\u00e9seloszt\u00e1st biztos\u00edt neh\u00e9z bevet\u00e9sekn\u00e9l.<\/p>\n<h3>Fokozott p\u00e1rn\u00e1z\u00e1s<\/h3>\n<p>A standard \u00f6vh\u00f6z k\u00e9pest k\u00f6r\u00fclbel\u00fcl dupla p\u00e1rn\u00e1z\u00e1si vastags\u00e1ggal a hossz\u00fa p\u00e1rn\u00e1zott cs\u00edp\u0151\u00f6v jelent\u0151sen cs\u00f6kkenti a nyom\u00e1si pontokat tart\u00f3san neh\u00e9z terhel\u00e9sn\u00e9l 45 fontt\u00f3l felfel\u00e9.<\/p>\n<h3>Modul\u00e1ris r\u00f6gz\u00edt\u00e9s<\/h3>\n<p>H\u00e1rom v\u00edzszintes sor MOLLE heveder lehet\u0151v\u00e9 teszi t\u00e1sk\u00e1k, pisztolyt\u00e1sk\u00e1k \u00e9s egy\u00e9b kieg\u00e9sz\u00edt\u0151k k\u00f6zvetlen r\u00f6gz\u00edt\u00e9s\u00e9t az \u00f6vre. Az 50mm-es DuraFlex HD csat biztons\u00e1gos z\u00e1r\u00e1st biztos\u00edt befel\u00e9 \u00e9s kifel\u00e9 t\u00f6rt\u00e9n\u0151 \u00e1ll\u00edt\u00e1ssal.<\/p>\n<h3>Szersz\u00e1m n\u00e9lk\u00fcli telep\u00edt\u00e9s<\/h3>\n<p>Minden Eberlestock cs\u00edp\u0151\u00f6v t\u00e9p\u0151z\u00e1ras r\u00f6gz\u00edt\u00e9si rendszert haszn\u00e1l, lehet\u0151v\u00e9 t\u00e9ve a gyors elt\u00e1vol\u00edt\u00e1st \u00e9s cser\u00e9t m\u00e1sodpercek alatt szersz\u00e1m n\u00e9lk\u00fcl.<\/p>\n<p><strong>Megjegyz\u00e9s:<\/strong> Nem illeszkedik a Switchblade, Little Trick, Bandit vagy Gunrunner h\u00e1tizs\u00e1kokhoz.<\/p>\n<table>\n<thead>\n<tr>\n<th>Specifik\u00e1ci\u00f3<\/th>\n<th>R\u00e9szlet<\/th>\n<\/tr>\n<\/thead>\n<tbody>\n<tr>\n<td>Aj\u00e1nlott der\u00e9km\u00e9r.<\/td>\n<td>42&#8243;+ <\/td>\n<\/tr>\n<tr>\n<td>MOLLE sorok<\/td>\n<td>3<\/td>\n<\/tr>\n<tr>\n<td>Csat<\/td>\n<td>50mm DuraFlex HD<\/td>\n<\/tr>\n<tr>\n<td>Anyag<\/td>\n<td>Cordura Nylon<\/td>\n<\/tr>\n<tr>\n<td>R\u00f6gz\u00edt\u00e9s<\/td>\n<td>Hook &amp; loop<\/td>\n<\/tr>\n<\/tbody>\n<\/table>\n","protected":false},"excerpt":{"rendered":"<p>Az Eberlestock Long Padded Hip Belt meghosszabb\u00edtott csere cs\u00edp\u0151\u00f6v, amelyet 42 h\u00fcvelykn\u00e9l nagyobb der\u00e9km\u00e9retre aj\u00e1nlunk. Dupla vastags\u00e1g\u00fa p\u00e1rn\u00e1z\u00e1s \u00e9s h\u00e1rom sor MOLLE heveder.<\/p>\n","protected":false},"featured_media":721996,"template":"","meta":{"_acf_changed":false},"product_brand":[15149],"product_cat":[12975],"product_tag":[],"class_list":{"0":"post-721995","1":"product","2":"type-product","3":"status-publish","4":"has-post-thumbnail","6":"product_brand-eberlestock","7":"product_cat-felszereles","9":"first","10":"instock","11":"taxable","12":"shipping-taxable","13":"purchasable","14":"product-type-variable","15":"wvs-archive-product-wrapper"},"acf":[],"_links":{"self":[{"href":"https:\/\/nbg.eu\/hu\/wp-json\/wp\/v2\/product\/721995","targetHints":{"allow":["GET"]}}],"collection":[{"href":"https:\/\/nbg.eu\/hu\/wp-json\/wp\/v2\/product"}],"about":[{"href":"https:\/\/nbg.eu\/hu\/wp-json\/wp\/v2\/types\/product"}],"wp:featuredmedia":[{"embeddable":true,"href":"https:\/\/nbg.eu\/hu\/wp-json\/wp\/v2\/media\/721996"}],"wp:attachment":[{"href":"https:\/\/nbg.eu\/hu\/wp-json\/wp\/v2\/media?parent=721995"}],"wp:term":[{"taxonomy":"product_brand","embeddable":true,"href":"https:\/\/nbg.eu\/hu\/wp-json\/wp\/v2\/product_brand?post=721995"},{"taxonomy":"product_cat","embeddable":true,"href":"https:\/\/nbg.eu\/hu\/wp-json\/wp\/v2\/product_cat?post=721995"},{"taxonomy":"product_tag","embeddable":true,"href":"https:\/\/nbg.eu\/hu\/wp-json\/wp\/v2\/product_tag?post=721995"}],"curies":[{"name":"wp","href":"https:\/\/api.w.org\/{rel}","templated":true}]}}