{"id":722459,"date":"2026-03-06T17:29:34","date_gmt":"2026-03-06T14:29:34","guid":{"rendered":"https:\/\/nbg.eu\/product\/eberlestock-cirrus-ultralight-vizallo-zsak-dry-earth\/"},"modified":"2026-04-15T14:24:22","modified_gmt":"2026-04-15T11:24:22","slug":"eberlestock-cirrus-ultralight-vizallo-zsak-dry-earth","status":"publish","type":"product","link":"https:\/\/nbg.eu\/hu\/termek\/eberlestock-cirrus-ultralight-vizallo-zsak-dry-earth\/","title":{"rendered":"Eberlestock V\u00edzhat Zs\u00e1k Cirrus Ultralight, Dry Earth"},"content":{"rendered":"<h2>Eberlestock Cirrus ultrak\u00f6nny\u0171 v\u00edz\u00e1ll\u00f3 zs\u00e1k<\/h2>\n<p>A Cirrus ultrak\u00f6nny\u0171 v\u00edz\u00e1ll\u00f3 zs\u00e1ksorozat megb\u00edzhat\u00f3 v\u00edz\u00e1ll\u00f3 v\u00e9delmet biztos\u00edt felszerel\u00e9s\u00e9nek k\u00f6nny\u0171, kompakt form\u00e1tumban. Ak\u00e1r h\u00e1tizs\u00e1kja tartalm\u00e1t szervezi t\u00f6bbnapos vad\u00e1szatra, ak\u00e1r kritikus elektronik\u00e1t v\u00e9d foly\u00f3\u00e1tkel\u00e9s k\u00f6zben, a Cirrus zs\u00e1kok megb\u00edzhat\u00f3 teljes\u00edtm\u00e9nyt ny\u00fajtanak felesleges s\u00faly n\u00e9lk\u00fcl.<\/p>\n<h3>V\u00edz\u00e1ll\u00f3 feltekerhet\u0151 kialak\u00edt\u00e1s<\/h3>\n<p>Minden zs\u00e1k feltekerhet\u0151 z\u00e1r\u00f3d\u00e1ssal \u00e9s egyszer\u0171 D-gy\u0171r\u0171vel rendelkezik a tov\u00e1bbi biztons\u00e1g \u00e9rdek\u00e9ben, v\u00edzz\u00e1r\u00f3 t\u00f6m\u00edt\u00e9st biztos\u00edtva es\u0151, h\u00f3 \u00e9s v\u00edz al\u00e1 mer\u00fcl\u00e9s ellen. Az ultrak\u00f6nny\u0171 fel\u00e9p\u00edt\u00e9s minim\u00e1lis s\u00falyt ad a terh\u00e9hez, mik\u00f6zben komoly v\u00e9delmet ny\u00fajt.<\/p>\n<h3>Egyszer\u0171 rendszerez\u00e9s<\/h3>\n<p>Az egyes zs\u00e1kokra nyomtatott kontrasztos fekete m\u00e9retc\u00edmk\u00e9k gyors azonos\u00edt\u00e1st tesznek lehet\u0151v\u00e9 t\u00f6bb m\u00e9ret egy\u00fcttes haszn\u00e1latakor. Haszn\u00e1lja \u0151ket ruh\u00e1zat, \u00e9lelmiszer, elektronika, optika \u00e9s egy\u00e9b felszerel\u00e9s elk\u00fcl\u00f6n\u00edt\u00e9s\u00e9re an\u00e9lk\u00fcl, hogy a h\u00e1tizs\u00e1kban turk\u00e1lna.<\/p>\n<h3>El\u00e9rhet\u0151 m\u00e9retek<\/h3>\n<ul>\n<li><strong>5-Liter<\/strong> \u2014 Ide\u00e1lis kis elektronikai eszk\u00f6z\u00f6kh\u00f6z, els\u0151seg\u00e9ly-felszerel\u00e9shez vagy r\u00e1gcs\u00e1lnival\u00f3hoz<\/li>\n<li><strong>10-Liter<\/strong> \u2014 Kiv\u00e1l\u00f3 egy napi ruhav\u00e1lt\u00e1shoz vagy optikai kieg\u00e9sz\u00edt\u0151kh\u00f6z<\/li>\n<li><strong>20-Liter<\/strong> \u2014 Elf\u00e9r benne egy teljes ruhav\u00e1lt\u00e1s vagy h\u00e1l\u00f3zs\u00e1k-bels\u0151<\/li>\n<li><strong>35-Liter<\/strong> \u2014 El\u00e9g nagy egy h\u00e1l\u00f3zs\u00e1knak vagy teljes felszerel\u00e9s-k\u00e9szletnek<\/li>\n<\/ul>\n<table>\n<thead>\n<tr>\n<th>Specifik\u00e1ci\u00f3<\/th>\n<th>R\u00e9szlet<\/th>\n<\/tr>\n<\/thead>\n<tbody>\n<tr>\n<td>Z\u00e1r\u00f3d\u00e1s<\/td>\n<td>Roll-top with D-loop<\/td>\n<\/tr>\n<tr>\n<td>Anyag<\/td>\n<td>Ultralight waterproof nylon<\/td>\n<\/tr>\n<tr>\n<td>El\u00e9rhet\u0151 m\u00e9retek<\/td>\n<td>5L, 10L, 20L, 35L<\/td>\n<\/tr>\n<tr>\n<td>Sz\u00edn<\/td>\n<td>Dry Earth<\/td>\n<\/tr>\n<\/tbody>\n<\/table>\n","protected":false},"excerpt":{"rendered":"<p>Az Eberlestock Cirrus Ultralight Dry Bag sz\u00e1razon, tiszt\u00e1n \u00e9s v\u00e9dve tartja felszerel\u00e9s\u00e9t az id\u0151j\u00e1r\u00e1s viszontags\u00e1gait\u00f3l. Roll-top z\u00e1r\u00e1ssal D-hurokkal \u00e9s kontrasztos m\u00e9retc\u00edmk\u00e9kkel a k\u00f6nny\u0171 azonos\u00edt\u00e1s \u00e9rdek\u00e9ben t\u00f6bb zs\u00e1k haszn\u00e1latakor.<\/p>\n","protected":false},"featured_media":722460,"template":"","meta":{"_acf_changed":false},"product_brand":[15149],"product_cat":[12975],"product_tag":[],"class_list":{"0":"post-722459","1":"product","2":"type-product","3":"status-publish","4":"has-post-thumbnail","6":"product_brand-eberlestock","7":"product_cat-felszereles","9":"first","10":"instock","11":"taxable","12":"shipping-taxable","13":"purchasable","14":"product-type-variable","15":"wvs-archive-product-wrapper"},"acf":[],"_links":{"self":[{"href":"https:\/\/nbg.eu\/hu\/wp-json\/wp\/v2\/product\/722459","targetHints":{"allow":["GET"]}}],"collection":[{"href":"https:\/\/nbg.eu\/hu\/wp-json\/wp\/v2\/product"}],"about":[{"href":"https:\/\/nbg.eu\/hu\/wp-json\/wp\/v2\/types\/product"}],"wp:featuredmedia":[{"embeddable":true,"href":"https:\/\/nbg.eu\/hu\/wp-json\/wp\/v2\/media\/722460"}],"wp:attachment":[{"href":"https:\/\/nbg.eu\/hu\/wp-json\/wp\/v2\/media?parent=722459"}],"wp:term":[{"taxonomy":"product_brand","embeddable":true,"href":"https:\/\/nbg.eu\/hu\/wp-json\/wp\/v2\/product_brand?post=722459"},{"taxonomy":"product_cat","embeddable":true,"href":"https:\/\/nbg.eu\/hu\/wp-json\/wp\/v2\/product_cat?post=722459"},{"taxonomy":"product_tag","embeddable":true,"href":"https:\/\/nbg.eu\/hu\/wp-json\/wp\/v2\/product_tag?post=722459"}],"curies":[{"name":"wp","href":"https:\/\/api.w.org\/{rel}","templated":true}]}}