{"id":722719,"date":"2026-03-06T17:34:10","date_gmt":"2026-03-06T14:34:10","guid":{"rendered":"https:\/\/nbg.eu\/product\/eberlestock-force-mellkastaska\/"},"modified":"2026-04-15T14:24:19","modified_gmt":"2026-04-15T11:24:19","slug":"eberlestock-force-mellkastaska","status":"publish","type":"product","link":"https:\/\/nbg.eu\/hu\/termek\/eberlestock-force-mellkastaska\/","title":{"rendered":"Eberlestock Mellkast\u00e1ska Force"},"content":{"rendered":"<h2>Eberlestock Force mellkasi csomag<\/h2>\n<p>A Force egy nagy kapacit\u00e1s\u00fa, modul\u00e1ris taktikai mellkasi csomag, amelyet vad\u00e1szathoz, l\u0151gyakorlathoz, katonai m\u0171veletekhez \u00e9s szabadt\u00e9ri alkalmaz\u00e1sokhoz terveztek. B\u0151s\u00e9ges bels\u0151 t\u00e9rfogat\u00e1val \u00e9s \u00e1ramvonalas profilj\u00e1val a Force alkalmazkodik k\u00fcldet\u00e9s\u00e9hez an\u00e9lk\u00fcl, hogy korl\u00e1tozn\u00e1 a mozg\u00e9konys\u00e1got.<\/p>\n<h3>B\u0151s\u00e9ges t\u00e1rol\u00f3kapacit\u00e1s<\/h3>\n<p>7 h\u00fcvelyk magas, 9 h\u00fcvelyk sz\u00e9les \u00e9s 3 h\u00fcvelyk m\u00e9ly m\u00e9reteivel a Force b\u0151ven k\u00edn\u00e1l helyet kompakt t\u00e1vcs\u00f6veknek, t\u00e1vm\u00e9r\u0151knek, ragadoz\u00f3h\u00edv\u00f3knak, k\u00e9zi h\u0151kamer\u00e1knak \u00e9s egy\u00e9b k\u00fcldet\u00e9s szempontj\u00e1b\u00f3l n\u00e9lk\u00fcl\u00f6zhetetlen felszerel\u00e9snek. Egy bels\u0151 zipz\u00e1ras zseb v\u00e9di az \u00e9rz\u00e9keny t\u00e1rgyakat, m\u00edg a konfigur\u00e1lhat\u00f3 MOLLE a f\u0151 rekeszben egyedi felszerel\u00e9skonfigur\u00e1ci\u00f3kat tesz lehet\u0151v\u00e9.<\/p>\n<h3>L\u00e9gh\u00e1l\u00f3-hevederes rendszer<\/h3>\n<p>A p\u00e1rn\u00e1zott l\u00e9gh\u00e1l\u00f3-hevederes rendszer el\u0151seg\u00edti a l\u00e9g\u00e1raml\u00e1st \u00e9s cs\u00f6kkenti a nedvess\u00e9g felhalmoz\u00f3d\u00e1s\u00e1t hossz\u00fa viselet sor\u00e1n, h\u0171v\u00f6sen \u00e9s k\u00e9nyelmesen tartva \u00d6nt, ak\u00e1r hossz\u00fa lopakod\u00e1son van, ak\u00e1r \u00f3r\u00e1kat t\u00f6lt a l\u0151t\u00e9ren.<\/p>\n<h3>Modul\u00e1ris kialak\u00edt\u00e1s<\/h3>\n<p>L\u00e9zerv\u00e1gott MOLLE heveder a k\u00fcls\u0151 fel\u00fcleten \u00e9s a f\u0151 rekeszen bel\u00fcl t\u00e1mogatja a tokokat, eg\u00e9szs\u00e9g\u00fcgyi bet\u00e9teket, navig\u00e1ci\u00f3s paneeleket \u00e9s ATAK r\u00f6gz\u00edt\u00e9si megold\u00e1sokat. Egy els\u0151 zipz\u00e1ras adminisztr\u00e1ci\u00f3s zseb gyors hozz\u00e1f\u00e9r\u00e9st biztos\u00edt enged\u00e9lyekhez, c\u00edmk\u00e9khez, t\u00e9rk\u00e9pekhez vagy telefonhoz. A lehajthat\u00f3 t\u00e9p\u0151z\u00e1ras panel kompatibilis az Eberlestock MOLLE panelekkel, k\u00e9zmeleg\u00edt\u0151kkel \u00e9s Quickcase kieg\u00e9sz\u00edt\u0151kkel.<\/p>\n<p>Strapab\u00edr\u00f3 500D ripstop nylonb\u00f3l k\u00e9sz\u00fclt tart\u00f3s ellen\u00e1ll\u00f3 k\u00e9pess\u00e9ggel. Kompatibilis az Eberlestock Bino Rain Fly es\u0151v\u00e9d\u0151vel rossz id\u0151j\u00e1r\u00e1s elleni v\u00e9delemre.<\/p>\n<table>\n<thead>\n<tr>\n<th>Specifik\u00e1ci\u00f3<\/th>\n<th>R\u00e9szlet<\/th>\n<\/tr>\n<\/thead>\n<tbody>\n<tr>\n<td>M\u00e9retek<\/td>\n<td>7&#8243; H x 9&#8243; W x 3&#8243; D<\/td>\n<\/tr>\n<tr>\n<td>Anyag<\/td>\n<td>500D Ripstop Nylon<\/td>\n<\/tr>\n<tr>\n<td>Heveder<\/td>\n<td>P\u00e1rn\u00e1zott l\u00e9gh\u00e1l\u00f3<\/td>\n<\/tr>\n<tr>\n<td>R\u00f6gz\u00edt\u00e9s<\/td>\n<td>L\u00e9zerv\u00e1gott MOLLE<\/td>\n<\/tr>\n<tr>\n<td>Kieg\u00e9sz\u00edt\u0151k<\/td>\n<td>Kompatibilis lehajthat\u00f3 panellel<\/td>\n<\/tr>\n<\/tbody>\n<\/table>\n","protected":false},"excerpt":{"rendered":"<p>Az Eberlestock Force Chest Pack egy nagy kapacit\u00e1s\u00fa, modul\u00e1ris taktikai mellkas csomag 7&#8243; x 9&#8243; x 3&#8243; m\u00e9rettel. 500D ripstop nylonb\u00f3l k\u00e9sz\u00fclt, l\u00e9gh\u00e1l\u00f3s hevederrel, l\u00e9zerv\u00e1gott MOLLE-val \u00e9s Eberlestock kieg\u00e9sz\u00edt\u0151kkel val\u00f3 kompatibilit\u00e1ssal.<\/p>\n","protected":false},"featured_media":722720,"template":"","meta":{"_acf_changed":false},"product_brand":[15149],"product_cat":[12975,12921],"product_tag":[],"class_list":{"0":"post-722719","1":"product","2":"type-product","3":"status-publish","4":"has-post-thumbnail","6":"product_brand-eberlestock","7":"product_cat-felszereles","8":"product_cat-melleny-rigek","10":"first","11":"instock","12":"taxable","13":"shipping-taxable","14":"purchasable","15":"product-type-variable","16":"wvs-archive-product-wrapper"},"acf":[],"_links":{"self":[{"href":"https:\/\/nbg.eu\/hu\/wp-json\/wp\/v2\/product\/722719","targetHints":{"allow":["GET"]}}],"collection":[{"href":"https:\/\/nbg.eu\/hu\/wp-json\/wp\/v2\/product"}],"about":[{"href":"https:\/\/nbg.eu\/hu\/wp-json\/wp\/v2\/types\/product"}],"wp:featuredmedia":[{"embeddable":true,"href":"https:\/\/nbg.eu\/hu\/wp-json\/wp\/v2\/media\/722720"}],"wp:attachment":[{"href":"https:\/\/nbg.eu\/hu\/wp-json\/wp\/v2\/media?parent=722719"}],"wp:term":[{"taxonomy":"product_brand","embeddable":true,"href":"https:\/\/nbg.eu\/hu\/wp-json\/wp\/v2\/product_brand?post=722719"},{"taxonomy":"product_cat","embeddable":true,"href":"https:\/\/nbg.eu\/hu\/wp-json\/wp\/v2\/product_cat?post=722719"},{"taxonomy":"product_tag","embeddable":true,"href":"https:\/\/nbg.eu\/hu\/wp-json\/wp\/v2\/product_tag?post=722719"}],"curies":[{"name":"wp","href":"https:\/\/api.w.org\/{rel}","templated":true}]}}