{"id":722998,"date":"2026-03-06T17:38:33","date_gmt":"2026-03-06T14:38:33","guid":{"rendered":"https:\/\/nbg.eu\/product\/eberlestock-fury-mellkastaska\/"},"modified":"2026-04-15T14:24:10","modified_gmt":"2026-04-15T11:24:10","slug":"eberlestock-fury-mellkastaska","status":"publish","type":"product","link":"https:\/\/nbg.eu\/hu\/termek\/eberlestock-fury-mellkastaska\/","title":{"rendered":"Eberlestock Mellkast\u00e1ska Fury"},"content":{"rendered":"<h2>Eberlestock Fury mellkasi t\u00e1ska<\/h2>\n<p>A Fury sokoldal\u00fa, alacsony profil\u00fa megold\u00e1s alapvet\u0151 felszerel\u00e9s hordoz\u00e1s\u00e1hoz ig\u00e9nyes k\u00f6r\u00fclm\u00e9nyek k\u00f6z\u00f6tt. Taktikai haszn\u00e1latra, vad\u00e1szatra \u00e9s szabadt\u00e9ri tev\u00e9kenys\u00e9gekhez k\u00e9sz\u00fclt, a Fury modul\u00e1ris t\u00e1rol\u00e1st k\u00edn\u00e1l a k\u00e9nyelem \u00e9s a mozg\u00e9konys\u00e1g fel\u00e1ldoz\u00e1sa n\u00e9lk\u00fcl.<\/p>\n<h3>Kompakt, de nagy tud\u00e1s\u00fa<\/h3>\n<p>6 h\u00fcvelyk magas, 8 h\u00fcvelyk sz\u00e9les \u00e9s 2,5 h\u00fcvelyk m\u00e9ly m\u00e9retekkel a Fury b\u0151s\u00e9ges helyet biztos\u00edt t\u00e1vm\u00e9r\u0151nek, h\u00edv\u00f3knak, k\u00e9zi h\u0151kamer\u00e1knak vagy ak\u00e1r egy kompakt pisztolynak, mint a Glock 19.<\/p>\n<h3>L\u00e9g\u00e1tereszt\u0151 k\u00e9nyelem<\/h3>\n<p>A l\u00e9gh\u00e1l\u00f3 hevederes rendszer fokozza a k\u00e9nyelmet \u00e9s a l\u00e9g\u00e1tereszt\u00e9st a l\u00e9g\u00e1raml\u00e1s el\u0151seg\u00edt\u00e9s\u00e9vel \u00e9s a nedvess\u00e9g felhalmoz\u00f3d\u00e1s\u00e1nak cs\u00f6kkent\u00e9s\u00e9vel hossz\u00fa visel\u00e9s sor\u00e1n.<\/p>\n<h3>Teljesen modul\u00e1ris<\/h3>\n<p>A l\u00e9zerv\u00e1gott MOLLE szalagok k\u00edv\u00fcl \u00e9s a f\u0151 rekeszen bel\u00fcl teljes testreszab\u00e1st tesznek lehet\u0151v\u00e9. Egy cipz\u00e1ras el\u00fcls\u0151 szervez\u0151 zseb gyors hozz\u00e1f\u00e9r\u00e9st biztos\u00edt a sz\u00fcks\u00e9ges dolgokhoz. A lehajthat\u00f3 t\u00e9p\u0151z\u00e1ras panel kompatibilis az Eberlestock MOLLE panelekkel, k\u00e9zmeleg\u00edt\u0151kkel \u00e9s Quickcase kieg\u00e9sz\u00edt\u0151kkel.<\/p>\n<p>Strapab\u00edr\u00f3 500D ripstop nylonb\u00f3l k\u00e9sz\u00fclt. Kompatibilis az Eberlestock Bino Rain Fly es\u0151v\u00e9d\u0151vel.<\/p>\n<table>\n<thead>\n<tr>\n<th>Specifik\u00e1ci\u00f3<\/th>\n<th>R\u00e9szlet<\/th>\n<\/tr>\n<\/thead>\n<tbody>\n<tr>\n<td>M\u00e9retek<\/td>\n<td>6&#8243; H x 8&#8243; W x 2.5&#8243; D<\/td>\n<\/tr>\n<tr>\n<td>Anyag<\/td>\n<td>500D Ripstop Nylon<\/td>\n<\/tr>\n<tr>\n<td>Heveder<\/td>\n<td>P\u00e1rn\u00e1zott l\u00e9gh\u00e1l\u00f3<\/td>\n<\/tr>\n<tr>\n<td>R\u00f6gz\u00edt\u00e9s<\/td>\n<td>L\u00e9zerv\u00e1gott MOLLE<\/td>\n<\/tr>\n<\/tbody>\n<\/table>\n","protected":false},"excerpt":{"rendered":"<p>Az Eberlestock Fury Chest Pack egy sokoldal\u00fa, k\u00f6zepes m\u00e9ret\u0171 taktikai mellkas csomag 6&#8243; x 8&#8243; x 2.5&#8243; m\u00e9rettel. 500D ripstop nylonb\u00f3l k\u00e9sz\u00fclt, l\u00e9gh\u00e1l\u00f3s hevederrel, l\u00e9zerv\u00e1gott MOLLE-val \u00e9s tartoz\u00e9kpanellel val\u00f3 kompatibilit\u00e1ssal.<\/p>\n","protected":false},"featured_media":722999,"template":"","meta":{"_acf_changed":false},"product_brand":[15149],"product_cat":[12975,12921],"product_tag":[],"class_list":{"0":"post-722998","1":"product","2":"type-product","3":"status-publish","4":"has-post-thumbnail","6":"product_brand-eberlestock","7":"product_cat-felszereles","8":"product_cat-melleny-rigek","10":"first","11":"instock","12":"taxable","13":"shipping-taxable","14":"purchasable","15":"product-type-variable","16":"wvs-archive-product-wrapper"},"acf":[],"_links":{"self":[{"href":"https:\/\/nbg.eu\/hu\/wp-json\/wp\/v2\/product\/722998","targetHints":{"allow":["GET"]}}],"collection":[{"href":"https:\/\/nbg.eu\/hu\/wp-json\/wp\/v2\/product"}],"about":[{"href":"https:\/\/nbg.eu\/hu\/wp-json\/wp\/v2\/types\/product"}],"wp:featuredmedia":[{"embeddable":true,"href":"https:\/\/nbg.eu\/hu\/wp-json\/wp\/v2\/media\/722999"}],"wp:attachment":[{"href":"https:\/\/nbg.eu\/hu\/wp-json\/wp\/v2\/media?parent=722998"}],"wp:term":[{"taxonomy":"product_brand","embeddable":true,"href":"https:\/\/nbg.eu\/hu\/wp-json\/wp\/v2\/product_brand?post=722998"},{"taxonomy":"product_cat","embeddable":true,"href":"https:\/\/nbg.eu\/hu\/wp-json\/wp\/v2\/product_cat?post=722998"},{"taxonomy":"product_tag","embeddable":true,"href":"https:\/\/nbg.eu\/hu\/wp-json\/wp\/v2\/product_tag?post=722998"}],"curies":[{"name":"wp","href":"https:\/\/api.w.org\/{rel}","templated":true}]}}