{"id":724039,"date":"2026-03-10T16:14:33","date_gmt":"2026-03-10T13:14:33","guid":{"rendered":"https:\/\/nbg.eu\/product\/area-419-can-koozie-clip-on-ejjellato-burkolat\/"},"modified":"2026-03-10T17:17:17","modified_gmt":"2026-03-10T14:17:17","slug":"area-419-can-koozie-clip-on-ejjellato-burkolat","status":"publish","type":"product","link":"https:\/\/nbg.eu\/hu\/termek\/area-419-can-koozie-clip-on-ejjellato-burkolat\/","title":{"rendered":"Area 419 Can Koozie \/ Clip-on \u00c9jjell\u00e1t\u00f3 Burkolat"},"content":{"rendered":"<h2>Area 419 Can Koozie \/ Clip-on \u00c9jjell\u00e1t\u00f3 Burkolat<\/h2>\n<p>Az Area 419 \u00e1ltal tervezve, ez a neopr\u00e9n burkolat taktikai c\u00e9lt szolg\u00e1l: pattintsa a c\u00e9lt\u00e1vcs\u0151 objekt\u00edv v\u00e9g\u00e9re, hogy \u00e1thidalja a r\u00e9st az optika \u00e9s a clip-on \u00e9jjell\u00e1t\u00f3 eszk\u00f6z k\u00f6z\u00f6tt, blokkolva a port \u00e9s a sz\u00f3rt f\u00e9nyt.<\/p>\n<h3>Clip-on \u00c9jjell\u00e1t\u00f3 Burkolat<\/h3>\n<p>A burkolat a c\u00e9lt\u00e1vcs\u0151 objekt\u00edvj\u00e9re fesz\u00fcl, \u00e9s szoros, f\u00e9nyz\u00e1r\u00f3 hidat biztos\u00edt a clip-on NV eszk\u00f6z\u00e9hez \u2014 kik\u00fcsz\u00f6b\u00f6lve a r\u00e9st, amelyen kereszt\u00fcl k\u00f6rnyezeti f\u00e9ny \u00e9s por juthat be. A l\u00f6v\u00e9szek napellenz\u0151k\u00e9nt is haszn\u00e1lj\u00e1k az objekt\u00edv t\u00fckr\u00f6z\u0151d\u00e9se ellen, Velcro szalagok vagy terjedelmes kieg\u00e9sz\u00edt\u0151k n\u00e9lk\u00fcl.<\/p>\n<h3>M\u0171szaki adatok<\/h3>\n<table>\n<tbody>\n<tr>\n<td><strong>Anyag<\/strong><\/td>\n<td>Neoprene<\/td>\n<\/tr>\n<tr>\n<td><strong>S\u00faly<\/strong><\/td>\n<td>0.1 lbs<\/td>\n<\/tr>\n<tr>\n<td><strong>M\u00e9retek<\/strong><\/td>\n<td>2 x 2 x 0.5 in<\/td>\n<\/tr>\n<tr>\n<td><strong>Gy\u00e1rt\u00e1s helye<\/strong><\/td>\n<td>USA<\/td>\n<\/tr>\n<\/tbody>\n<\/table>\n","protected":false},"excerpt":{"rendered":"<p>Neopr\u00e9n clip-on burkolat, amely a c\u00e9lt\u00e1vcs\u0151 objekt\u00edvje \u00e9s egy clip-on \u00e9jjell\u00e1t\u00f3 eszk\u00f6z k\u00f6z\u00f6tti r\u00e9s \u00e1thidal\u00e1s\u00e1ra szolg\u00e1l. Blokkolja a port, a sz\u00f3rt f\u00e9nyt \u00e9s kik\u00fcsz\u00f6b\u00f6li az objekt\u00edv t\u00fckr\u00f6z\u0151d\u00e9s\u00e9t. Napellenz\u0151k\u00e9nt is hat\u00e9konyan m\u0171k\u00f6dik nappali l\u00f6v\u00e9szet sor\u00e1n.<\/p>\n","protected":false},"featured_media":724040,"template":"","meta":{"_acf_changed":false},"product_brand":[11039],"product_cat":[12943,12975],"product_tag":[],"class_list":{"0":"post-724039","1":"product","2":"type-product","3":"status-publish","4":"has-post-thumbnail","6":"product_brand-area-419","7":"product_cat-celzo-kiegeszitok","8":"product_cat-felszereles","10":"first","11":"instock","12":"taxable","13":"shipping-taxable","14":"purchasable","15":"product-type-simple"},"acf":[],"_links":{"self":[{"href":"https:\/\/nbg.eu\/hu\/wp-json\/wp\/v2\/product\/724039","targetHints":{"allow":["GET"]}}],"collection":[{"href":"https:\/\/nbg.eu\/hu\/wp-json\/wp\/v2\/product"}],"about":[{"href":"https:\/\/nbg.eu\/hu\/wp-json\/wp\/v2\/types\/product"}],"wp:featuredmedia":[{"embeddable":true,"href":"https:\/\/nbg.eu\/hu\/wp-json\/wp\/v2\/media\/724040"}],"wp:attachment":[{"href":"https:\/\/nbg.eu\/hu\/wp-json\/wp\/v2\/media?parent=724039"}],"wp:term":[{"taxonomy":"product_brand","embeddable":true,"href":"https:\/\/nbg.eu\/hu\/wp-json\/wp\/v2\/product_brand?post=724039"},{"taxonomy":"product_cat","embeddable":true,"href":"https:\/\/nbg.eu\/hu\/wp-json\/wp\/v2\/product_cat?post=724039"},{"taxonomy":"product_tag","embeddable":true,"href":"https:\/\/nbg.eu\/hu\/wp-json\/wp\/v2\/product_tag?post=724039"}],"curies":[{"name":"wp","href":"https:\/\/api.w.org\/{rel}","templated":true}]}}