{"id":732309,"date":"2026-03-13T17:31:23","date_gmt":"2026-03-13T14:31:23","guid":{"rendered":"https:\/\/nbg.eu\/product\/microtech-ultratech-gen-iv-d-e-tactical-partial-serrated-black-2\/"},"modified":"2026-03-30T15:28:58","modified_gmt":"2026-03-30T12:28:58","slug":"microtech-ultratech-gen-iv-d-e-tactical-partial-serrated-black-2","status":"publish","type":"product","link":"https:\/\/nbg.eu\/hu\/termek\/microtech-ultratech-gen-iv-d-e-tactical-partial-serrated-black-2\/","title":{"rendered":"Microtech Ultratech Gen IV D\/E taktikai r\u00e9szleges fogazott fekete"},"content":{"rendered":"<h2>\u00c1ttekint\u00e9s<\/h2>\n<p>A Microtech Ultratech Gen IV a v\u00e9gleges el\u00fcls\u0151 automata k\u00e9s, amely a Microtech OTF tervez\u00e9s\u00e9nek cs\u00facs\u00e1t k\u00e9pviseli. Ez a fekete v\u00e1ltozat DLC-bevonat\u00fa taktikai, k\u00e9t\u00e9l\u0171 t\u0151rpeng\u00e9t tartalmaz, r\u00e9szben fogazott \u00e9llel, amely Bohler M390MK ac\u00e9lb\u00f3l k\u00e9sz\u00fclt a kiv\u00e9teles \u00e9ltart\u00e1s \u00e9s korr\u00f3zi\u00f3\u00e1ll\u00f3s\u00e1g \u00e9rdek\u00e9ben. A Gen IV bemutatja a forradalmian \u00faj Dual Fuel Drive Train rendszert a g\u00f6rd\u00fcl\u00e9kenyebb, megb\u00edzhat\u00f3bb \u00fczembe helyez\u00e9s \u00e9s visszah\u00faz\u00e1s \u00e9rdek\u00e9ben, valamint az innovat\u00edv Crud Kutter \u00f6ntiszt\u00edt\u00f3 mechanizmust, amely elvezeti a t\u00f6rmel\u00e9ket a bels\u0151 m\u0171k\u00f6d\u00e9st\u0151l.<\/p>\n<h3>Kett\u0151s \u00fczemanyag-hajt\u00e1s\u00fa vonat<\/h3>\n<p>A Gen IV \u00fajratervezett hajt\u00e1sl\u00e1nca kett\u0151s rug\u00f3s rendszert haszn\u00e1l, amely egyenletes, er\u0151teljes pengekiold\u00e1st biztos\u00edt, mik\u00f6zben cs\u00f6kkenti a bels\u0151 alkatr\u00e9szek kop\u00e1s\u00e1t. Az eredm\u00e9ny egy olyan k\u00e9s, amely t\u00f6bb ezerszer megb\u00edzhat\u00f3an t\u00fczel minim\u00e1lis karbantart\u00e1s mellett.<\/p>\n<h3>Crud Kutter \u00f6ntiszt\u00edt\u00f3 rendszer<\/h3>\n<p>A kapcsol\u00f3mechanizmusba \u00e9p\u00edtett innovat\u00edv csatornarendszer akt\u00edvan kiszor\u00edtja a szennyez\u0151d\u00e9st, port \u00e9s t\u00f6rmel\u00e9ket a pengenyomr\u00f3l, \u00edgy m\u00e9g kem\u00e9ny terepi k\u00f6r\u00fclm\u00e9nyek k\u00f6z\u00f6tt is megb\u00edzhat\u00f3 m\u0171k\u00f6d\u00e9st biztos\u00edt.<\/p>\n<h3>M390MK Super Steel<\/h3>\n<p>A Bohler M390MK a legend\u00e1s M390 ac\u00e9l szabadalmaztatott v\u00e1ltozata, amelyet kiz\u00e1r\u00f3lag a Microtech sz\u00e1m\u00e1ra gy\u00e1rtottak. Kiv\u00e9teles egyens\u00falyt biztos\u00edt a kem\u00e9nys\u00e9g (60-62 HRC), az \u00e9ltart\u00e1s, a sz\u00edv\u00f3ss\u00e1g \u00e9s a korr\u00f3zi\u00f3\u00e1ll\u00f3s\u00e1g k\u00f6z\u00f6tt.<\/p>\n<h3>Pr\u00e9mium komponensek<\/h3>\n<ul>\n<li>Bohler M390MK k\u00e9t\u00e9l\u0171 t\u0151rpenge<\/li>\n<li>6061-T6 rep\u00fcl\u0151g\u00e9p-min\u0151s\u00e9g\u0171 alum\u00ednium foganty\u00fa<\/li>\n<li>Kett\u0151s \u00fczemanyag-hajt\u00e1s\u00fa vonat telep\u00edt\u00e9si rendszere<\/li>\n<li>Crud Kutter \u00f6ntiszt\u00edt\u00f3 kapcsol\u00f3 mechanizmus<\/li>\n<li>Mart tit\u00e1n zsebcsipesz ker\u00e1mia goly\u00f3kkal<\/li>\n<li>Rozsdamentes ac\u00e9l \u00fcvegt\u00f6r\u0151<\/li>\n<li>Torx hardver v\u00e9gig<\/li>\n<\/ul>\n<h3>M\u0171szaki adatok<\/h3>\n<table class=\"shop_attributes\">\n<tbody>\n<tr>\n<td><strong>T\u00edpus<\/strong><\/td>\n<td>El\u00fcls\u0151 automata<\/td>\n<\/tr>\n<tr>\n<td><strong>Penge hossza<\/strong><\/td>\n<td>3,50&#8243;<\/td>\n<\/tr>\n<tr>\n<td><strong>Teljes hossz<\/strong><\/td>\n<td>8,50&#8243;<\/td>\n<\/tr>\n<tr>\n<td><strong>A foganty\u00fa hossza<\/strong><\/td>\n<td>5,00&#8243;<\/td>\n<\/tr>\n<tr>\n<td><strong>Ac\u00e9l penge<\/strong><\/td>\n<td>Bohler M390MK<\/td>\n<\/tr>\n<tr>\n<td><strong>Kezel\u00e9si anyag<\/strong><\/td>\n<td>6061-T6 alum\u00ednium<\/td>\n<\/tr>\n<tr>\n<td><strong>S\u00faly<\/strong><\/td>\n<td>3,50 uncia<\/td>\n<\/tr>\n<tr>\n<td><strong>Zsebcsipesz<\/strong><\/td>\n<td>Tit\u00e1n \u0151r\u00f6lt ker\u00e1mia r\u00f6gz\u00edt\u00e9ssel<\/td>\n<\/tr>\n<tr>\n<td><strong>Hardver<\/strong><\/td>\n<td>Torx csavarok<\/td>\n<\/tr>\n<tr>\n<td><strong>\u00dcvegt\u00f6r\u0151<\/strong><\/td>\n<td>Rozsdamentes ac\u00e9l<\/td>\n<\/tr>\n<tr>\n<td><strong>Sz\u00e1rmaz\u00e1si orsz\u00e1g<\/strong><\/td>\n<td>USA<\/td>\n<\/tr>\n<tr>\n<td><strong>A foganty\u00fa sz\u00edne<\/strong><\/td>\n<td>Fekete<\/td>\n<\/tr>\n<tr>\n<td><strong>Peng\u00e9k kik\u00e9sz\u00edt\u00e9se<\/strong><\/td>\n<td>Fekete DLC taktikai<\/td>\n<\/tr>\n<tr>\n<td><strong>\u00c9let\u00edpus<\/strong><\/td>\n<td>R\u00e9szben fogazott<\/td>\n<\/tr>\n<\/tbody>\n<\/table>\n","protected":false},"excerpt":{"rendered":"<p>Az Ultratech Gen IV OTF automata fekete sz\u00ednben DLC-bevonat\u00fa taktikai, r\u00e9szben fogazott, k\u00e9t\u00e9l\u0171 M390MK peng\u00e9vel. Dual Fuel Drive Train \u00e9s Crud Kutter \u00f6ntiszt\u00edt\u00f3 rendszerrel rendelkezik. 3,50 h\u00fcvelykes penge, 8,50 h\u00fcvelykes teljes.<\/p>\n","protected":false},"featured_media":731636,"template":"","meta":{"_acf_changed":false},"product_brand":[15530],"product_cat":[15350,15997],"product_tag":[],"class_list":{"0":"post-732309","1":"product","2":"type-product","3":"status-publish","4":"has-post-thumbnail","6":"product_brand-microtech","7":"product_cat-knives-hu","8":"product_cat-otf-knives-hu","10":"first","11":"outofstock","12":"taxable","13":"shipping-taxable","14":"purchasable","15":"product-type-simple"},"acf":[],"_links":{"self":[{"href":"https:\/\/nbg.eu\/hu\/wp-json\/wp\/v2\/product\/732309","targetHints":{"allow":["GET"]}}],"collection":[{"href":"https:\/\/nbg.eu\/hu\/wp-json\/wp\/v2\/product"}],"about":[{"href":"https:\/\/nbg.eu\/hu\/wp-json\/wp\/v2\/types\/product"}],"wp:featuredmedia":[{"embeddable":true,"href":"https:\/\/nbg.eu\/hu\/wp-json\/wp\/v2\/media\/731636"}],"wp:attachment":[{"href":"https:\/\/nbg.eu\/hu\/wp-json\/wp\/v2\/media?parent=732309"}],"wp:term":[{"taxonomy":"product_brand","embeddable":true,"href":"https:\/\/nbg.eu\/hu\/wp-json\/wp\/v2\/product_brand?post=732309"},{"taxonomy":"product_cat","embeddable":true,"href":"https:\/\/nbg.eu\/hu\/wp-json\/wp\/v2\/product_cat?post=732309"},{"taxonomy":"product_tag","embeddable":true,"href":"https:\/\/nbg.eu\/hu\/wp-json\/wp\/v2\/product_tag?post=732309"}],"curies":[{"name":"wp","href":"https:\/\/api.w.org\/{rel}","templated":true}]}}