{"id":732314,"date":"2026-03-13T17:31:55","date_gmt":"2026-03-13T14:31:55","guid":{"rendered":"https:\/\/nbg.eu\/product\/microtech-l-u-d-t-t-e-gen-iii-apocalyptic-standard-od-green-2\/"},"modified":"2026-03-16T12:41:17","modified_gmt":"2026-03-16T09:41:17","slug":"microtech-l-u-d-t-t-e-gen-iii-apocalyptic-standard-od-green-2","status":"publish","type":"product","link":"https:\/\/nbg.eu\/hu\/termek\/microtech-l-u-d-t-t-e-gen-iii-apocalyptic-standard-od-green-2\/","title":{"rendered":"Microtech L.U.D.T. T\/E Gen III Apokaliptikus Standard OD z\u00f6ld"},"content":{"rendered":"<h2>\u00c1ttekint\u00e9s<\/h2>\n<p>A Microtech L.U.D.T. A Gen III egy er\u0151teljes automatikus mappa, amely a klasszikus UDT st\u00edlust id\u00e9zi, forradalmian \u00faj forma- \u00e9s funkci\u00f3friss\u00edt\u00e9sekkel. Ez az OD z\u00f6ld v\u00e1ltozat egy Apokaliptikus kivitel\u0171 tanto peng\u00e9vel rendelkezik, standard sima \u00e9llel, Bohler M390MK ac\u00e9lb\u00f3l kov\u00e1csolva. A Gen III iter\u00e1ci\u00f3 visszahozza a foganty\u00fabet\u00e9teket 3M Traction Tape szalaggal az optim\u00e1lis tapad\u00e1s \u00e9rdek\u00e9ben, 24 szil\u00edcium-dioxid-karbid csap\u00e1gyaz\u00e1st biztos\u00edt a kateg\u00f3ri\u00e1j\u00e1ban a legsim\u00e1bb m\u0171k\u00f6d\u00e9s \u00e9rdek\u00e9ben, \u00e9s a k\u00f6z\u00f6ns\u00e9ges Torx csavarokat haszn\u00e1lja az egyszer\u0171 terepi karbantart\u00e1s \u00e9rdek\u00e9ben.<\/p>\n<h3>24 szilika-karbid csap\u00e1gy<\/h3>\n<p>A LUDT Gen III akci\u00f3rendszer 24 prec\u00edzi\u00f3s szil\u00edcium-dioxid-karbid csap\u00e1gyakon m\u0171k\u00f6dik, \u00edgy a Microtech \u00e1ltal valaha gy\u00e1rtott legsim\u00e1bb, legkifinomultabb automatikus \u00f6sszecsukhat\u00f3 m\u0171veletet biztos\u00edtja. A csap\u00e1gyrendszer gyakorlatilag kik\u00fcsz\u00f6b\u00f6li a s\u00farl\u00f3d\u00e1st a vill\u00e1mgyors telep\u00edt\u00e9s \u00e9rdek\u00e9ben.<\/p>\n<h3>3M Traction Tape bet\u00e9tek<\/h3>\n<p>A Gen III-ban a foganty\u00fabet\u00e9tek visszat\u00e9r\u00e9se ipari min\u0151s\u00e9g\u0171 3M Traction Tape-t haszn\u00e1l, amely kiv\u00e9teles tapad\u00e1st biztos\u00edt nedves, olajos vagy keszty\u0171s k\u00f6r\u00fclm\u00e9nyek k\u00f6z\u00f6tt an\u00e9lk\u00fcl, hogy a foganty\u00faprofil t\u00f6meg\u00e9t n\u00f6veln\u00e9.<\/p>\n<h3>V\u00edz\u00e1ll\u00f3 konstrukci\u00f3<\/h3>\n<p>A zord k\u00f6rnyezetekre tervezett LUDT Gen III id\u0151j\u00e1r\u00e1s\u00e1ll\u00f3 konstrukci\u00f3val rendelkezik, amely ellen\u00e1ll a nedvess\u00e9g behatol\u00e1s\u00e1nak, \u00edgy megb\u00edzhat\u00f3 es\u0151ben, h\u00f3ban \u00e9s tengeri k\u00f6rnyezetben is.<\/p>\n<h3>Pr\u00e9mium komponensek<\/h3>\n<ul>\n<li>Bohler M390MK tanto penge<\/li>\n<li>6061-T6 alum\u00ednium foganty\u00fa 3M Traction Tape bet\u00e9tekkel<\/li>\n<li>24 szilika-karbid csap\u00e1gym\u0171k\u00f6dtet\u0151 rendszer<\/li>\n<li>Felhajthat\u00f3 hordtart\u00f3 zsebcsipesz<\/li>\n<li>K\u00f6z\u00f6s Torx hardver az egyszer\u0171 karbantart\u00e1s \u00e9rdek\u00e9ben<\/li>\n<li>V\u00edz\u00e1ll\u00f3 konstrukci\u00f3<\/li>\n<\/ul>\n<h3>M\u0171szaki adatok<\/h3>\n<table class=\"shop_attributes\">\n<tbody>\n<tr>\n<td><strong>T\u00edpus<\/strong><\/td>\n<td>Automatikus mappa<\/td>\n<\/tr>\n<tr>\n<td><strong>Penge hossza<\/strong><\/td>\n<td>3,50&#8243;<\/td>\n<\/tr>\n<tr>\n<td><strong>Teljes hossz<\/strong><\/td>\n<td>8,00&#8243;<\/td>\n<\/tr>\n<tr>\n<td><strong>A foganty\u00fa hossza<\/strong><\/td>\n<td>4,50&#8243;<\/td>\n<\/tr>\n<tr>\n<td><strong>Ac\u00e9l penge<\/strong><\/td>\n<td>Bohler M390MK<\/td>\n<\/tr>\n<tr>\n<td><strong>Kezel\u00e9si anyag<\/strong><\/td>\n<td>6061-T6 alum\u00ednium 3M Traction Tape bet\u00e9tekkel<\/td>\n<\/tr>\n<tr>\n<td><strong>S\u00faly<\/strong><\/td>\n<td>3,60 uncia<\/td>\n<\/tr>\n<tr>\n<td><strong>Zsebcsipesz<\/strong><\/td>\n<td>Tip-Up Carry<\/td>\n<\/tr>\n<tr>\n<td><strong>Csap\u00e1gyak<\/strong><\/td>\n<td>24 szilika-karbid<\/td>\n<\/tr>\n<tr>\n<td><strong>Sz\u00e1rmaz\u00e1si orsz\u00e1g<\/strong><\/td>\n<td>USA<\/td>\n<\/tr>\n<tr>\n<td><strong>A foganty\u00fa sz\u00edne<\/strong><\/td>\n<td>OD z\u00f6ld<\/td>\n<\/tr>\n<tr>\n<td><strong>Peng\u00e9k kik\u00e9sz\u00edt\u00e9se<\/strong><\/td>\n<td>Apokaliptikus<\/td>\n<\/tr>\n<tr>\n<td><strong>\u00c9let\u00edpus<\/strong><\/td>\n<td>Sima<\/td>\n<\/tr>\n<\/tbody>\n<\/table>\n","protected":false},"excerpt":{"rendered":"<p>L.U.D.T. Gen III automatikus mappa OD z\u00f6ld sz\u00ednben, Apokaliptikus kivitel\u0171 szabv\u00e1nyos M390MK tanto peng\u00e9vel. 24 szilika-karbid csap\u00e1gyat \u00e9s 3M Traction Tape bet\u00e9tet tartalmaz. 3,50 h\u00fcvelykes penge, 8,00 h\u00fcvelykes teljes.<\/p>\n","protected":false},"featured_media":731656,"template":"","meta":{"_acf_changed":false},"product_brand":[15530],"product_cat":[15375,15350],"product_tag":[],"class_list":{"0":"post-732314","1":"product","2":"type-product","3":"status-publish","4":"has-post-thumbnail","6":"product_brand-microtech","7":"product_cat-folding-knives-hu","8":"product_cat-knives-hu","10":"first","11":"instock","12":"taxable","13":"shipping-taxable","14":"purchasable","15":"product-type-simple"},"acf":[],"_links":{"self":[{"href":"https:\/\/nbg.eu\/hu\/wp-json\/wp\/v2\/product\/732314","targetHints":{"allow":["GET"]}}],"collection":[{"href":"https:\/\/nbg.eu\/hu\/wp-json\/wp\/v2\/product"}],"about":[{"href":"https:\/\/nbg.eu\/hu\/wp-json\/wp\/v2\/types\/product"}],"wp:featuredmedia":[{"embeddable":true,"href":"https:\/\/nbg.eu\/hu\/wp-json\/wp\/v2\/media\/731656"}],"wp:attachment":[{"href":"https:\/\/nbg.eu\/hu\/wp-json\/wp\/v2\/media?parent=732314"}],"wp:term":[{"taxonomy":"product_brand","embeddable":true,"href":"https:\/\/nbg.eu\/hu\/wp-json\/wp\/v2\/product_brand?post=732314"},{"taxonomy":"product_cat","embeddable":true,"href":"https:\/\/nbg.eu\/hu\/wp-json\/wp\/v2\/product_cat?post=732314"},{"taxonomy":"product_tag","embeddable":true,"href":"https:\/\/nbg.eu\/hu\/wp-json\/wp\/v2\/product_tag?post=732314"}],"curies":[{"name":"wp","href":"https:\/\/api.w.org\/{rel}","templated":true}]}}