{"id":732317,"date":"2026-03-13T17:32:11","date_gmt":"2026-03-13T14:32:11","guid":{"rendered":"https:\/\/nbg.eu\/product\/microtech-combat-troodon-lt-s-e-apocalyptic-standard-2\/"},"modified":"2026-03-30T15:30:27","modified_gmt":"2026-03-30T12:30:27","slug":"microtech-combat-troodon-lt-s-e-apocalyptic-standard-2","status":"publish","type":"product","link":"https:\/\/nbg.eu\/hu\/termek\/microtech-combat-troodon-lt-s-e-apocalyptic-standard-2\/","title":{"rendered":"Microtech Combat Troodon LT S\/E Apokaliptikus szabv\u00e1ny"},"content":{"rendered":"<h2>\u00c1ttekint\u00e9s<\/h2>\n<p>A Microtech Combat Troodon LT a legend\u00e1s Combat Troodon k\u00f6nnyebb v\u00e1ltozata, amelyet rend\u00e9szeti, katonai \u00e9s els\u0151seg\u00e9lyny\u00fajt\u00f3 alkalmaz\u00e1sokban val\u00f3 szolg\u00e1lati haszn\u00e1latra terveztek. Ez a modell Apokaliptikus kivitel\u0171, egy\u00e9l\u0171, Bohler M390MK ac\u00e9lb\u00f3l k\u00e9sz\u00fclt leejt\u00e9si pont peng\u00e9vel rendelkezik, szabv\u00e1nyos sima \u00e9llel. A Gen III \u00fajratervez\u00e9se \u00faj, kett\u0151s \u00fczemanyag-hajt\u00e1s\u00fa hajt\u00e1sl\u00e1ncot vezet be a k\u00f6nny\u0171 \u00fczembe helyez\u00e9s \u00e9rdek\u00e9ben, tov\u00e1bbfejlesztett gombzseb-kialak\u00edt\u00e1st, amely minimaliz\u00e1lja a s\u00farl\u00f3d\u00e1st \u00e9s megk\u00f6nny\u00edti a t\u00f6rmel\u00e9k elmozdul\u00e1s\u00e1t, valamint az agressz\u00edv l\u00f6k\u00e9st \u00e9s a karossz\u00e9ria bar\u00e1zd\u00e1it a kiv\u00e9teles tapad\u00e1s \u00e9rdek\u00e9ben taktikai helyzetekben.<\/p>\n<h3>Kett\u0151s \u00fczemanyag\u00fa hajt\u00e1sl\u00e1nc-rendszer<\/h3>\n<p>A Combat Troodon \u00fajratervezett hajt\u00e1sl\u00e1nca lehet\u0151v\u00e9 teszi a kritikus helyzetekben t\u00f6rt\u00e9n\u0151 er\u0151fesz\u00edt\u00e9s n\u00e9lk\u00fcli telep\u00edt\u00e9st \u00e9s a karbantart\u00e1shoz sz\u00fcks\u00e9ges felhaszn\u00e1l\u00f3bar\u00e1t sz\u00e9tszerel\u00e9st. A kett\u0151s rug\u00f3s kialak\u00edt\u00e1s er\u0151teljesen hajtja el\u0151re a peng\u00e9t, mik\u00f6zben sim\u00e1n m\u0171k\u00f6dik.<\/p>\n<h3>Tov\u00e1bbfejlesztett gombos zsebkialak\u00edt\u00e1s<\/h3>\n<p>A Gen III gombzseb minim\u00e1lisra cs\u00f6kkenti a s\u00farl\u00f3d\u00e1st m\u0171k\u00f6d\u00e9s k\u00f6zben, \u00e9s megk\u00f6nny\u00edti a t\u00f6rmel\u00e9k hat\u00e9kony elmozd\u00edt\u00e1s\u00e1t, dr\u00e1maian cs\u00f6kkentve a gyakori karbantart\u00e1s \u00e9s tiszt\u00edt\u00e1s sz\u00fcks\u00e9gess\u00e9g\u00e9t sz\u00e1nt\u00f3f\u00f6ldi k\u00f6r\u00fclm\u00e9nyek k\u00f6z\u00f6tt.<\/p>\n<h3>Taktikai ergon\u00f3mia<\/h3>\n<p>A foganty\u00fa test\u00e9n tal\u00e1lhat\u00f3 m\u00e9ly bev\u00e1g\u00e1s \u00e9s prec\u00edzi\u00f3s mar\u00e1s\u00fa hornyok kiv\u00e9teles v\u00e1s\u00e1rl\u00e1st tesznek lehet\u0151v\u00e9 nedves, olajos vagy keszty\u0171s k\u00f6r\u00fclm\u00e9nyek k\u00f6z\u00f6tt. A ker\u00e1mia r\u00f6gz\u00edt\u0151vel ell\u00e1tott tit\u00e1n zsebcsipesz biztos\u00edtja a biztons\u00e1got \u00e9s a gyors hozz\u00e1f\u00e9rhet\u0151s\u00e9get.<\/p>\n<h3>Pr\u00e9mium komponensek<\/h3>\n<ul>\n<li>Bohler M390MK leejt\u00e9si pont penge Apokaliptikus fel\u00fclettel<\/li>\n<li>6061-T6 alum\u00ednium markolat m\u00e9ly grav\u00edroz\u00e1ssal<\/li>\n<li>K\u00e9t\u00fczemanyag\u00fa hajt\u00e1sl\u00e1nc be\u00e9p\u00edt\u00e9si rendszer<\/li>\n<li>Tit\u00e1n zsebcsipesz ker\u00e1mia r\u00f6gz\u00edt\u0151vel<\/li>\n<li>Rozsdamentes ac\u00e9l \u00fcvegt\u00f6r\u0151<\/li>\n<li>Megford\u00edthat\u00f3 zsebcsipesz<\/li>\n<\/ul>\n<h3>M\u0171szaki adatok<\/h3>\n<table class=\"shop_attributes\">\n<tbody>\n<tr>\n<td><strong>T\u00edpus<\/strong><\/td>\n<td>El\u00fcls\u0151 automata<\/td>\n<\/tr>\n<tr>\n<td><strong>Penge hossza<\/strong><\/td>\n<td>4,00&#8243;<\/td>\n<\/tr>\n<tr>\n<td><strong>Teljes hossz<\/strong><\/td>\n<td>9,50&#8243;<\/td>\n<\/tr>\n<tr>\n<td><strong>A foganty\u00fa hossza<\/strong><\/td>\n<td>5,50&#8243;<\/td>\n<\/tr>\n<tr>\n<td><strong>Ac\u00e9l penge<\/strong><\/td>\n<td>Bohler M390MK<\/td>\n<\/tr>\n<tr>\n<td><strong>Kezel\u00e9si anyag<\/strong><\/td>\n<td>6061-T6 alum\u00ednium (fekete)<\/td>\n<\/tr>\n<tr>\n<td><strong>S\u00faly<\/strong><\/td>\n<td>~5,0 uncia<\/td>\n<\/tr>\n<tr>\n<td><strong>Penge st\u00edlus<\/strong><\/td>\n<td>Drop Point (D\/K)<\/td>\n<\/tr>\n<tr>\n<td><strong>Peng\u00e9k kik\u00e9sz\u00edt\u00e9se<\/strong><\/td>\n<td>Apokaliptikus<\/td>\n<\/tr>\n<tr>\n<td><strong>\u00c9let\u00edpus<\/strong><\/td>\n<td>Sima<\/td>\n<\/tr>\n<tr>\n<td><strong>Zsebcsipesz<\/strong><\/td>\n<td>Tit\u00e1n ker\u00e1mia r\u00f6gz\u00edt\u00e9ssel<\/td>\n<\/tr>\n<tr>\n<td><strong>\u00dcvegt\u00f6r\u0151<\/strong><\/td>\n<td>Rozsdamentes ac\u00e9l<\/td>\n<\/tr>\n<tr>\n<td><strong>Sz\u00e1rmaz\u00e1si orsz\u00e1g<\/strong><\/td>\n<td>USA<\/td>\n<\/tr>\n<\/tbody>\n<\/table>\n","protected":false},"excerpt":{"rendered":"<p>Combat Troodon LT OTF automata Apokaliptikus kivitel\u0171, egy\u00e9l\u0171 M390MK leejt\u00e9si pont peng\u00e9vel. Dupla \u00fczemanyag hajt\u00e1sl\u00e1nc, tit\u00e1n klip, \u00fcvegt\u00f6r\u0151. 4,00 h\u00fcvelykes penge, 9,50 h\u00fcvelykes teljes, ~5,0 uncia.<\/p>\n","protected":false},"featured_media":731666,"template":"","meta":{"_acf_changed":false},"product_brand":[15530],"product_cat":[15350,15997],"product_tag":[],"class_list":{"0":"post-732317","1":"product","2":"type-product","3":"status-publish","4":"has-post-thumbnail","6":"product_brand-microtech","7":"product_cat-knives-hu","8":"product_cat-otf-knives-hu","10":"first","11":"outofstock","12":"taxable","13":"shipping-taxable","14":"purchasable","15":"product-type-simple"},"acf":[],"_links":{"self":[{"href":"https:\/\/nbg.eu\/hu\/wp-json\/wp\/v2\/product\/732317","targetHints":{"allow":["GET"]}}],"collection":[{"href":"https:\/\/nbg.eu\/hu\/wp-json\/wp\/v2\/product"}],"about":[{"href":"https:\/\/nbg.eu\/hu\/wp-json\/wp\/v2\/types\/product"}],"wp:featuredmedia":[{"embeddable":true,"href":"https:\/\/nbg.eu\/hu\/wp-json\/wp\/v2\/media\/731666"}],"wp:attachment":[{"href":"https:\/\/nbg.eu\/hu\/wp-json\/wp\/v2\/media?parent=732317"}],"wp:term":[{"taxonomy":"product_brand","embeddable":true,"href":"https:\/\/nbg.eu\/hu\/wp-json\/wp\/v2\/product_brand?post=732317"},{"taxonomy":"product_cat","embeddable":true,"href":"https:\/\/nbg.eu\/hu\/wp-json\/wp\/v2\/product_cat?post=732317"},{"taxonomy":"product_tag","embeddable":true,"href":"https:\/\/nbg.eu\/hu\/wp-json\/wp\/v2\/product_tag?post=732317"}],"curies":[{"name":"wp","href":"https:\/\/api.w.org\/{rel}","templated":true}]}}