{"id":732319,"date":"2026-03-13T17:32:22","date_gmt":"2026-03-13T14:32:22","guid":{"rendered":"https:\/\/nbg.eu\/product\/microtech-scarab-ii-gen-iii-t-e-dlc-shadow-signature-series-2\/"},"modified":"2026-03-30T15:41:25","modified_gmt":"2026-03-30T12:41:25","slug":"microtech-scarab-ii-gen-iii-t-e-dlc-shadow-signature-series-2","status":"publish","type":"product","link":"https:\/\/nbg.eu\/hu\/termek\/microtech-scarab-ii-gen-iii-t-e-dlc-shadow-signature-series-2\/","title":{"rendered":"Microtech Scarab II Gen III T\/E DLC Shadow Signature Series"},"content":{"rendered":"<h2>\u00c1ttekint\u00e9s<\/h2>\n<p>A Microtech Scarab II Gen III a legnagyobb kett\u0151s m\u0171k\u00f6d\u00e9s\u0171 OTF k\u00e9s a Microtech jelenlegi v\u00e1laszt\u00e9k\u00e1ban, a rendelkez\u00e9sre \u00e1ll\u00f3 legsz\u00e9lesebb peng\u00e9vel \u00e9s impoz\u00e1ns, 9,70 h\u00fcvelykes teljes hossz\u00e1val. Ez a Black DLC Shadow v\u00e1ltozat DLC-bevonat\u00fa tanto peng\u00e9vel rendelkezik Bohler M390MK ac\u00e9lb\u00f3l. A forradalmian \u00faj kett\u0151s \u00fczemanyag\u00fa hajt\u00e1s m\u00e9g a meghajt\u00e1shoz is elegend\u0151. v\u00edz alatt, m\u00edg a textur\u00e1lt bet\u00e9tekkel ell\u00e1tott foganty\u00fa biztons\u00e1gos, k\u00e9nyelmes fog\u00e1st biztos\u00edt a hosszabb haszn\u00e1lathoz.<\/p>\n<h3>Legnagyobb kett\u0151s hat\u00e1s\u00fa OTF<\/h3>\n<p>A k\u00f6zel 4 h\u00fcvelykes peng\u00e9vel k\u00f6r\u00fclbel\u00fcl 5,9 uncia s\u00faly\u00fa Scarab II tekint\u00e9lyt ad. Sz\u00e9les tanto pengeprofilja kiv\u00e9teles v\u00e1g\u00e1si teljes\u00edtm\u00e9nyt \u00e9s cs\u00facsszil\u00e1rds\u00e1got biztos\u00edt az ig\u00e9nyes feladatokhoz.<\/p>\n<h3>K\u00e9t\u00fczemanyag\u00fa hajt\u00e1sl\u00e1nc<\/h3>\n<p>A kett\u0151s rug\u00f3s kialak\u00edt\u00e1s elegend\u0151 er\u0151t hoz l\u00e9tre a penge megb\u00edzhat\u00f3 m\u0171k\u00f6d\u00e9s\u00e9hez m\u00e9g v\u00edzben is, \u00edgy a Scarab II a valaha gy\u00e1rtott egyik legmegb\u00edzhat\u00f3bb OTF k\u00e9s.<\/p>\n<h3>H\u00e1ts\u00f3 portol\u00e1s kialak\u00edt\u00e1sa<\/h3>\n<p>Az \u00e1tgondoltan megtervezett h\u00e1ts\u00f3 ny\u00edl\u00e1s lehet\u0151v\u00e9 teszi a k\u00e9s k\u00f6nny\u0171 kinyit\u00e1s\u00e1t m\u00e9g neh\u00e9z k\u00f6r\u00fclm\u00e9nyek k\u00f6z\u00f6tt is, a peng\u00e9ben \u00e9s a tompa v\u00e9g\u00e9n tal\u00e1lhat\u00f3 dombor\u00edt\u00e1si v\u00e1g\u00e1sokkal az \u00e1tfoly\u00f3 kialak\u00edt\u00e1s \u00e9rdek\u00e9ben.<\/p>\n<h3>Pr\u00e9mium komponensek<\/h3>\n<ul>\n<li>Bohler M390MK sz\u00e9les tanto penge<\/li>\n<li>6061-T6 alum\u00ednium kont\u00faros foganty\u00fa<\/li>\n<li>K\u00e9t\u00fczemanyag\u00fa hajt\u00e1sl\u00e1nc v\u00edz alatti telep\u00edt\u00e9si lehet\u0151s\u00e9ggel<\/li>\n<li>Strukt\u00far\u00e1lt markolatbet\u00e9tek a fokozott tapad\u00e1s \u00e9rdek\u00e9ben<\/li>\n<li>H\u00e1ts\u00f3 port a megb\u00edzhat\u00f3 m\u0171k\u00f6d\u00e9s \u00e9rdek\u00e9ben<\/li>\n<li>\u00c1tfoly\u00f3 kialak\u00edt\u00e1s domborm\u0171v\u00e1g\u00e1sokkal<\/li>\n<li>DLC-bevonat\u00fa hardver \u00e9s zsebcsipesz<\/li>\n<li>Signature Series m\u00e9lyen grav\u00edrozott Scarab log\u00f3<\/li>\n<\/ul>\n<h3>M\u0171szaki adatok<\/h3>\n<table class=\"shop_attributes\">\n<tbody>\n<tr>\n<td><strong>T\u00edpus<\/strong><\/td>\n<td>El\u00fcls\u0151 automata<\/td>\n<\/tr>\n<tr>\n<td><strong>Penge hossza<\/strong><\/td>\n<td>3,95&#8243;<\/td>\n<\/tr>\n<tr>\n<td><strong>Teljes hossz<\/strong><\/td>\n<td>9,70&#8243;<\/td>\n<\/tr>\n<tr>\n<td><strong>Ac\u00e9l penge<\/strong><\/td>\n<td>Bohler M390MK (DLC-bevonat\u00fa)<\/td>\n<\/tr>\n<tr>\n<td><strong>Kezel\u00e9si anyag<\/strong><\/td>\n<td>6061-T6 alum\u00ednium (fekete DLC-\u00e1rny\u00e9k)<\/td>\n<\/tr>\n<tr>\n<td><strong>S\u00faly<\/strong><\/td>\n<td>~5,9 uncia<\/td>\n<\/tr>\n<tr>\n<td><strong>Penge st\u00edlus<\/strong><\/td>\n<td>Tanto (T\/E)<\/td>\n<\/tr>\n<tr>\n<td><strong>Peng\u00e9k kik\u00e9sz\u00edt\u00e9se<\/strong><\/td>\n<td>DLC Shadow<\/td>\n<\/tr>\n<tr>\n<td><strong>Hardver<\/strong><\/td>\n<td>DLC bevonattal<\/td>\n<\/tr>\n<tr>\n<td><strong>\u00c9let\u00edpus<\/strong><\/td>\n<td>Sima<\/td>\n<\/tr>\n<tr>\n<td><strong>Sorozat<\/strong><\/td>\n<td>Al\u00e1\u00edr\u00e1s-sorozat<\/td>\n<\/tr>\n<tr>\n<td><strong>Sz\u00e1rmaz\u00e1si orsz\u00e1g<\/strong><\/td>\n<td>USA<\/td>\n<\/tr>\n<\/tbody>\n<\/table>\n","protected":false},"excerpt":{"rendered":"<p>Scarab II Gen III Signature sorozat teljes DLC-vel, \u00e1rny\u00e9kos fel\u00fclettel \u2013 DLC-bevonat\u00fa M390MK tanto penge, DLC hardver \u00e9s fekete alum\u00ednium foganty\u00fa. A Microtech legnagyobb OTF-je. 3,95 h\u00fcvelykes penge, teljes \u00e1tm\u00e9r\u0151je 9,70 h\u00fcvelyk.<\/p>\n","protected":false},"featured_media":731672,"template":"","meta":{"_acf_changed":false},"product_brand":[15530],"product_cat":[15350,15997],"product_tag":[],"class_list":{"0":"post-732319","1":"product","2":"type-product","3":"status-publish","4":"has-post-thumbnail","6":"product_brand-microtech","7":"product_cat-knives-hu","8":"product_cat-otf-knives-hu","10":"first","11":"outofstock","12":"taxable","13":"shipping-taxable","14":"purchasable","15":"product-type-simple"},"acf":[],"_links":{"self":[{"href":"https:\/\/nbg.eu\/hu\/wp-json\/wp\/v2\/product\/732319","targetHints":{"allow":["GET"]}}],"collection":[{"href":"https:\/\/nbg.eu\/hu\/wp-json\/wp\/v2\/product"}],"about":[{"href":"https:\/\/nbg.eu\/hu\/wp-json\/wp\/v2\/types\/product"}],"wp:featuredmedia":[{"embeddable":true,"href":"https:\/\/nbg.eu\/hu\/wp-json\/wp\/v2\/media\/731672"}],"wp:attachment":[{"href":"https:\/\/nbg.eu\/hu\/wp-json\/wp\/v2\/media?parent=732319"}],"wp:term":[{"taxonomy":"product_brand","embeddable":true,"href":"https:\/\/nbg.eu\/hu\/wp-json\/wp\/v2\/product_brand?post=732319"},{"taxonomy":"product_cat","embeddable":true,"href":"https:\/\/nbg.eu\/hu\/wp-json\/wp\/v2\/product_cat?post=732319"},{"taxonomy":"product_tag","embeddable":true,"href":"https:\/\/nbg.eu\/hu\/wp-json\/wp\/v2\/product_tag?post=732319"}],"curies":[{"name":"wp","href":"https:\/\/api.w.org\/{rel}","templated":true}]}}