{"id":732321,"date":"2026-03-13T17:32:35","date_gmt":"2026-03-13T14:32:35","guid":{"rendered":"https:\/\/nbg.eu\/product\/microtech-socom-elite-s-e-manual-tactical-standard-black-2\/"},"modified":"2026-03-16T12:41:53","modified_gmt":"2026-03-16T09:41:53","slug":"microtech-socom-elite-s-e-manual-tactical-standard-black-2","status":"publish","type":"product","link":"https:\/\/nbg.eu\/hu\/termek\/microtech-socom-elite-s-e-manual-tactical-standard-black-2\/","title":{"rendered":"Microtech Socom Elite S\/E Manual Tactical Standard fekete"},"content":{"rendered":"<h2>\u00c1ttekint\u00e9s<\/h2>\n<p>A Microtech Socom Elite 1996-os kezdete \u00f3ta az egyik legn\u00e9pszer\u0171bb taktikai \u00f6sszecsukhat\u00f3 k\u00e9s maradt, \u00e9s ez a manu\u00e1lis taktikai v\u00e1ltozat is ezt az \u00f6r\u00f6ks\u00e9get folytatja. A k\u00e9tt\u00f3nus\u00fa fekete taktikai M390 peng\u00e9vel, norm\u00e1l \u00e9llel, a Socom Elite ergonomikus markolata term\u00e9szetesen a k\u00e9zhez illeszkedik, m\u00edg a be\u00e9p\u00edtett \u00fcvegt\u00f6r\u0151 \u00e9s a nagy h\u00fcvelykujj csap praktikus haszn\u00e1latot \u00e9s k\u00f6nny\u0171 egykezes kezel\u00e9st tesz lehet\u0151v\u00e9, ak\u00e1r keszty\u0171ben is.<\/p>\n<h3>Bev\u00e1lt taktikai tervez\u00e9s<\/h3>\n<p>1996 \u00f3ta a Socom Elite-t a katonai, rend\u00e9szeti \u00e9s civil felhaszn\u00e1l\u00f3k t\u00f6bb \u00e9vtizedes val\u00f3s visszajelz\u00e9sei r\u00e9v\u00e9n finom\u00edtott\u00e1k. A foganty\u00fa geometri\u00e1ja term\u00e9szetes, biztos fog\u00e1st biztos\u00edt, amely cs\u00f6kkenti a f\u00e1radts\u00e1got a hosszabb haszn\u00e1lat sor\u00e1n.<\/p>\n<h3>Be\u00e9p\u00edtett \u00fcvegt\u00f6r\u0151<\/h3>\n<p>A foganty\u00fa alj\u00e1ba \u00e9p\u00edtett edzett \u00fcvegt\u00f6r\u0151 v\u00e9szhelyzeti menek\u00fcl\u00e9si lehet\u0151s\u00e9get biztos\u00edt, \u00edgy a Socom Elite sokoldal\u00fa eszk\u00f6z a v\u00e1g\u00e1si feladatokon t\u00fal.<\/p>\n<h3>Keszty\u0171bar\u00e1t m\u0171k\u00f6d\u00e9s<\/h3>\n<p>A t\u00falm\u00e9retezett h\u00fcvelykujj csap \u00e9s a textur\u00e1lt markolatbet\u00e9tek az alum\u00ednium foganty\u00fam\u00e9rlegeken m\u00e9g taktikai keszty\u0171ben vagy nedves k\u00f6r\u00fclm\u00e9nyek k\u00f6z\u00f6tt is biztos\u00edtj\u00e1k a pozit\u00edv ir\u00e1ny\u00edt\u00e1st \u00e9s az egyszer\u0171 haszn\u00e1latot.<\/p>\n<h3>Pr\u00e9mium komponensek<\/h3>\n<ul>\n<li>Bohler M390 penge<\/li>\n<li>6061-T6 alum\u00ednium foganty\u00fa markolatbet\u00e9tekkel<\/li>\n<li>Be\u00e9p\u00edtett \u00fcvegt\u00f6r\u0151<\/li>\n<li>Nagy h\u00fcvelykujj csap a keszty\u0171s haszn\u00e1lathoz<\/li>\n<li>Zsebcsipesz<\/li>\n<\/ul>\n<h3>M\u0171szaki adatok<\/h3>\n<table class=\"shop_attributes\">\n<tbody>\n<tr>\n<td><strong>T\u00edpus<\/strong><\/td>\n<td>K\u00e9zi mappa<\/td>\n<\/tr>\n<tr>\n<td><strong>Penge hossza<\/strong><\/td>\n<td>4,00&#8243;<\/td>\n<\/tr>\n<tr>\n<td><strong>Teljes hossz<\/strong><\/td>\n<td>9,125&#8243;<\/td>\n<\/tr>\n<tr>\n<td><strong>A foganty\u00fa hossza<\/strong><\/td>\n<td>5,125&#8243;<\/td>\n<\/tr>\n<tr>\n<td><strong>Ac\u00e9l penge<\/strong><\/td>\n<td>Bohler M390<\/td>\n<\/tr>\n<tr>\n<td><strong>Kezel\u00e9si anyag<\/strong><\/td>\n<td>6061-T6 alum\u00ednium (fekete)<\/td>\n<\/tr>\n<tr>\n<td><strong>S\u00faly<\/strong><\/td>\n<td>4,60 uncia<\/td>\n<\/tr>\n<tr>\n<td><strong>Penge st\u00edlus<\/strong><\/td>\n<td>Drop Point (D\/K)<\/td>\n<\/tr>\n<tr>\n<td><strong>Peng\u00e9k kik\u00e9sz\u00edt\u00e9se<\/strong><\/td>\n<td>Fekete taktikai (k\u00e9tt\u00f3nus\u00fa)<\/td>\n<\/tr>\n<tr>\n<td><strong>\u00c9let\u00edpus<\/strong><\/td>\n<td>Sima<\/td>\n<\/tr>\n<tr>\n<td><strong>Z\u00e1rol\u00e1s<\/strong><\/td>\n<td>B\u00e9l\u00e9sz\u00e1r<\/td>\n<\/tr>\n<tr>\n<td><strong>\u00dcvegt\u00f6r\u0151<\/strong><\/td>\n<td>Integr\u00e1lt<\/td>\n<\/tr>\n<tr>\n<td><strong>Sz\u00e1rmaz\u00e1si orsz\u00e1g<\/strong><\/td>\n<td>USA<\/td>\n<\/tr>\n<\/tbody>\n<\/table>\n","protected":false},"excerpt":{"rendered":"<p>Socom Elite k\u00e9zi mappa k\u00e9tt\u00f3nus\u00fa fekete taktikai M390 egy\u00e9l\u0171 peng\u00e9vel. Ikonikus diz\u00e1jn 1996 \u00f3ta b\u00e9l\u00e9sz\u00e1rral, \u00fcvegt\u00f6r\u0151vel \u00e9s nagy h\u00fcvelykujj csappal. 4,00 h\u00fcvelykes penge, 9,125 h\u00fcvelykes teljes, 4,6 uncia.<\/p>\n","protected":false},"featured_media":731680,"template":"","meta":{"_acf_changed":false},"product_brand":[15530],"product_cat":[15375,15350],"product_tag":[],"class_list":{"0":"post-732321","1":"product","2":"type-product","3":"status-publish","4":"has-post-thumbnail","6":"product_brand-microtech","7":"product_cat-folding-knives-hu","8":"product_cat-knives-hu","10":"first","11":"instock","12":"taxable","13":"shipping-taxable","14":"purchasable","15":"product-type-simple"},"acf":[],"_links":{"self":[{"href":"https:\/\/nbg.eu\/hu\/wp-json\/wp\/v2\/product\/732321","targetHints":{"allow":["GET"]}}],"collection":[{"href":"https:\/\/nbg.eu\/hu\/wp-json\/wp\/v2\/product"}],"about":[{"href":"https:\/\/nbg.eu\/hu\/wp-json\/wp\/v2\/types\/product"}],"wp:featuredmedia":[{"embeddable":true,"href":"https:\/\/nbg.eu\/hu\/wp-json\/wp\/v2\/media\/731680"}],"wp:attachment":[{"href":"https:\/\/nbg.eu\/hu\/wp-json\/wp\/v2\/media?parent=732321"}],"wp:term":[{"taxonomy":"product_brand","embeddable":true,"href":"https:\/\/nbg.eu\/hu\/wp-json\/wp\/v2\/product_brand?post=732321"},{"taxonomy":"product_cat","embeddable":true,"href":"https:\/\/nbg.eu\/hu\/wp-json\/wp\/v2\/product_cat?post=732321"},{"taxonomy":"product_tag","embeddable":true,"href":"https:\/\/nbg.eu\/hu\/wp-json\/wp\/v2\/product_tag?post=732321"}],"curies":[{"name":"wp","href":"https:\/\/api.w.org\/{rel}","templated":true}]}}