{"id":732323,"date":"2026-03-13T17:32:48","date_gmt":"2026-03-13T14:32:48","guid":{"rendered":"https:\/\/nbg.eu\/product\/microtech-stitch-s-e-tactical-partial-serrated-2\/"},"modified":"2026-03-16T12:42:03","modified_gmt":"2026-03-16T09:42:03","slug":"microtech-stitch-s-e-tactical-partial-serrated-2","status":"publish","type":"product","link":"https:\/\/nbg.eu\/hu\/termek\/microtech-stitch-s-e-tactical-partial-serrated-2\/","title":{"rendered":"Microtech Stitch S\/E taktikai r\u00e9szleges fogazott"},"content":{"rendered":"<h2>\u00c1ttekint\u00e9s<\/h2>\n<p>A Microtech Stitch egy gy\u00e1rt\u00e1si remekm\u0171, amely a Marfione Custom Knives \u00e9s a Borka Blades egy\u00fcttm\u0171k\u00f6d\u00e9s\u00e9b\u0151l sz\u00fcletett. Ez a taktikai v\u00e1ltozat DLC-bevonat\u00fa, r\u00e9szben fogazott, Bohler M390 ac\u00e9lb\u00f3l k\u00e9sz\u00fclt l\u00e1ndzsahegyet tartalmaz, amely er\u0151sen mart \u00e9s rec\u00e9zett 6061-T6 alum\u00ednium ny\u00e9lben helyezkedik el, fekete Mil-Spec Hardcoat elox\u00e1lt fel\u00fclettel. A 6,3 oz s\u00faly\u00fa Stitch jelent\u0151s er\u0151t \u00e9s jelenl\u00e9tet biztos\u00edt, a nagyvonal\u00fa choil \u00e9s h\u00fcvelykujj r\u00e1mpa pedig t\u00f6bbf\u00e9le biztons\u00e1gos fog\u00e1si lehet\u0151s\u00e9get biztos\u00edt a prec\u00edz vez\u00e9rl\u00e9shez.<\/p>\n<h3>Marfione \u00e9s Borka egy\u00fcttm\u0171k\u00f6d\u00e9se<\/h3>\n<p>A Stitch k\u00e9t legend\u00e1s k\u00e9sz\u00edt\u0151 egyedi k\u00e9ses egy\u00fcttm\u0171k\u00f6d\u00e9s\u00e9nek gy\u00e1rt\u00e1si megval\u00f3s\u00edt\u00e1s\u00e1t k\u00e9pviseli. Minden r\u00e9szlet, a jellegzetes pengeprofilt\u00f3l az agressz\u00edv markolatmar\u00e1sig, t\u00f6bb \u00e9vtizedes kombin\u00e1lt k\u00e9sk\u00e9sz\u00edt\u00e9si szak\u00e9rtelmet t\u00fckr\u00f6z.<\/p>\n<h3>Mil-Spec Hardcoat konstrukci\u00f3<\/h3>\n<p>Az er\u0151sen mart alum\u00ednium markolat Mil-Spec Type III Hardcoat elox\u00e1l\u00e1st kapott a kiv\u00e9teles kop\u00e1s- \u00e9s korr\u00f3zi\u00f3\u00e1ll\u00f3s\u00e1g \u00e9rdek\u00e9ben. A m\u00e9ly rec\u00e9zett mint\u00e1zat biztons\u00e1gos markolatfel\u00fcletet biztos\u00edt berak\u00e1s n\u00e9lk\u00fcl.<\/p>\n<h3>Sokoldal\u00fa pengegeometria<\/h3>\n<p>A l\u00e1ndzsa hegy\u0171 pengeprofil jelent\u0151s hornygal \u00e9s h\u00fcvelykujj-r\u00e1mp\u00e1val t\u00f6bbf\u00e9le fog\u00e1si poz\u00edci\u00f3t k\u00edn\u00e1l k\u00fcl\u00f6nf\u00e9le v\u00e1g\u00e1si feladatokhoz, a prec\u00edzi\u00f3s munk\u00e1t\u00f3l az agressz\u00edv szeletel\u00e9sig a r\u00e9szben fogazott r\u00e9sszel.<\/p>\n<h3>Pr\u00e9mium komponensek<\/h3>\n<ul>\n<li>Bohler M390 l\u00e1ndzsahegy penge DLC-bevonattal<\/li>\n<li>6061-T6 alum\u00ednium foganty\u00fa Mil-Spec Hardcoat elox\u00e1l\u00e1ssal<\/li>\n<li>M\u00e9ly rec\u00e9zett minta a biztos fog\u00e1s\u00e9rt<\/li>\n<li>Alum\u00ednium visszah\u00faz\u00f3 t\u00e1vtart\u00f3<\/li>\n<li>Felhajthat\u00f3 hordtart\u00f3 zsebcsipesz<\/li>\n<li>Nyom\u00f3gombos automatikus \u00fczembe helyez\u00e9s<\/li>\n<\/ul>\n<h3>M\u0171szaki adatok<\/h3>\n<table class=\"shop_attributes\">\n<tbody>\n<tr>\n<td><strong>T\u00edpus<\/strong><\/td>\n<td>Automatikus (OTS)<\/td>\n<\/tr>\n<tr>\n<td><strong>Penge hossza<\/strong><\/td>\n<td>3,75&#8243;<\/td>\n<\/tr>\n<tr>\n<td><strong>Teljes hossz<\/strong><\/td>\n<td>8,51&#8243;<\/td>\n<\/tr>\n<tr>\n<td><strong>Z\u00e1rt hossz<\/strong><\/td>\n<td>5,00&#8243;<\/td>\n<\/tr>\n<tr>\n<td><strong>Pengevastags\u00e1g<\/strong><\/td>\n<td>0,197&#8243;<\/td>\n<\/tr>\n<tr>\n<td><strong>Ac\u00e9l penge<\/strong><\/td>\n<td>Bohler M390<\/td>\n<\/tr>\n<tr>\n<td><strong>Kezel\u00e9si anyag<\/strong><\/td>\n<td>6061-T6 alum\u00ednium (Mil-Spec Hardcoat)<\/td>\n<\/tr>\n<tr>\n<td><strong>A foganty\u00fa vastags\u00e1ga<\/strong><\/td>\n<td>0,62&#8243;<\/td>\n<\/tr>\n<tr>\n<td><strong>S\u00faly<\/strong><\/td>\n<td>6,30 uncia<\/td>\n<\/tr>\n<tr>\n<td><strong>Penge st\u00edlus<\/strong><\/td>\n<td>L\u00e1ndzsahegy (D\/K)<\/td>\n<\/tr>\n<tr>\n<td><strong>Peng\u00e9k kik\u00e9sz\u00edt\u00e9se<\/strong><\/td>\n<td>Fekete DLC<\/td>\n<\/tr>\n<tr>\n<td><strong>\u00c9let\u00edpus<\/strong><\/td>\n<td>R\u00e9szben fogazott<\/td>\n<\/tr>\n<tr>\n<td><strong>Sz\u00e1rmaz\u00e1si orsz\u00e1g<\/strong><\/td>\n<td>USA<\/td>\n<\/tr>\n<\/tbody>\n<\/table>\n","protected":false},"excerpt":{"rendered":"<p>Automatikus \u00f6lt\u00e9sk\u00e9s DLC-bevonat\u00fa, r\u00e9szben fogazott M390 l\u00e1ndzsahegy peng\u00e9vel. Egy\u00fcttm\u0171k\u00f6d\u00e9s a Marfione Custom \u00e9s a Borka Blades k\u00f6z\u00f6tt. rec\u00e9zett alum\u00ednium foganty\u00fa, 3,75 h\u00fcvelykes penge, 8,51 h\u00fcvelykes teljes, 6,3 uncia.<\/p>\n","protected":false},"featured_media":731688,"template":"","meta":{"_acf_changed":false},"product_brand":[15530],"product_cat":[15375,15350],"product_tag":[],"class_list":{"0":"post-732323","1":"product","2":"type-product","3":"status-publish","4":"has-post-thumbnail","6":"product_brand-microtech","7":"product_cat-folding-knives-hu","8":"product_cat-knives-hu","10":"first","11":"instock","12":"taxable","13":"shipping-taxable","14":"purchasable","15":"product-type-simple"},"acf":[],"_links":{"self":[{"href":"https:\/\/nbg.eu\/hu\/wp-json\/wp\/v2\/product\/732323","targetHints":{"allow":["GET"]}}],"collection":[{"href":"https:\/\/nbg.eu\/hu\/wp-json\/wp\/v2\/product"}],"about":[{"href":"https:\/\/nbg.eu\/hu\/wp-json\/wp\/v2\/types\/product"}],"wp:featuredmedia":[{"embeddable":true,"href":"https:\/\/nbg.eu\/hu\/wp-json\/wp\/v2\/media\/731688"}],"wp:attachment":[{"href":"https:\/\/nbg.eu\/hu\/wp-json\/wp\/v2\/media?parent=732323"}],"wp:term":[{"taxonomy":"product_brand","embeddable":true,"href":"https:\/\/nbg.eu\/hu\/wp-json\/wp\/v2\/product_brand?post=732323"},{"taxonomy":"product_cat","embeddable":true,"href":"https:\/\/nbg.eu\/hu\/wp-json\/wp\/v2\/product_cat?post=732323"},{"taxonomy":"product_tag","embeddable":true,"href":"https:\/\/nbg.eu\/hu\/wp-json\/wp\/v2\/product_tag?post=732323"}],"curies":[{"name":"wp","href":"https:\/\/api.w.org\/{rel}","templated":true}]}}