{"id":732324,"date":"2026-03-13T17:33:03","date_gmt":"2026-03-13T14:33:03","guid":{"rendered":"https:\/\/nbg.eu\/product\/microtech-amphibian-ram-lok-s-e-fluted-partial-serrated-tan-2\/"},"modified":"2026-03-16T12:42:08","modified_gmt":"2026-03-16T09:42:08","slug":"microtech-amphibian-ram-lok-s-e-fluted-partial-serrated-tan-2","status":"publish","type":"product","link":"https:\/\/nbg.eu\/hu\/termek\/microtech-amphibian-ram-lok-s-e-fluted-partial-serrated-tan-2\/","title":{"rendered":"Microtech Amphibian RAM-LOK S\/E hornyolt r\u00e9szleges fogazott cser"},"content":{"rendered":"<h2>\u00c1ttekint\u00e9s<\/h2>\n<p>A Microtech Amphibian RAM-LOK visszahozza a klasszikus Amphibian pengeprofilt \u2013 amelyet valaha a Microtech valaha gy\u00e1rtott legjobb EDC k\u00e9sk\u00e9nt emlegettek \u2013 a modern RAM-LOK r\u00fadreteszel\u0151 mechanizmussal. Ez a Tan v\u00e1ltozat fekete, DLC-bevonat\u00fa, r\u00e9szben fogazott egy\u00e9l\u0171 peng\u00e9vel rendelkezik Bohler M390MK ac\u00e9lb\u00f3l, gy\u00f6ny\u00f6r\u0171en hornyolt alum\u00ednium foganty\u00faval. A RAM-LOK rendszer egy keresztr\u00fad st\u00edlus\u00fa z\u00e1rat biztos\u00edt egyetlen tekercsrug\u00f3val meghajtott t\u00f6m\u00f6r ac\u00e9l tusk\u00f3 seg\u00edts\u00e9g\u00e9vel, amely sziklaszil\u00e1rd reteszel\u00e9st \u00e9s k\u00e9tkezes ujjbiztos z\u00e1r\u00e1st biztos\u00edt.<\/p>\n<h3>RAM-LOK Bar Lock System<\/h3>\n<p>A RAM-LOK t\u00f6m\u00f6r ac\u00e9l tusk\u00f3 keresztrudat haszn\u00e1l, amelyet egyetlen tekercsrug\u00f3val hajtanak meg, \u00e9s ez az egyik leger\u0151sebb \u00e9s legmegb\u00edzhat\u00f3bb reteszel\u0151 mechanizmus. A kialak\u00edt\u00e1s lehet\u0151v\u00e9 teszi az ujjbiztos z\u00e1r\u00e1st a foganty\u00fa mindk\u00e9t oldal\u00e1r\u00f3l a k\u00e9tkezes kezel\u00e9s \u00e9rdek\u00e9ben.<\/p>\n<h3>Klasszikus k\u00e9t\u00e9lt\u0171 pengeprofil<\/h3>\n<p>A k\u00e9t\u00e9lt\u0171 jellegzetes pengegeometri\u00e1ja a Microtech ikonja, amelyet olyan sokoldal\u00fa v\u00e1g\u00e1si teljes\u00edtm\u00e9nyre terveztek, amely mind a prec\u00edzi\u00f3s feladatokban, mind az ig\u00e9nyesebb alkalmaz\u00e1sokban kiv\u00e1l\u00f3.<\/p>\n<h3>Furm\u00e1lt alum\u00ednium szerkezet<\/h3>\n<p>A prec\u00edzi\u00f3s hornyolt 6061-T6 alum\u00ednium foganty\u00fa cs\u00f6kkenti a s\u00falyt, mik\u00f6zben vizu\u00e1lisan felt\u0171n\u0151 mint\u00e1t hoz l\u00e9tre, \u00e9s tov\u00e1bbi markolatmint\u00e1zatot biztos\u00edt. A Tan elox\u00e1l\u00e1s meleg, taktikai eszt\u00e9tik\u00e1t ad.<\/p>\n<h3>Pr\u00e9mium komponensek<\/h3>\n<ul>\n<li>Bohler M390MK egy\u00e9l\u0171 penge DLC-bevonattal<\/li>\n<li>Furult 6061-T6 alum\u00ednium foganty\u00fa (Tan)<\/li>\n<li>RAM-LOK keresztr\u00fadreteszel\u0151 mechanizmus<\/li>\n<li>Megford\u00edthat\u00f3 tit\u00e1n zsebcsipesz<\/li>\n<li>Bizonyos sz\u00e1ll\u00edt\u00e1si konfigur\u00e1ci\u00f3<\/li>\n<\/ul>\n<h3>M\u0171szaki adatok<\/h3>\n<table class=\"shop_attributes\">\n<tbody>\n<tr>\n<td><strong>T\u00edpus<\/strong><\/td>\n<td>K\u00e9zi mappa<\/td>\n<\/tr>\n<tr>\n<td><strong>Penge hossza<\/strong><\/td>\n<td>3,90&#8243;<\/td>\n<\/tr>\n<tr>\n<td><strong>Teljes hossz<\/strong><\/td>\n<td>9,25&#8243;<\/td>\n<\/tr>\n<tr>\n<td><strong>Z\u00e1rt hossz<\/strong><\/td>\n<td>5,38&#8243;<\/td>\n<\/tr>\n<tr>\n<td><strong>Ac\u00e9l penge<\/strong><\/td>\n<td>Bohler M390MK<\/td>\n<\/tr>\n<tr>\n<td><strong>Kezel\u00e9si anyag<\/strong><\/td>\n<td>6061-T6 alum\u00ednium, hornyolt (barna)<\/td>\n<\/tr>\n<tr>\n<td><strong>S\u00faly<\/strong><\/td>\n<td>5,90 uncia<\/td>\n<\/tr>\n<tr>\n<td><strong>Z\u00e1rol\u00e1s<\/strong><\/td>\n<td>RAM-LOK Bar Lock<\/td>\n<\/tr>\n<tr>\n<td><strong>Penge st\u00edlus<\/strong><\/td>\n<td>Egy\u00e9l (S\/E)<\/td>\n<\/tr>\n<tr>\n<td><strong>Peng\u00e9k kik\u00e9sz\u00edt\u00e9se<\/strong><\/td>\n<td>Fekete DLC<\/td>\n<\/tr>\n<tr>\n<td><strong>\u00c9let\u00edpus<\/strong><\/td>\n<td>R\u00e9szben fogazott<\/td>\n<\/tr>\n<tr>\n<td><strong>Zsebcsipesz<\/strong><\/td>\n<td>Megford\u00edthat\u00f3 tit\u00e1n, felhajthat\u00f3<\/td>\n<\/tr>\n<tr>\n<td><strong>Sz\u00e1rmaz\u00e1si orsz\u00e1g<\/strong><\/td>\n<td>USA<\/td>\n<\/tr>\n<\/tbody>\n<\/table>\n","protected":false},"excerpt":{"rendered":"<p>Amphibian RAM-LOK k\u00e9zi mappa barna sz\u00edn\u0171 fekete DLC-vel, r\u00e9szben fogazott M390MK egy\u00e9l\u0171 peng\u00e9vel. Hornyolt alum\u00ednium foganty\u00fa RAM-LOK r\u00fadz\u00e1rral. 3,90 h\u00fcvelykes penge, 9,25 h\u00fcvelykes teljes, 5,9 uncia.<\/p>\n","protected":false},"featured_media":731692,"template":"","meta":{"_acf_changed":false},"product_brand":[15530],"product_cat":[15375,15350],"product_tag":[],"class_list":{"0":"post-732324","1":"product","2":"type-product","3":"status-publish","4":"has-post-thumbnail","6":"product_brand-microtech","7":"product_cat-folding-knives-hu","8":"product_cat-knives-hu","10":"first","11":"instock","12":"taxable","13":"shipping-taxable","14":"purchasable","15":"product-type-simple"},"acf":[],"_links":{"self":[{"href":"https:\/\/nbg.eu\/hu\/wp-json\/wp\/v2\/product\/732324","targetHints":{"allow":["GET"]}}],"collection":[{"href":"https:\/\/nbg.eu\/hu\/wp-json\/wp\/v2\/product"}],"about":[{"href":"https:\/\/nbg.eu\/hu\/wp-json\/wp\/v2\/types\/product"}],"wp:featuredmedia":[{"embeddable":true,"href":"https:\/\/nbg.eu\/hu\/wp-json\/wp\/v2\/media\/731692"}],"wp:attachment":[{"href":"https:\/\/nbg.eu\/hu\/wp-json\/wp\/v2\/media?parent=732324"}],"wp:term":[{"taxonomy":"product_brand","embeddable":true,"href":"https:\/\/nbg.eu\/hu\/wp-json\/wp\/v2\/product_brand?post=732324"},{"taxonomy":"product_cat","embeddable":true,"href":"https:\/\/nbg.eu\/hu\/wp-json\/wp\/v2\/product_cat?post=732324"},{"taxonomy":"product_tag","embeddable":true,"href":"https:\/\/nbg.eu\/hu\/wp-json\/wp\/v2\/product_tag?post=732324"}],"curies":[{"name":"wp","href":"https:\/\/api.w.org\/{rel}","templated":true}]}}