{"id":732325,"date":"2026-03-13T17:33:09","date_gmt":"2026-03-13T14:33:09","guid":{"rendered":"https:\/\/nbg.eu\/product\/microtech-msi-s-e-black-standard-frag-aluminum-od-green-2\/"},"modified":"2026-03-16T12:42:13","modified_gmt":"2026-03-16T09:42:13","slug":"microtech-msi-s-e-black-standard-frag-aluminum-od-green-2","status":"publish","type":"product","link":"https:\/\/nbg.eu\/hu\/termek\/microtech-msi-s-e-black-standard-frag-aluminum-od-green-2\/","title":{"rendered":"Microtech MSI S\/E Fekete Standard Frag Alum\u00ednium OD z\u00f6ld"},"content":{"rendered":"<h2>\u00c1ttekint\u00e9s<\/h2>\n<p>A Microtech MSI (Microtech Standard Issue) a Microtech k\u00e9zi mappatervez\u00e9s\u00e9nek cs\u00facs\u00e1t k\u00e9pviseli, \u00f6tv\u00f6zi a nagy teherb\u00edr\u00e1s\u00fa seg\u00e9dprogramokat a kifinomult diz\u00e1jnnal. Ez az OD Green Frag v\u00e1ltozat k\u00e9tt\u00f3nus\u00fa fekete M390MK egy\u00e9l\u0171 peng\u00e9vel rendelkezik, jellegzetes t\u00f6redezett mint\u00e1s alum\u00ednium markolattal, amely vizu\u00e1lis megk\u00fcl\u00f6nb\u00f6ztet\u00e9st \u00e9s fokozott markolatszerkezetet biztos\u00edt. A RAM-LOK r\u00fadreteszel\u0151 mechanizmus sziklaszil\u00e1rd r\u00f6gz\u00edt\u00e9st biztos\u00edt k\u00e9tkezes ujjbiztos z\u00e1r\u00e1ssal, m\u00edg a mindk\u00e9t oldalon tal\u00e1lhat\u00f3 ikonikus X gomb egy jellegzetes Microtech \u00e9rint\u00e9st ad.<\/p>\n<h3>RAM-LOK Bar Lock System<\/h3>\n<p>Keresztr\u00fad st\u00edlus\u00fa reteszel\u0151rendszer, amely t\u00f6m\u00f6r ac\u00e9l tusk\u00f3t tartalmaz, amelyet egyetlen tekercsrug\u00f3val hajtanak meg, \u00edgy nagyobb tart\u00f3ss\u00e1got \u00e9s ujjbiztos m\u00f3dot biztos\u00edtanak a k\u00e9s mindk\u00e9t oldalr\u00f3l t\u00f6rt\u00e9n\u0151 bez\u00e1r\u00e1s\u00e1ra. A RAM-LOK az egyik leger\u0151sebb \u00e9s legmegb\u00edzhat\u00f3bb k\u00e9zi mappaz\u00e1r.<\/p>\n<h3>Frag-Pattern alum\u00ednium foganty\u00fa<\/h3>\n<p>A 6061-T6 alum\u00ednium foganty\u00faba forg\u00e1csolt agressz\u00edv t\u00f6redezett mar\u00e1si minta jellegzetes taktikai eszt\u00e9tikai \u00e9s funkcion\u00e1lis markolatjav\u00edt\u00e1st biztos\u00edt. Az edzett ac\u00e9l b\u00e9l\u00e9slemezek n\u00f6velik a szerkezeti merevs\u00e9get.<\/p>\n<h3>Ikonikus X gomb<\/h3>\n<p>Az MSI jellegzetes X gombja a foganty\u00fa mindk\u00e9t oldal\u00e1n jellegzetes vizu\u00e1lis elemet biztos\u00edt, mik\u00f6zben tapinthat\u00f3 referenciapontk\u00e9nt szolg\u00e1l a markolat t\u00e1jol\u00e1s\u00e1hoz.<\/p>\n<h3>Pr\u00e9mium komponensek<\/h3>\n<ul>\n<li>Bohler M390MK egy\u00e9l\u0171 penge<\/li>\n<li>OD z\u00f6ld frag-mint\u00e1s 6061-T6 alum\u00ednium foganty\u00fa<\/li>\n<li>Edzett ac\u00e9l b\u00e9l\u00e9slemezek<\/li>\n<li>RAM-LOK keresztr\u00fadreteszel\u0151 mechanizmus<\/li>\n<li>Titanium backspacer<\/li>\n<li>Megford\u00edthat\u00f3 zsebcsipesz a bal oldali hordoz\u00e1shoz<\/li>\n<li>Ikonikus X gomb (mindk\u00e9t oldalon)<\/li>\n<\/ul>\n<h3>M\u0171szaki adatok<\/h3>\n<table class=\"shop_attributes\">\n<tbody>\n<tr>\n<td><strong>T\u00edpus<\/strong><\/td>\n<td>K\u00e9zi mappa<\/td>\n<\/tr>\n<tr>\n<td><strong>Penge hossza<\/strong><\/td>\n<td>3,88&#8243;<\/td>\n<\/tr>\n<tr>\n<td><strong>Teljes hossz<\/strong><\/td>\n<td>8,93&#8243;<\/td>\n<\/tr>\n<tr>\n<td><strong>Pengevastags\u00e1g<\/strong><\/td>\n<td>0,16&#8243;<\/td>\n<\/tr>\n<tr>\n<td><strong>Ac\u00e9l penge<\/strong><\/td>\n<td>Bohler M390MK<\/td>\n<\/tr>\n<tr>\n<td><strong>Kezel\u00e9si anyag<\/strong><\/td>\n<td>6061-T6 alum\u00ednium, t\u00f6rmel\u00e9k minta (OD z\u00f6ld)<\/td>\n<\/tr>\n<tr>\n<td><strong>S\u00faly<\/strong><\/td>\n<td>5,00 uncia<\/td>\n<\/tr>\n<tr>\n<td><strong>Z\u00e1rol\u00e1s<\/strong><\/td>\n<td>RAM-LOK Bar Lock<\/td>\n<\/tr>\n<tr>\n<td><strong>Penge st\u00edlus<\/strong><\/td>\n<td>Egy\u00e9l (S\/E)<\/td>\n<\/tr>\n<tr>\n<td><strong>Peng\u00e9k kik\u00e9sz\u00edt\u00e9se<\/strong><\/td>\n<td>Fekete (k\u00e9tt\u00f3nus\u00fa)<\/td>\n<\/tr>\n<tr>\n<td><strong>\u00c9let\u00edpus<\/strong><\/td>\n<td>Sima<\/td>\n<\/tr>\n<tr>\n<td><strong>Sz\u00e1rmaz\u00e1si orsz\u00e1g<\/strong><\/td>\n<td>USA<\/td>\n<\/tr>\n<\/tbody>\n<\/table>\n","protected":false},"excerpt":{"rendered":"<p>MSI (Microtech Standard Issue) k\u00e9zi mappa OD Green Frag alum\u00edniumb\u00f3l, k\u00e9tt\u00f3nus\u00fa fekete M390MK egy\u00e9l\u0171 peng\u00e9vel. RAM-LOK s\u00e1vz\u00e1r ikonikus X gombbal. 3,88 h\u00fcvelykes penge, 8,93 h\u00fcvelykes teljes, 5,0 uncia.<\/p>\n","protected":false},"featured_media":731696,"template":"","meta":{"_acf_changed":false},"product_brand":[15530],"product_cat":[15375,15350],"product_tag":[],"class_list":{"0":"post-732325","1":"product","2":"type-product","3":"status-publish","4":"has-post-thumbnail","6":"product_brand-microtech","7":"product_cat-folding-knives-hu","8":"product_cat-knives-hu","10":"first","11":"instock","12":"taxable","13":"shipping-taxable","14":"purchasable","15":"product-type-simple"},"acf":[],"_links":{"self":[{"href":"https:\/\/nbg.eu\/hu\/wp-json\/wp\/v2\/product\/732325","targetHints":{"allow":["GET"]}}],"collection":[{"href":"https:\/\/nbg.eu\/hu\/wp-json\/wp\/v2\/product"}],"about":[{"href":"https:\/\/nbg.eu\/hu\/wp-json\/wp\/v2\/types\/product"}],"wp:featuredmedia":[{"embeddable":true,"href":"https:\/\/nbg.eu\/hu\/wp-json\/wp\/v2\/media\/731696"}],"wp:attachment":[{"href":"https:\/\/nbg.eu\/hu\/wp-json\/wp\/v2\/media?parent=732325"}],"wp:term":[{"taxonomy":"product_brand","embeddable":true,"href":"https:\/\/nbg.eu\/hu\/wp-json\/wp\/v2\/product_brand?post=732325"},{"taxonomy":"product_cat","embeddable":true,"href":"https:\/\/nbg.eu\/hu\/wp-json\/wp\/v2\/product_cat?post=732325"},{"taxonomy":"product_tag","embeddable":true,"href":"https:\/\/nbg.eu\/hu\/wp-json\/wp\/v2\/product_tag?post=732325"}],"curies":[{"name":"wp","href":"https:\/\/api.w.org\/{rel}","templated":true}]}}