{"id":732326,"date":"2026-03-13T17:33:16","date_gmt":"2026-03-13T14:33:16","guid":{"rendered":"https:\/\/nbg.eu\/product\/microtech-dirac-delta-d-e-dlc-shadow-signature-series-2\/"},"modified":"2026-03-30T15:46:11","modified_gmt":"2026-03-30T12:46:11","slug":"microtech-dirac-delta-d-e-dlc-shadow-signature-series-2","status":"publish","type":"product","link":"https:\/\/nbg.eu\/hu\/termek\/microtech-dirac-delta-d-e-dlc-shadow-signature-series-2\/","title":{"rendered":"Microtech Dirac Delta D\/E DLC Shadow Signature Series"},"content":{"rendered":"<h2>\u00c1ttekint\u00e9s<\/h2>\n<p>A Microtech Dirac Delta D\/E DLC Shadow a Microtech innovat\u00edv, fels\u0151 t\u00fczel\u00e9s\u0171 OTF automat\u00e1j\u00e1nak Signature Series v\u00e1ltozata. Az \u00fatt\u00f6r\u0151 Dirac mint\u00e1j\u00e1ra a Delta ugyanazt az ergonomikus v\u00e1zat \u00e9s innovat\u00edv bels\u0151 mechanizmust tartja robusztusabb m\u00e9retben, ezzel a Shadow kiad\u00e1ssal az M390MK t\u0151rpenge teljes DLC (Diamond-Like Carbon) bevonattal, alum\u00ednium foganty\u00faval, hardverrel \u00e9s zsebkapcsokkal. A meghat\u00e1roz\u00f3, fel\u00fclre szerelt els\u00fct\u0151gomb lehet\u0151v\u00e9 teszi a penge intuit\u00edv, k\u00e9tkezes kiold\u00e1s\u00e1t \u00e9s visszah\u00faz\u00e1s\u00e1t a h\u00fcvelykujj term\u00e9szetes mozg\u00e1s\u00e1val.<\/p>\n<h3>Fels\u0151re szerelt ind\u00edt\u00f3gomb<\/h3>\n<p>Az oldals\u00f3 t\u00fczel\u00e9s\u0171 OTF k\u00e9sekkel ellent\u00e9tben a Dirac Delta fed\u00e9lre szerelt gombja term\u00e9szetes, intuit\u00edv h\u00fcvelykujjnyom\u00e1st tesz lehet\u0151v\u00e9 a penge kiold\u00e1s\u00e1hoz \u00e9s visszah\u00faz\u00e1s\u00e1hoz. A kialak\u00edt\u00e1s val\u00f3di k\u00e9tkezes m\u0171k\u00f6d\u00e9st tesz lehet\u0151v\u00e9 a k\u00e9z \u00e1thelyez\u00e9se n\u00e9lk\u00fcl.<\/p>\n<h3>Ergonomikus HALO-ihlette alv\u00e1z<\/h3>\n<p>A Dirac Delta alv\u00e1za a legend\u00e1s Microtech HALO \u00e1ltal ihletett \u00edvelt vonalakkal rendelkezik, amelyek jellegzetes \u00e9rzetet keltenek a k\u00e9zben, ami megk\u00fcl\u00f6nb\u00f6zteti a hagyom\u00e1nyos egyenes oldal\u00fa OTF-kialak\u00edt\u00e1sokt\u00f3l.<\/p>\n<h3>DLC Shadow Finish<\/h3>\n<p>A teljes Diamond-Like Carbon bevonat minden fel\u00fcleten rendk\u00edv\u00fcli kem\u00e9nys\u00e9get, kop\u00e1s\u00e1ll\u00f3s\u00e1got \u00e9s eleg\u00e1ns, els\u00f6t\u00e9t\u00edtett eszt\u00e9tik\u00e1t biztos\u00edt. A DLC fel\u00fclet a m\u00e1r ellen\u00e1ll\u00f3 M390MK ac\u00e9lon t\u00fal egy korr\u00f3zi\u00f3v\u00e9d\u0151 r\u00e9teget is hozz\u00e1ad.<\/p>\n<h3>Pr\u00e9mium komponensek<\/h3>\n<ul>\n<li>Bohler M390MK k\u00e9t\u00e9l\u0171 t\u0151rpenge DLC-bevonattal<\/li>\n<li>6061-T6 alum\u00ednium foganty\u00fa DLC Shadow bevonattal<\/li>\n<li>DLC-bevonat\u00fa hardver \u00e9s zsebcsipesz<\/li>\n<li>Fels\u0151re szerelt els\u00fct\u0151gomb a k\u00e9tkezes m\u0171k\u00f6d\u00e9shez<\/li>\n<li>Be\u00e9p\u00edtett \u00fcvegt\u00f6r\u0151<\/li>\n<li>Signature Series megjel\u00f6l\u00e9se<\/li>\n<\/ul>\n<h3>M\u0171szaki adatok<\/h3>\n<table class=\"shop_attributes\">\n<tbody>\n<tr>\n<td><strong>T\u00edpus<\/strong><\/td>\n<td>El\u00fcls\u0151 automata<\/td>\n<\/tr>\n<tr>\n<td><strong>Penge hossza<\/strong><\/td>\n<td>3,79&#8243;<\/td>\n<\/tr>\n<tr>\n<td><strong>Teljes hossz<\/strong><\/td>\n<td>9,40&#8243;<\/td>\n<\/tr>\n<tr>\n<td><strong>A foganty\u00fa hossza<\/strong><\/td>\n<td>5,50&#8243;<\/td>\n<\/tr>\n<tr>\n<td><strong>Ac\u00e9l penge<\/strong><\/td>\n<td>Bohler M390MK (DLC-bevonat\u00fa)<\/td>\n<\/tr>\n<tr>\n<td><strong>Kezel\u00e9si anyag<\/strong><\/td>\n<td>6061-T6 alum\u00ednium (DLC \u00e1rny\u00e9k)<\/td>\n<\/tr>\n<tr>\n<td><strong>S\u00faly<\/strong><\/td>\n<td>4,60 uncia<\/td>\n<\/tr>\n<tr>\n<td><strong>Penge st\u00edlus<\/strong><\/td>\n<td>T\u0151r \/ Double Edge (D\/E)<\/td>\n<\/tr>\n<tr>\n<td><strong>Peng\u00e9k kik\u00e9sz\u00edt\u00e9se<\/strong><\/td>\n<td>DLC Shadow<\/td>\n<\/tr>\n<tr>\n<td><strong>Hardver<\/strong><\/td>\n<td>DLC bevonattal<\/td>\n<\/tr>\n<tr>\n<td><strong>\u00c9let\u00edpus<\/strong><\/td>\n<td>Sima<\/td>\n<\/tr>\n<tr>\n<td><strong>Sorozat<\/strong><\/td>\n<td>Al\u00e1\u00edr\u00e1s-sorozat<\/td>\n<\/tr>\n<tr>\n<td><strong>Sz\u00e1rmaz\u00e1si orsz\u00e1g<\/strong><\/td>\n<td>USA<\/td>\n<\/tr>\n<\/tbody>\n<\/table>\n","protected":false},"excerpt":{"rendered":"<p>Dirac Delta Signature Series OTF automata teljes DLC-vel, \u00e1rny\u00e9kos fel\u00fclettel \u2013 DLC-bevonat\u00fa M390MK k\u00e9t\u00e9l\u0171 t\u0151rpenge \u00e9s DLC alum\u00ednium foganty\u00fa. Fel\u00fclre szerelt els\u00fct\u0151gomb. 3,79 h\u00fcvelykes penge, 9,40 h\u00fcvelykes teljes, 4,6 uncia.<\/p>\n","protected":false},"featured_media":731700,"template":"","meta":{"_acf_changed":false},"product_brand":[15530],"product_cat":[15350,15997],"product_tag":[],"class_list":{"0":"post-732326","1":"product","2":"type-product","3":"status-publish","4":"has-post-thumbnail","6":"product_brand-microtech","7":"product_cat-knives-hu","8":"product_cat-otf-knives-hu","10":"first","11":"outofstock","12":"taxable","13":"shipping-taxable","14":"purchasable","15":"product-type-simple"},"acf":[],"_links":{"self":[{"href":"https:\/\/nbg.eu\/hu\/wp-json\/wp\/v2\/product\/732326","targetHints":{"allow":["GET"]}}],"collection":[{"href":"https:\/\/nbg.eu\/hu\/wp-json\/wp\/v2\/product"}],"about":[{"href":"https:\/\/nbg.eu\/hu\/wp-json\/wp\/v2\/types\/product"}],"wp:featuredmedia":[{"embeddable":true,"href":"https:\/\/nbg.eu\/hu\/wp-json\/wp\/v2\/media\/731700"}],"wp:attachment":[{"href":"https:\/\/nbg.eu\/hu\/wp-json\/wp\/v2\/media?parent=732326"}],"wp:term":[{"taxonomy":"product_brand","embeddable":true,"href":"https:\/\/nbg.eu\/hu\/wp-json\/wp\/v2\/product_brand?post=732326"},{"taxonomy":"product_cat","embeddable":true,"href":"https:\/\/nbg.eu\/hu\/wp-json\/wp\/v2\/product_cat?post=732326"},{"taxonomy":"product_tag","embeddable":true,"href":"https:\/\/nbg.eu\/hu\/wp-json\/wp\/v2\/product_tag?post=732326"}],"curies":[{"name":"wp","href":"https:\/\/api.w.org\/{rel}","templated":true}]}}