{"id":732327,"date":"2026-03-13T17:33:20","date_gmt":"2026-03-13T14:33:20","guid":{"rendered":"https:\/\/nbg.eu\/product\/microtech-6-utility-knife-stonewash-titanium-bolster-black-g-10-2\/"},"modified":"2026-03-16T12:42:22","modified_gmt":"2026-03-16T09:42:22","slug":"microtech-6-utility-knife-stonewash-titanium-bolster-black-g-10-2","status":"publish","type":"product","link":"https:\/\/nbg.eu\/hu\/termek\/microtech-6-utility-knife-stonewash-titanium-bolster-black-g-10-2\/","title":{"rendered":"Microtech 6&#8243;-os haszn\u00e1lati k\u00e9s Stonewash Titanium Bolster fekete G-10"},"content":{"rendered":"<h2>\u00c1ttekint\u00e9s<\/h2>\n<p>A Microtech 6&#8243; Utility Knife ugyanazt a kompromisszumok n\u00e9lk\u00fcli min\u0151s\u00e9get \u00e9s prec\u00edzi\u00f3s tervez\u00e9st hozza el a kulin\u00e1ris vil\u00e1gba, mint a Microtech taktikai k\u00e9sei. Ez a haszonk\u00e9s \u00e1thidalja a szakad\u00e9kot a v\u00e1g\u00f3k\u00e9s \u00e9s a szak\u00e1csk\u00e9s k\u00f6z\u00f6tt karcs\u00fa, de massz\u00edv, 6 h\u00fcvelykes z\u00f6lds\u00e9g- \u00e9s z\u00f6lds\u00e9gpeng\u00e9j\u00e9vel, M3-mal, 0-val. p\u00e9k\u00e1ruk, amelyek t\u00fal nagyok a kisebb k\u00e9sekhez A k\u0151mos\u00f3 fel\u00fclet \u00e9lelmiszer-biztons\u00e1gos, csillog\u00f3 fel\u00fcletet biztos\u00edt, kiv\u00e1l\u00f3 korr\u00f3zi\u00f3\u00e1ll\u00f3s\u00e1ggal, m\u00edg a tit\u00e1n t\u00e1maszt\u00e9kok \u00e9s a fekete G-10 foganty\u00fa professzion\u00e1lis fog\u00e1st biztos\u00edt, amely m\u00e9g nedves \u00e1llapotban is biztons\u00e1gos marad.<\/p>\n<h3>M390MK kulin\u00e1ris penge<\/h3>\n<p>Ugyanaz a Bohler M390MK ac\u00e9l, amelyet a Microtech taktikai k\u00e9sei is haszn\u00e1lnak, borotva\u00e9les \u00e9ltart\u00e1st, kiv\u00e9teles korr\u00f3zi\u00f3\u00e1ll\u00f3s\u00e1got \u00e9s k\u00f6nny\u0171 \u00fajra\u00e9lez\u00e9st biztos\u00edt az \u00e9vekig tart\u00f3 professzion\u00e1lis konyhai haszn\u00e1lathoz.<\/p>\n<h3>Tit\u00e1n t\u00e1maszt\u00e9k \u00e9p\u00edt\u00e9se<\/h3>\n<p>A gy\u00f6ngyf\u00favott 6AL-4V tit\u00e1n t\u00e1maszt\u00e9kok k\u00e9nyelmes, kiegyens\u00falyozott \u00e9rz\u00e9st biztos\u00edtanak, term\u00e9szetes \u00e1tmenettel a foganty\u00fa \u00e9s a penge k\u00f6z\u00f6tt. A tit\u00e1n gyakorlatilag semmilyen s\u00falyt nem ad, mik\u00f6zben kiv\u00e9teles tart\u00f3ss\u00e1got biztos\u00edt.<\/p>\n<h3>G-10 foganty\u00fas m\u00e9rlegek<\/h3>\n<p>A fekete G-10 kompozit foganty\u00fas m\u00e9rlegek nem eresztik \u00e1t a nedvess\u00e9get, a h\u0151t \u00e9s a professzion\u00e1lis konyh\u00e1kban tal\u00e1lhat\u00f3 vegyszereket, \u00edgy higi\u00e9nikus \u00e9s tart\u00f3s markolatfel\u00fcletet biztos\u00edtanak.<\/p>\n<h3>Pr\u00e9mium komponensek<\/h3>\n<ul>\n<li>Bohler M390MK penge lapos csiszol\u00e1ssal \u00e9s k\u0151mos\u00e1s fel\u00fclettel<\/li>\n<li>gy\u00f6ngyf\u00favott 6AL-4V tit\u00e1n t\u00e1maszt\u00e9kok<\/li>\n<li>Fekete G-10 markolatm\u00e9rleg<\/li>\n<li>\u00c9lelmiszer-biztons\u00e1gos korr\u00f3zi\u00f3\u00e1ll\u00f3 konstrukci\u00f3<\/li>\n<li>\u00c9letre sz\u00f3l\u00f3 garancia<\/li>\n<\/ul>\n<h3>M\u0171szaki adatok<\/h3>\n<table class=\"shop_attributes\">\n<tbody>\n<tr>\n<td><strong>T\u00edpus<\/strong><\/td>\n<td>R\u00f6gz\u00edtett penge (kulin\u00e1ris)<\/td>\n<\/tr>\n<tr>\n<td><strong>Penge hossza<\/strong><\/td>\n<td>6,00&#8243;<\/td>\n<\/tr>\n<tr>\n<td><strong>Teljes hossz<\/strong><\/td>\n<td>10,54&#8243;<\/td>\n<\/tr>\n<tr>\n<td><strong>Ac\u00e9l penge<\/strong><\/td>\n<td>Bohler M390MK<\/td>\n<\/tr>\n<tr>\n<td><strong>Peng\u00e9k kik\u00e9sz\u00edt\u00e9se<\/strong><\/td>\n<td>Stonewash<\/td>\n<\/tr>\n<tr>\n<td><strong>Pengecsiszol\u00e1s<\/strong><\/td>\n<td>S\u00edk<\/td>\n<\/tr>\n<tr>\n<td><strong>Kezel\u00e9si anyag<\/strong><\/td>\n<td>Fekete G-10 tit\u00e1n t\u00e1maszt\u00e9kkal<\/td>\n<\/tr>\n<tr>\n<td><strong>T\u00e1mogat\u00f3 anyag<\/strong><\/td>\n<td>gy\u00f6ngyf\u00favott 6AL-4V tit\u00e1n<\/td>\n<\/tr>\n<tr>\n<td><strong>S\u00faly<\/strong><\/td>\n<td>4,54 uncia<\/td>\n<\/tr>\n<tr>\n<td><strong>Sz\u00e1rmaz\u00e1si orsz\u00e1g<\/strong><\/td>\n<td>USA<\/td>\n<\/tr>\n<\/tbody>\n<\/table>\n","protected":false},"excerpt":{"rendered":"<p>Microtech 6 h\u00fcvelykes konyhai k\u00e9s k\u0151mos\u00f3 M390MK peng\u00e9vel, tit\u00e1n t\u00e1maszt\u00e9kokkal \u00e9s fekete G-10 ny\u00e9llel. \u00c1thidalja a szakad\u00e9kot a v\u00e1g\u00f3k\u00e9s \u00e9s a szak\u00e1csk\u00e9s k\u00f6z\u00f6tt. 6,00 h\u00fcvelykes penge, 10,54 h\u00fcvelykes teljes, 4,54 uncia.<\/p>\n","protected":false},"featured_media":731704,"template":"","meta":{"_acf_changed":false},"product_brand":[15530],"product_cat":[15861,15350],"product_tag":[],"class_list":{"0":"post-732327","1":"product","2":"type-product","3":"status-publish","4":"has-post-thumbnail","6":"product_brand-microtech","7":"product_cat-fixed-blade-knives-hu","8":"product_cat-knives-hu","10":"first","11":"outofstock","12":"taxable","13":"shipping-taxable","14":"purchasable","15":"product-type-simple"},"acf":[],"_links":{"self":[{"href":"https:\/\/nbg.eu\/hu\/wp-json\/wp\/v2\/product\/732327","targetHints":{"allow":["GET"]}}],"collection":[{"href":"https:\/\/nbg.eu\/hu\/wp-json\/wp\/v2\/product"}],"about":[{"href":"https:\/\/nbg.eu\/hu\/wp-json\/wp\/v2\/types\/product"}],"wp:featuredmedia":[{"embeddable":true,"href":"https:\/\/nbg.eu\/hu\/wp-json\/wp\/v2\/media\/731704"}],"wp:attachment":[{"href":"https:\/\/nbg.eu\/hu\/wp-json\/wp\/v2\/media?parent=732327"}],"wp:term":[{"taxonomy":"product_brand","embeddable":true,"href":"https:\/\/nbg.eu\/hu\/wp-json\/wp\/v2\/product_brand?post=732327"},{"taxonomy":"product_cat","embeddable":true,"href":"https:\/\/nbg.eu\/hu\/wp-json\/wp\/v2\/product_cat?post=732327"},{"taxonomy":"product_tag","embeddable":true,"href":"https:\/\/nbg.eu\/hu\/wp-json\/wp\/v2\/product_tag?post=732327"}],"curies":[{"name":"wp","href":"https:\/\/api.w.org\/{rel}","templated":true}]}}