{"id":733554,"date":"2026-03-24T13:39:50","date_gmt":"2026-03-24T10:39:50","guid":{"rendered":"https:\/\/nbg.eu\/product\/bergara-bmr-tar-22wm-17hmr-10-loszeres\/"},"modified":"2026-04-02T14:28:41","modified_gmt":"2026-04-02T11:28:41","slug":"bergara-bmr-tar-22wm-17hmr-10-loszeres","status":"publish","type":"product","link":"https:\/\/nbg.eu\/hu\/termek\/bergara-bmr-tar-22wm-17hmr-10-loszeres\/","title":{"rendered":"Bergara BMR T\u00e1r 22WM\/17HMR 10 l\u0151szeres"},"content":{"rendered":"<h2>Bergara BMR Magazine<\/h2>\n<p>P\u00f3tl\u00f3lagos t\u00e1r a Bergara BMR pusk\u00e1khoz .22 WMR \u00e9s .17 HMR kaliberben. Kompakt kialak\u00edt\u00e1s 10 t\u00f6lt\u00e9nyes kapacit\u00e1ssal.<\/p>\n<h3>T\u00f6bb kaliberes kompatibilit\u00e1s<\/h3>\n<p>A t\u00e1r kompatibilis az \u00f6sszes BMR-pusk\u00e1val .22 WMR \u00e9s .17 HMR kaliberben, lehet\u0151v\u00e9 t\u00e9ve a k\u00fcl\u00f6nb\u00f6z\u0151 konfigur\u00e1ci\u00f3k k\u00f6z\u00f6tti egyszer\u0171 v\u00e1lt\u00e1st.<\/p>\n<h3>Versenyra k\u00e9sz<\/h3>\n<p>A 10 t\u00f6lt\u00e9nyes t\u00e1r megfelel az NRL22 alaposzt\u00e1ly specifik\u00e1ci\u00f3inak, elegend\u0151 kapacit\u00e1st biztos\u00edtva a hivatalos l\u00f6v\u00e9szeti disszipl\u00edn\u00e1khoz tov\u00e1bbi m\u00f3dos\u00edt\u00e1sok n\u00e9lk\u00fcl.<\/p>\n<table class=\"product-specs\">\n<tbody>\n<tr>\n<th>Kompatibilit\u00e1s<\/th>\n<td>Bergara BMR .22 WMR \/ .17 HMR<\/td>\n<\/tr>\n<tr>\n<th>Kapacit\u00e1s<\/th>\n<td>10 rounds<\/td>\n<\/tr>\n<tr>\n<th>Anyag<\/th>\n<td>Polymer<\/td>\n<\/tr>\n<\/tbody>\n<\/table>\n","protected":false},"excerpt":{"rendered":"<p>Eredeti 10-l\u0151szeres slim-line Bergara t\u00e1r BMR pusk\u00e1khoz. Kompatibilis .22 WMR \u00e9s .17 HMR kaliberrel. K\u00f6nny\u0171 polimer szerkezet megb\u00edzhat\u00f3 adagol\u00e1shoz versenyeken \u00e9s vad\u00e1szaton.<\/p>\n","protected":false},"featured_media":733555,"template":"","meta":{"_acf_changed":false},"product_brand":[16012],"product_cat":[12974],"product_tag":[],"class_list":{"0":"post-733554","1":"product","2":"type-product","3":"status-publish","4":"has-post-thumbnail","6":"product_brand-bergara","7":"product_cat-puska-tarak","9":"first","10":"instock","11":"taxable","12":"shipping-taxable","13":"purchasable","14":"product-type-simple"},"acf":[],"_links":{"self":[{"href":"https:\/\/nbg.eu\/hu\/wp-json\/wp\/v2\/product\/733554","targetHints":{"allow":["GET"]}}],"collection":[{"href":"https:\/\/nbg.eu\/hu\/wp-json\/wp\/v2\/product"}],"about":[{"href":"https:\/\/nbg.eu\/hu\/wp-json\/wp\/v2\/types\/product"}],"wp:featuredmedia":[{"embeddable":true,"href":"https:\/\/nbg.eu\/hu\/wp-json\/wp\/v2\/media\/733555"}],"wp:attachment":[{"href":"https:\/\/nbg.eu\/hu\/wp-json\/wp\/v2\/media?parent=733554"}],"wp:term":[{"taxonomy":"product_brand","embeddable":true,"href":"https:\/\/nbg.eu\/hu\/wp-json\/wp\/v2\/product_brand?post=733554"},{"taxonomy":"product_cat","embeddable":true,"href":"https:\/\/nbg.eu\/hu\/wp-json\/wp\/v2\/product_cat?post=733554"},{"taxonomy":"product_tag","embeddable":true,"href":"https:\/\/nbg.eu\/hu\/wp-json\/wp\/v2\/product_tag?post=733554"}],"curies":[{"name":"wp","href":"https:\/\/api.w.org\/{rel}","templated":true}]}}