{"id":733755,"date":"2026-03-24T13:39:57","date_gmt":"2026-03-24T10:39:57","guid":{"rendered":"https:\/\/nbg.eu\/product\/bergara-b14-hmr-24-308-win\/"},"modified":"2026-04-02T14:30:53","modified_gmt":"2026-04-02T11:30:53","slug":"bergara-b14-hmr-24-308-win","status":"publish","type":"product","link":"https:\/\/nbg.eu\/hu\/termek\/bergara-b14-hmr-24-308-win\/","title":{"rendered":"Bergara B14 HMR 24&#8243; .308 Win"},"content":{"rendered":"<h2>Bergara B14 HMR 24&#8243; .308 Win<\/h2>\n<p>A Bergara B14 HMR .308 Win kaliberben egy 24&#8243;-os cs\u00f6v\u0171 ism\u00e9tl\u0151puska integr\u00e1lt alum\u00ednium mini-v\u00e1zszerkezettel. Ide\u00e1lis hossz\u00fa sorozatokhoz \u00e9s nagy t\u00e1vols\u00e1g\u00fa prec\u00edzi\u00f3s l\u00f6v\u00e9szethez.<\/p>\n<h3>Integr\u00e1lt alum\u00ednium mini-v\u00e1z<\/h3>\n<p>A m\u0171anyag tus be\u00e9p\u00edtett alum\u00ednium mini-v\u00e1zat tartalmaz, ami merev \u00e9s k\u00f6vetkezetes platformot biztos\u00edt az optim\u00e1lis pontoss\u00e1ghoz. Az er\u0151s szerkezet cs\u00f6kkenti a l\u00f6v\u00e9skor keletkez\u0151 rezg\u00e9seket.<\/p>\n<h3>Prec\u00edzi\u00f3s cs\u0151 kiv\u00e1l\u00f3 min\u0151s\u00e9g\u0171 ac\u00e9lb\u00f3l<\/h3>\n<p>A 24&#8243;-os 4140 CrMo ac\u00e9lb\u00f3l k\u00e9sz\u00fclt, 21,2 mm \u00e1tm\u00e9r\u0151j\u0171, M18x1 torkolati menettel ell\u00e1tott cs\u0151 kiv\u00e1l\u00f3 ballisztikai teljes\u00edtm\u00e9nyt ny\u00fajt nagy t\u00e1vols\u00e1g\u00fa prec\u00edzi\u00f3s l\u00f6v\u00e9szethez.<\/p>\n<h3>Bergara Performance ravasz<\/h3>\n<p>Gy\u00e1rilag kb. 1,4 kg-ra be\u00e1ll\u00edtva, a ravasz kompatibilis a Remington 700-zal \u00e9s hatsz\u00f6g\u0171 kulccsal \u00e1ll\u00edthat\u00f3. Tiszta \u00e9s kisz\u00e1m\u00edthat\u00f3 kiold\u00e1st biztos\u00edt a prec\u00edzi\u00f3s l\u00f6v\u00e9szethez.<\/p>\n<table>\n<tbody>\n<tr>\n<td>Kaliberm\u00e9ret<\/td>\n<td>.308 Winchester<\/td>\n<\/tr>\n<tr>\n<td>Szerkezet<\/td>\n<td>Bolt Action (B14)<\/td>\n<\/tr>\n<tr>\n<td>Cs\u0151anyag<\/td>\n<td>4140 CrMo Steel<\/td>\n<\/tr>\n<tr>\n<td>Cs\u0151hossz<\/td>\n<td>24&#8243; (61 cm)<\/td>\n<\/tr>\n<tr>\n<td>Cs\u0151\u00e1tm\u00e9r\u0151<\/td>\n<td>21.2 mm<\/td>\n<\/tr>\n<tr>\n<td>Huzagol\u00e1s<\/td>\n<td>1:10&#8243;<\/td>\n<\/tr>\n<tr>\n<td>Cs\u0151torkolati menet<\/td>\n<td>M18x1<\/td>\n<\/tr>\n<tr>\n<td>Teljes hossz<\/td>\n<td>115 cm (45.3&#8243;)<\/td>\n<\/tr>\n<tr>\n<td>T\u00f6meg<\/td>\n<td>4.52 kg<\/td>\n<\/tr>\n<tr>\n<td>T\u00e1r<\/td>\n<td>5-round AICS detachable<\/td>\n<\/tr>\n<tr>\n<td>Agyazat<\/td>\n<td>Synthetic with integrated mini-chassis<\/td>\n<\/tr>\n<tr>\n<td>Gy\u00e1rt\u00f3<\/td>\n<td>Bergara, Spain<\/td>\n<\/tr>\n<\/tbody>\n<\/table>\n","protected":false},"excerpt":{"rendered":"<p>A Bergara B14 HMR .308 Win \u00f6tv\u00f6zi a versenyprecizit\u00e1st a vad\u00e1sztart\u00f3ss\u00e1ggal. 24&#8243; 4140 CrMo cs\u0151, be\u00e9p\u00edtett alum\u00ednium mini-alv\u00e1z \u00e9s \u00e1ll\u00edthat\u00f3 Bergara Performance els\u00fct\u0151szerkezet garant\u00e1lj\u00e1k az 1 MOA alatti pontoss\u00e1got.<\/p>\n","protected":false},"featured_media":733756,"template":"","meta":{"_acf_changed":false},"product_brand":[16012],"product_cat":[16048,12967],"product_tag":[],"class_list":{"0":"post-733755","1":"product","2":"type-product","3":"status-publish","4":"has-post-thumbnail","6":"product_brand-bergara","7":"product_cat-bolt-action-rifles-hu","8":"product_cat-puska","10":"first","11":"outofstock","12":"taxable","13":"shipping-taxable","14":"product-type-simple"},"acf":[],"_links":{"self":[{"href":"https:\/\/nbg.eu\/hu\/wp-json\/wp\/v2\/product\/733755","targetHints":{"allow":["GET"]}}],"collection":[{"href":"https:\/\/nbg.eu\/hu\/wp-json\/wp\/v2\/product"}],"about":[{"href":"https:\/\/nbg.eu\/hu\/wp-json\/wp\/v2\/types\/product"}],"wp:featuredmedia":[{"embeddable":true,"href":"https:\/\/nbg.eu\/hu\/wp-json\/wp\/v2\/media\/733756"}],"wp:attachment":[{"href":"https:\/\/nbg.eu\/hu\/wp-json\/wp\/v2\/media?parent=733755"}],"wp:term":[{"taxonomy":"product_brand","embeddable":true,"href":"https:\/\/nbg.eu\/hu\/wp-json\/wp\/v2\/product_brand?post=733755"},{"taxonomy":"product_cat","embeddable":true,"href":"https:\/\/nbg.eu\/hu\/wp-json\/wp\/v2\/product_cat?post=733755"},{"taxonomy":"product_tag","embeddable":true,"href":"https:\/\/nbg.eu\/hu\/wp-json\/wp\/v2\/product_tag?post=733755"}],"curies":[{"name":"wp","href":"https:\/\/api.w.org\/{rel}","templated":true}]}}