{"id":734313,"date":"2026-03-24T13:40:18","date_gmt":"2026-03-24T10:40:18","guid":{"rendered":"https:\/\/nbg.eu\/product\/bergara-b14-aics-tar-short-action-10-loszeres\/"},"modified":"2026-04-02T14:37:33","modified_gmt":"2026-04-02T11:37:33","slug":"bergara-b14-aics-tar-short-action-10-loszeres","status":"publish","type":"product","link":"https:\/\/nbg.eu\/hu\/termek\/bergara-b14-aics-tar-short-action-10-loszeres\/","title":{"rendered":"Bergara B14 AICS T\u00e1r Short Action 10 l\u0151szeres"},"content":{"rendered":"<h2>Bergara B14 AICS Magazine Short Action 10-Round<\/h2>\n<p>Eredeti 10-l\u0151szeres AICS t\u00e1r B14 HMR-hez. Kompatibilis 6.5 Creedmoor \u00e9s .308 Win.<\/p>\n<table class=\"product-specs\">\n<tbody>\n<tr>\n<th>Kaliber<\/th>\n<td>6.5 Creedmoor \/ .308 Win<\/td>\n<\/tr>\n<tr>\n<th>T\u00e1r kapacit\u00e1sa<\/th>\n<td>10 rounds<\/td>\n<\/tr>\n<tr>\n<th>Platform<\/th>\n<td>Bergara B14 Short Action (AICS)<\/td>\n<\/tr>\n<tr>\n<th>Anyag<\/th>\n<td>Polyamide<\/td>\n<\/tr>\n<tr>\n<th>Manufacturer<\/th>\n<td>Bergara, Spain<\/td>\n<\/tr>\n<\/tbody>\n<\/table>\n","protected":false},"excerpt":{"rendered":"<p>Eredeti 10-l\u0151szeres slim-line Bergara t\u00e1r B14 AICS Short Action pusk\u00e1khoz. Kompatibilis 6.5 Creedmoor, .308 Win kaliberrel. K\u00f6nny\u0171 polimer szerkezet megb\u00edzhat\u00f3 adagol\u00e1shoz versenyeken \u00e9s vad\u00e1szaton.<\/p>\n","protected":false},"featured_media":734314,"template":"","meta":{"_acf_changed":false},"product_brand":[16012],"product_cat":[12974],"product_tag":[],"class_list":{"0":"post-734313","1":"product","2":"type-product","3":"status-publish","4":"has-post-thumbnail","6":"product_brand-bergara","7":"product_cat-puska-tarak","9":"first","10":"instock","11":"taxable","12":"shipping-taxable","13":"purchasable","14":"product-type-simple"},"acf":[],"_links":{"self":[{"href":"https:\/\/nbg.eu\/hu\/wp-json\/wp\/v2\/product\/734313","targetHints":{"allow":["GET"]}}],"collection":[{"href":"https:\/\/nbg.eu\/hu\/wp-json\/wp\/v2\/product"}],"about":[{"href":"https:\/\/nbg.eu\/hu\/wp-json\/wp\/v2\/types\/product"}],"wp:featuredmedia":[{"embeddable":true,"href":"https:\/\/nbg.eu\/hu\/wp-json\/wp\/v2\/media\/734314"}],"wp:attachment":[{"href":"https:\/\/nbg.eu\/hu\/wp-json\/wp\/v2\/media?parent=734313"}],"wp:term":[{"taxonomy":"product_brand","embeddable":true,"href":"https:\/\/nbg.eu\/hu\/wp-json\/wp\/v2\/product_brand?post=734313"},{"taxonomy":"product_cat","embeddable":true,"href":"https:\/\/nbg.eu\/hu\/wp-json\/wp\/v2\/product_cat?post=734313"},{"taxonomy":"product_tag","embeddable":true,"href":"https:\/\/nbg.eu\/hu\/wp-json\/wp\/v2\/product_tag?post=734313"}],"curies":[{"name":"wp","href":"https:\/\/api.w.org\/{rel}","templated":true}]}}