{"id":74008,"date":"2024-01-30T18:02:27","date_gmt":"2024-01-30T18:02:27","guid":{"rendered":"https:\/\/nbg.eu\/product\/holosun-hs403b\/"},"modified":"2026-05-13T16:03:13","modified_gmt":"2026-05-13T13:03:13","slug":"holosun-hs403b","status":"publish","type":"product","link":"https:\/\/nbg.eu\/hu\/termek\/holosun-hs403b\/","title":{"rendered":"Holosun HS403B"},"content":{"rendered":"<div class=\"product-description\">\n<h2>Holosun HS403B Mikro V\u00f6r\u00f6s Pont Ir\u00e1nyz\u00e9k<\/h2>\n<p>A Holosun HS403B egy 20 mm-es mikro ir\u00e1nyz\u00e9k pusk\u00e1khoz \u00e9s karab\u00e9lyokhoz. Jellemz\u0151i:<\/p>\n<ul>\n<li>V\u00f6r\u00f6s LED 50 000 \u00f3r\u00e1s akkumul\u00e1tor \u00e9lettartammal<\/li>\n<li>10 nappali \u00e9s 2 \u00e9jjell\u00e1t\u00f3 kompatibilis c\u00e9lkereszt be\u00e1ll\u00edt\u00e1s<\/li>\n<li>6061 alum\u00ednium h\u00e1z<\/li>\n<li>Als\u00f3 1\/3 egy\u00fcttl\u00e1t\u00f3 szerel\u00e9k (1,63&#8243;) \u00e9s alacsony szerel\u00e9k (0,75&#8243;) mell\u00e9kelve<\/li>\n<li>Shake Awake technol\u00f3gia a hosszabb akkumul\u00e1tor \u00e9lettartam\u00e9rt<\/li>\n<li>Digit\u00e1lis gombok a k\u00f6nny\u0171 be\u00e1ll\u00edt\u00e1shoz<\/li>\n<li>Gumi lencsev\u00e9d\u0151k<\/li>\n<li>Oldals\u00f3 2032-es elemtart\u00f3 a k\u00f6nny\u0171 cser\u00e9hez<\/li>\n<\/ul>\n<p>Az HS403B minden szint\u0171 l\u00f6v\u00e9sz sz\u00e1m\u00e1ra alkalmas. IP67 szabv\u00e1ny szerint v\u00edz\u00e1ll\u00f3 \u00e9s k\u00e9pes ellen\u00e1llni 1000G rezg\u00e9snek, \u00edgy b\u00e1rmilyen k\u00f6r\u00fclm\u00e9nyek k\u00f6z\u00f6tt haszn\u00e1lhat\u00f3.<\/p>\n<\/div>\n","protected":false},"excerpt":{"rendered":"<p>Kompakt 20 mm-es piros pontos ir\u00e1nyz\u00e9k 50 ezer \u00f3r\u00e1s akkumul\u00e1tor-\u00e9lettartammal \u00e9s sokoldal\u00fa r\u00f6gz\u00edt\u00e9si lehet\u0151s\u00e9gekkel.<\/p>\n","protected":false},"featured_media":72266,"template":"","meta":{"_acf_changed":false},"product_brand":[11432],"product_cat":[12918,12939,12927],"product_tag":[],"class_list":{"0":"post-74008","1":"product","2":"type-product","3":"status-publish","4":"has-post-thumbnail","6":"product_brand-holosun","7":"product_cat-celzas","8":"product_cat-piros-pontok","9":"product_cat-puska-pontok","11":"first","12":"instock","13":"taxable","14":"shipping-taxable","15":"purchasable","16":"product-type-simple"},"acf":[],"_links":{"self":[{"href":"https:\/\/nbg.eu\/hu\/wp-json\/wp\/v2\/product\/74008","targetHints":{"allow":["GET"]}}],"collection":[{"href":"https:\/\/nbg.eu\/hu\/wp-json\/wp\/v2\/product"}],"about":[{"href":"https:\/\/nbg.eu\/hu\/wp-json\/wp\/v2\/types\/product"}],"wp:featuredmedia":[{"embeddable":true,"href":"https:\/\/nbg.eu\/hu\/wp-json\/wp\/v2\/media\/72266"}],"wp:attachment":[{"href":"https:\/\/nbg.eu\/hu\/wp-json\/wp\/v2\/media?parent=74008"}],"wp:term":[{"taxonomy":"product_brand","embeddable":true,"href":"https:\/\/nbg.eu\/hu\/wp-json\/wp\/v2\/product_brand?post=74008"},{"taxonomy":"product_cat","embeddable":true,"href":"https:\/\/nbg.eu\/hu\/wp-json\/wp\/v2\/product_cat?post=74008"},{"taxonomy":"product_tag","embeddable":true,"href":"https:\/\/nbg.eu\/hu\/wp-json\/wp\/v2\/product_tag?post=74008"}],"curies":[{"name":"wp","href":"https:\/\/api.w.org\/{rel}","templated":true}]}}